{"id":299105,"date":"2024-04-24T09:10:12","date_gmt":"2024-04-24T09:10:12","guid":{"rendered":"https:\/\/occasions-teile.ch\/product\/nissan-qashqai-kotfluegel-vorn\/"},"modified":"2024-05-26T00:10:01","modified_gmt":"2024-05-26T00:10:01","slug":"nissan-qashqai-kotfluegel-vorn","status":"publish","type":"product","link":"https:\/\/occasions-teile.ch\/fr\/produkt\/nissan-qashqai-kotfluegel-vorn\/","title":{"rendered":"Nissan Qashqai  Kotfl\u00fcgel vorn"},"content":{"rendered":"<p><span><b>Technische Daten<\/b><\/p>\n<p> Fahrzeug: Nissan Qashqai<br \/>\n Chassis Nr.: 3273 YF<br \/>\n Baujahr: 2016<br \/>\n Kilometer: 18600 KM<br \/>\n Leistung: 115 KW<br \/>\n Hubraum: 1197 ccm<br \/>\n Typ: 1NA851<br \/>\n Farbcode: silber<br \/>\n Hinweise: &#8211;<\/p>\n<p> Versand: Versand nur in der Schweiz m\u00f6glich.Im Ausland ist der Transport k\u00e4uferseits.<br \/>\n Garantie: 3 Monate Garantie. Bitte beachten Sie, dass die Gew\u00e4hrleistung nur g\u00fcltig ist, wenn der Ersatzteileinbau durch eine Fachwerkstatt\/Meisterwerkstatt erfolgt. Das Ein- und Ausbau des Ersatzteiles kann nicht an uns verrechnet werden. <\/p>\n<p> Ersatzteil: f\u00fcr andere Fahrzeugen (Marken) verf\u00fcgbar auf anfrage. Tel.041 980 27 47. Mobil. 076 589 27 47<\/p>\n<p> Kontakt<br \/>\n  Adresse: Autoverwertung Brun AG<br \/>\n           M\u00f6\u00f6slimatten 13<br \/>\n           6218 Ettiswil<br \/>\n  Telefon: 0041 (041) 980 27 47<br \/>\n  Telefax: 0041 (041) 980 03 47<\/p>\n<p> Wir bieten Ihnen weitere gebrauchte Autoteile zum Kauf an.<br \/>\n Tags: Kotfl\u00fcgel vorn, Mudguard fore, Ailes avant<br \/>\n<\/span><\/p>\n","protected":false},"excerpt":{"rendered":"<p>Technische Daten Fahrzeug: Nissan Qashqai Chassis Nr.: 3273 YF Baujahr: 2016 Kilometer: 18600 KM Leistung: 115 KW Hubraum: 1197 ccm Typ: 1NA851 Farbcode: silber Hinweise: &#8211; Versand: Versand nur in der Schweiz m\u00f6glich.Im Ausland ist der Transport k\u00e4uferseits. Garantie: 3 Monate Garantie. Bitte beachten Sie, dass die Gew\u00e4hrleistung nur g\u00fcltig ist, wenn der Ersatzteileinbau durch&hellip; <a class=\"more-link\" href=\"https:\/\/occasions-teile.ch\/fr\/produkt\/nissan-qashqai-kotfluegel-vorn\/\">Poursuivre la lecture <span class=\"screen-reader-text\">Nissan Qashqai  Kotfl\u00fcgel vorn<\/span><\/a><\/p>\n","protected":false},"featured_media":299102,"template":"","meta":[],"product_brand":[],"product_cat":[982,983,515,518,980,18732,23635,512,978,979,981,1751,1754,1757,2041,2043,2045,2042,2044,2040],"product_tag":[],"class_list":{"0":"post-299105","1":"product","2":"type-product","3":"status-publish","4":"has-post-thumbnail","6":"product_cat-fr-aile","7":"product_cat-fr-ailes-avant","8":"product_cat-en-body-front","9":"product_cat-fr-carrosserie-front","10":"product_cat-en-fender","11":"product_cat-de-j11-1-2-dig-t-de_qashqai-de_nissan-manufacturer-5","12":"product_cat-de-j11-1-2-dig-t-de_qashqai-de_nissan-manufacturer-19","13":"product_cat-de-karosserie-front","14":"product_cat-de-kotfluegel","15":"product_cat-de-kotfluegel-vorn","16":"product_cat-en-mudguard-fore","17":"product_cat-de_nissan","18":"product_cat-en_nissan","19":"product_cat-fr_nissan","20":"product_cat-de_qashqai","21":"product_cat-en_qashqai","22":"product_cat-fr_qashqai","23":"product_cat-en-sjndeaj11u1368970","24":"product_cat-fr-sjndeaj11u1368970","25":"product_cat-de-sjndeaj11u1368970","26":"product_shipping_class-tarif-1","27":"entry","29":"first","30":"instock","31":"taxable","32":"shipping-taxable","33":"purchasable","34":"product-type-simple"},"jetpack_sharing_enabled":true,"_links":{"self":[{"href":"https:\/\/occasions-teile.ch\/fr\/wp-json\/wp\/v2\/product\/299105","targetHints":{"allow":["GET"]}}],"collection":[{"href":"https:\/\/occasions-teile.ch\/fr\/wp-json\/wp\/v2\/product"}],"about":[{"href":"https:\/\/occasions-teile.ch\/fr\/wp-json\/wp\/v2\/types\/product"}],"wp:featuredmedia":[{"embeddable":true,"href":"https:\/\/occasions-teile.ch\/fr\/wp-json\/wp\/v2\/media\/299102"}],"wp:attachment":[{"href":"https:\/\/occasions-teile.ch\/fr\/wp-json\/wp\/v2\/media?parent=299105"}],"wp:term":[{"taxonomy":"product_brand","embeddable":true,"href":"https:\/\/occasions-teile.ch\/fr\/wp-json\/wp\/v2\/product_brand?post=299105"},{"taxonomy":"product_cat","embeddable":true,"href":"https:\/\/occasions-teile.ch\/fr\/wp-json\/wp\/v2\/product_cat?post=299105"},{"taxonomy":"product_tag","embeddable":true,"href":"https:\/\/occasions-teile.ch\/fr\/wp-json\/wp\/v2\/product_tag?post=299105"}],"curies":[{"name":"wp","href":"https:\/\/api.w.org\/{rel}","templated":true}]}}