{"id":298824,"date":"2024-04-24T05:07:13","date_gmt":"2024-04-24T05:07:13","guid":{"rendered":"https:\/\/occasions-teile.ch\/product\/renault-clio-rueckleuchte-rechts-2\/"},"modified":"2024-05-28T09:17:14","modified_gmt":"2024-05-28T09:17:14","slug":"renault-clio-rueckleuchte-rechts-2","status":"publish","type":"product","link":"https:\/\/occasions-teile.ch\/fr\/produkt\/renault-clio-rueckleuchte-rechts-2\/","title":{"rendered":"Renault Clio  R\u00fcckleuchte rechts"},"content":{"rendered":"<p><span><b>Technische Daten<\/b><\/p>\n<p> Fahrzeug: Renault Clio<br \/>\n Chassis Nr.: VF15RB20A54114947<br \/>\n Baujahr: 2015<br \/>\n Kilometer: 86915 KM<br \/>\n Leistung: 90 KW<br \/>\n Hubraum: 898 ccm<br \/>\n Typ: 1RC251<br \/>\n Farbcode: rot<br \/>\n Hinweise: &#8211;<\/p>\n<p> Versand: Versand nur in der Schweiz m\u00f6glich.Im Ausland ist der Transport k\u00e4uferseits.<br \/>\n Garantie: 3 Monate Garantie. Bitte beachten Sie, dass die Gew\u00e4hrleistung nur g\u00fcltig ist, wenn der Ersatzteileinbau durch eine Fachwerkstatt\/Meisterwerkstatt erfolgt. Das Ein- und Ausbau des Ersatzteiles kann nicht an uns verrechnet werden. <\/p>\n<p> Ersatzteil: f\u00fcr andere Fahrzeugen (Marken) verf\u00fcgbar auf anfrage. Tel.041 980 27 47. Mobil. 076 589 27 47<\/p>\n<p> Kontakt<br \/>\n  Adresse: Autoverwertung Brun AG<br \/>\n           M\u00f6\u00f6slimatten 13<br \/>\n           6218 Ettiswil<br \/>\n  Telefon: 0041 (041) 980 27 47<br \/>\n  Telefax: 0041 (041) 980 03 47<\/p>\n<p> Wir bieten Ihnen weitere gebrauchte Autoteile zum Kauf an.<br \/>\n Tags: R\u00fcckleuchte rechts, Tail light right , Feu arrie`re droit<br \/>\n<\/span><\/p>\n","protected":false},"excerpt":{"rendered":"<p>Technische Daten Fahrzeug: Renault Clio Chassis Nr.: VF15RB20A54114947 Baujahr: 2015 Kilometer: 86915 KM Leistung: 90 KW Hubraum: 898 ccm Typ: 1RC251 Farbcode: rot Hinweise: &#8211; Versand: Versand nur in der Schweiz m\u00f6glich.Im Ausland ist der Transport k\u00e4uferseits. Garantie: 3 Monate Garantie. Bitte beachten Sie, dass die Gew\u00e4hrleistung nur g\u00fcltig ist, wenn der Ersatzteileinbau durch eine&hellip; <a class=\"more-link\" href=\"https:\/\/occasions-teile.ch\/fr\/produkt\/renault-clio-rueckleuchte-rechts-2\/\">Poursuivre la lecture <span class=\"screen-reader-text\">Renault Clio  R\u00fcckleuchte rechts<\/span><\/a><\/p>\n","protected":false},"featured_media":298821,"template":"","meta":[],"product_brand":[],"product_cat":[521,521,2446,2446,2446,1121,1127,23752,18662,521,2433,2433,2433,1121,1127,1127,1121,2118,2118,2118],"product_tag":[],"class_list":{"0":"post-298824","1":"product","2":"type-product","3":"status-publish","4":"has-post-thumbnail","6":"product_cat-de-karosserie-heck","8":"product_cat-de_clio","11":"product_cat-de-rueckleuchte","12":"product_cat-de-rueckleuchte-rechts","13":"product_cat-de-iv-bh-0-9-tce-de_clio-de_renault-manufacturer-25","14":"product_cat-de-iv-bh-0-9-tce-de_clio-de_renault-manufacturer-4","16":"product_cat-de_renault","23":"product_cat-de-vf15rb20a54114947-20000180","26":"product_shipping_class-tarif-1","27":"entry","29":"first","30":"instock","31":"taxable","32":"shipping-taxable","33":"purchasable","34":"product-type-simple"},"jetpack_sharing_enabled":true,"_links":{"self":[{"href":"https:\/\/occasions-teile.ch\/fr\/wp-json\/wp\/v2\/product\/298824","targetHints":{"allow":["GET"]}}],"collection":[{"href":"https:\/\/occasions-teile.ch\/fr\/wp-json\/wp\/v2\/product"}],"about":[{"href":"https:\/\/occasions-teile.ch\/fr\/wp-json\/wp\/v2\/types\/product"}],"wp:featuredmedia":[{"embeddable":true,"href":"https:\/\/occasions-teile.ch\/fr\/wp-json\/wp\/v2\/media\/298821"}],"wp:attachment":[{"href":"https:\/\/occasions-teile.ch\/fr\/wp-json\/wp\/v2\/media?parent=298824"}],"wp:term":[{"taxonomy":"product_brand","embeddable":true,"href":"https:\/\/occasions-teile.ch\/fr\/wp-json\/wp\/v2\/product_brand?post=298824"},{"taxonomy":"product_cat","embeddable":true,"href":"https:\/\/occasions-teile.ch\/fr\/wp-json\/wp\/v2\/product_cat?post=298824"},{"taxonomy":"product_tag","embeddable":true,"href":"https:\/\/occasions-teile.ch\/fr\/wp-json\/wp\/v2\/product_tag?post=298824"}],"curies":[{"name":"wp","href":"https:\/\/api.w.org\/{rel}","templated":true}]}}