{"id":298816,"date":"2024-04-24T05:00:18","date_gmt":"2024-04-24T05:00:18","guid":{"rendered":"https:\/\/occasions-teile.ch\/product\/ford-mustang-automatikgetriebe\/"},"modified":"2024-05-26T13:59:12","modified_gmt":"2024-05-26T13:59:12","slug":"ford-mustang-automatikgetriebe","status":"publish","type":"product","link":"https:\/\/occasions-teile.ch\/fr\/produkt\/ford-mustang-automatikgetriebe\/","title":{"rendered":"Ford Mustang  Automatikgetriebe"},"content":{"rendered":"<p><span><b>Technische Daten<\/b><\/p>\n<p> Fahrzeug: Ford Mustang<br \/>\n Chassis Nr.: 1ZVBP8AM5E5213991<br \/>\n Baujahr: 2013<br \/>\n Kilometer: 126171 KM<br \/>\n Leistung: 308 KW<br \/>\n Hubraum: 3731 ccm<br \/>\n Typ: x<br \/>\n Farbcode: White\/Weiss<br \/>\n Hinweise: &#8211;<\/p>\n<p> Versand: Versand nur in der Schweiz m\u00f6glich.Im Ausland ist der Transport k\u00e4uferseits.<br \/>\n Garantie: 3 Monate Garantie. Bitte beachten Sie, dass die Gew\u00e4hrleistung nur g\u00fcltig ist, wenn der Ersatzteileinbau durch eine Fachwerkstatt\/Meisterwerkstatt erfolgt. Das Ein- und Ausbau des Ersatzteiles kann nicht an uns verrechnet werden. <\/p>\n<p> Ersatzteil: f\u00fcr andere Fahrzeugen (Marken) verf\u00fcgbar auf anfrage. Tel.041 980 27 47. Mobil. 076 589 27 47<\/p>\n<p> Kontakt<br \/>\n  Adresse: Autoverwertung Brun AG<br \/>\n           M\u00f6\u00f6slimatten 13<br \/>\n           6218 Ettiswil<br \/>\n  Telefon: 0041 (041) 980 27 47<br \/>\n  Telefax: 0041 (041) 980 03 47<\/p>\n<p> Wir bieten Ihnen weitere gebrauchte Autoteile zum Kauf an.<br \/>\n Tags: Automatikgetriebe, Automatic transmission , Boi^te de vitesses automatique<br \/>\n<\/span><\/p>\n","protected":false},"excerpt":{"rendered":"<p>Technische Daten Fahrzeug: Ford Mustang Chassis Nr.: 1ZVBP8AM5E5213991 Baujahr: 2013 Kilometer: 126171 KM Leistung: 308 KW Hubraum: 3731 ccm Typ: x Farbcode: White\/Weiss Hinweise: &#8211; Versand: Versand nur in der Schweiz m\u00f6glich.Im Ausland ist der Transport k\u00e4uferseits. Garantie: 3 Monate Garantie. Bitte beachten Sie, dass die Gew\u00e4hrleistung nur g\u00fcltig ist, wenn der Ersatzteileinbau durch eine&hellip; <a class=\"more-link\" href=\"https:\/\/occasions-teile.ch\/fr\/produkt\/ford-mustang-automatikgetriebe\/\">Poursuivre la lecture <span class=\"screen-reader-text\">Ford Mustang  Automatikgetriebe<\/span><\/a><\/p>\n","protected":false},"featured_media":298813,"template":"","meta":[],"product_brand":[],"product_cat":[1772,1774,1770,18660,23656,1052,1053,1051,1050,1054,1055,1586,1589,1592,651,648,1771,1773,1775,654],"product_tag":[],"class_list":{"0":"post-298816","1":"product","2":"type-product","3":"status-publish","4":"has-post-thumbnail","6":"product_cat-en-1zvbp8am5e5213991","7":"product_cat-fr-1zvbp8am5e5213991","8":"product_cat-de-1zvbp8am5e5213991","9":"product_cat-de-3-7-de_mustang-de_ford-manufacturer-7","10":"product_cat-de-3-7-de_mustang-de_ford-manufacturer-35","11":"product_cat-en-automatic-transmission","12":"product_cat-en-automatic-transmission-en-automatic-transmission","13":"product_cat-de-automatikgetriebe-de-automatikgetriebe","14":"product_cat-de-automatikgetriebe","15":"product_cat-fr-boite-de-vitesses-automatique","16":"product_cat-fr-boite-de-vitesses-automatique-fr-boite-de-vitesses-automatique","17":"product_cat-de_ford","18":"product_cat-en_ford","19":"product_cat-fr_ford","20":"product_cat-en-gearbox-drive","21":"product_cat-de-getriebe-antrieb","22":"product_cat-de_mustang","23":"product_cat-en_mustang","24":"product_cat-fr_mustang","25":"product_cat-fr-transmission-entrainement","26":"product_shipping_class-tarif-3","27":"entry","29":"first","30":"instock","31":"taxable","32":"shipping-taxable","33":"purchasable","34":"product-type-simple"},"jetpack_sharing_enabled":true,"_links":{"self":[{"href":"https:\/\/occasions-teile.ch\/fr\/wp-json\/wp\/v2\/product\/298816","targetHints":{"allow":["GET"]}}],"collection":[{"href":"https:\/\/occasions-teile.ch\/fr\/wp-json\/wp\/v2\/product"}],"about":[{"href":"https:\/\/occasions-teile.ch\/fr\/wp-json\/wp\/v2\/types\/product"}],"wp:featuredmedia":[{"embeddable":true,"href":"https:\/\/occasions-teile.ch\/fr\/wp-json\/wp\/v2\/media\/298813"}],"wp:attachment":[{"href":"https:\/\/occasions-teile.ch\/fr\/wp-json\/wp\/v2\/media?parent=298816"}],"wp:term":[{"taxonomy":"product_brand","embeddable":true,"href":"https:\/\/occasions-teile.ch\/fr\/wp-json\/wp\/v2\/product_brand?post=298816"},{"taxonomy":"product_cat","embeddable":true,"href":"https:\/\/occasions-teile.ch\/fr\/wp-json\/wp\/v2\/product_cat?post=298816"},{"taxonomy":"product_tag","embeddable":true,"href":"https:\/\/occasions-teile.ch\/fr\/wp-json\/wp\/v2\/product_tag?post=298816"}],"curies":[{"name":"wp","href":"https:\/\/api.w.org\/{rel}","templated":true}]}}