{"id":298495,"date":"2024-04-23T23:36:06","date_gmt":"2024-04-23T23:36:06","guid":{"rendered":"https:\/\/occasions-teile.ch\/product\/fiat-punto-federn-hinten\/"},"modified":"2024-05-29T17:31:08","modified_gmt":"2024-05-29T17:31:08","slug":"fiat-punto-federn-hinten","status":"publish","type":"product","link":"https:\/\/occasions-teile.ch\/fr\/produkt\/fiat-punto-federn-hinten\/","title":{"rendered":"Fiat Punto  Federn hinten"},"content":{"rendered":"<p><span><b>Technische Daten<\/b><\/p>\n<p> Fahrzeug: Fiat Punto<br \/>\n Chassis Nr.: ZFA1990000P023879<br \/>\n Baujahr: 2014<br \/>\n Kilometer: 104375 KM<br \/>\n Leistung: 135 KW<br \/>\n Hubraum: 1368 ccm<br \/>\n Typ: 1FB787<br \/>\n Farbcode: White\/Weiss<br \/>\n Hinweise: &#8211;<\/p>\n<p> Versand: Versand nur in der Schweiz m\u00f6glich.Im Ausland ist der Transport k\u00e4uferseits.<br \/>\n Garantie: 3 Monate Garantie. Bitte beachten Sie, dass die Gew\u00e4hrleistung nur g\u00fcltig ist, wenn der Ersatzteileinbau durch eine Fachwerkstatt\/Meisterwerkstatt erfolgt. Das Ein- und Ausbau des Ersatzteiles kann nicht an uns verrechnet werden. <\/p>\n<p> Ersatzteil: f\u00fcr andere Fahrzeugen (Marken) verf\u00fcgbar auf anfrage. Tel.041 980 27 47. Mobil. 076 589 27 47<\/p>\n<p> Kontakt<br \/>\n  Adresse: Autoverwertung Brun AG<br \/>\n           M\u00f6\u00f6slimatten 13<br \/>\n           6218 Ettiswil<br \/>\n  Telefon: 0041 (041) 980 27 47<br \/>\n  Telefax: 0041 (041) 980 03 47<\/p>\n<p> Wir bieten Ihnen weitere gebrauchte Autoteile zum Kauf an.<br \/>\n Tags: Federn hinten, Spring Rear , Ressorts arrie`re<br \/>\n<\/span><\/p>\n","protected":false},"excerpt":{"rendered":"<p>Technische Daten Fahrzeug: Fiat Punto Chassis Nr.: ZFA1990000P023879 Baujahr: 2014 Kilometer: 104375 KM Leistung: 135 KW Hubraum: 1368 ccm Typ: 1FB787 Farbcode: White\/Weiss Hinweise: &#8211; Versand: Versand nur in der Schweiz m\u00f6glich.Im Ausland ist der Transport k\u00e4uferseits. Garantie: 3 Monate Garantie. Bitte beachten Sie, dass die Gew\u00e4hrleistung nur g\u00fcltig ist, wenn der Ersatzteileinbau durch eine&hellip; <a class=\"more-link\" href=\"https:\/\/occasions-teile.ch\/fr\/produkt\/fiat-punto-federn-hinten\/\">Poursuivre la lecture <span class=\"screen-reader-text\">Fiat Punto  Federn hinten<\/span><\/a><\/p>\n","protected":false},"featured_media":298492,"template":"","meta":[],"product_brand":[],"product_cat":[18576,23907,544,541,951,952,1377,1380,1383,1438,1440,1436,955,956,954,953,547,1437,1439,1435],"product_tag":[],"class_list":{"0":"post-298495","1":"product","2":"type-product","3":"status-publish","4":"has-post-thumbnail","6":"product_cat-de-1-4tb-16v-de_punto-de_fiat-manufacturer-10","7":"product_cat-de-1-4tb-16v-de_punto-de_fiat-manufacturer-27","8":"product_cat-en-chassis-steering","9":"product_cat-de-fahrwerk-lenkung","10":"product_cat-de-federn","11":"product_cat-de-federn-hinten","12":"product_cat-de_fiat","13":"product_cat-en_fiat","14":"product_cat-fr_fiat","15":"product_cat-en_punto","16":"product_cat-fr_punto","17":"product_cat-de_punto","18":"product_cat-fr-ressorts","19":"product_cat-fr-ressorts-arriere","20":"product_cat-en-spring-rear","21":"product_cat-en-springs","22":"product_cat-fr-train-de-roulement-direction","23":"product_cat-en-zfa1990000p023879","24":"product_cat-fr-zfa1990000p023879","25":"product_cat-de-zfa1990000p023879","26":"product_shipping_class-tarif-1","27":"entry","29":"first","30":"instock","31":"taxable","32":"shipping-taxable","33":"purchasable","34":"product-type-simple"},"jetpack_sharing_enabled":true,"_links":{"self":[{"href":"https:\/\/occasions-teile.ch\/fr\/wp-json\/wp\/v2\/product\/298495","targetHints":{"allow":["GET"]}}],"collection":[{"href":"https:\/\/occasions-teile.ch\/fr\/wp-json\/wp\/v2\/product"}],"about":[{"href":"https:\/\/occasions-teile.ch\/fr\/wp-json\/wp\/v2\/types\/product"}],"wp:featuredmedia":[{"embeddable":true,"href":"https:\/\/occasions-teile.ch\/fr\/wp-json\/wp\/v2\/media\/298492"}],"wp:attachment":[{"href":"https:\/\/occasions-teile.ch\/fr\/wp-json\/wp\/v2\/media?parent=298495"}],"wp:term":[{"taxonomy":"product_brand","embeddable":true,"href":"https:\/\/occasions-teile.ch\/fr\/wp-json\/wp\/v2\/product_brand?post=298495"},{"taxonomy":"product_cat","embeddable":true,"href":"https:\/\/occasions-teile.ch\/fr\/wp-json\/wp\/v2\/product_cat?post=298495"},{"taxonomy":"product_tag","embeddable":true,"href":"https:\/\/occasions-teile.ch\/fr\/wp-json\/wp\/v2\/product_tag?post=298495"}],"curies":[{"name":"wp","href":"https:\/\/api.w.org\/{rel}","templated":true}]}}