{"id":298335,"date":"2024-04-23T21:06:38","date_gmt":"2024-04-23T21:06:38","guid":{"rendered":"https:\/\/occasions-teile.ch\/product\/vw-golf-ablagefach\/"},"modified":"2024-05-28T15:13:14","modified_gmt":"2024-05-28T15:13:14","slug":"vw-golf-ablagefach","status":"publish","type":"product","link":"https:\/\/occasions-teile.ch\/fr\/produkt\/vw-golf-ablagefach\/","title":{"rendered":"VW Golf  Ablagefach"},"content":{"rendered":"<p><span><b>Technische Daten<\/b><\/p>\n<p> Fahrzeug: VW Golf<br \/>\n Chassis Nr.: WVWZZZAUZEW018929<br \/>\n Baujahr: 2013<br \/>\n Kilometer: 75304 KM<br \/>\n Leistung: 140 KW<br \/>\n Hubraum: 1395 ccm<br \/>\n Typ: 1VE501<br \/>\n Farbcode: grau<br \/>\n Hinweise: &#8211;<\/p>\n<p> Versand: Versand nur in der Schweiz m\u00f6glich.Im Ausland ist der Transport k\u00e4uferseits.<br \/>\n Garantie: 3 Monate Garantie. Bitte beachten Sie, dass die Gew\u00e4hrleistung nur g\u00fcltig ist, wenn der Ersatzteileinbau durch eine Fachwerkstatt\/Meisterwerkstatt erfolgt. Das Ein- und Ausbau des Ersatzteiles kann nicht an uns verrechnet werden. <\/p>\n<p> Ersatzteil: f\u00fcr andere Fahrzeugen (Marken) verf\u00fcgbar auf anfrage. Tel.041 980 27 47. Mobil. 076 589 27 47<\/p>\n<p> Kontakt<br \/>\n  Adresse: Autoverwertung Brun AG<br \/>\n           M\u00f6\u00f6slimatten 13<br \/>\n           6218 Ettiswil<br \/>\n  Telefon: 0041 (041) 980 27 47<br \/>\n  Telefax: 0041 (041) 980 03 47<\/p>\n<p> Wir bieten Ihnen weitere gebrauchte Autoteile zum Kauf an.<br \/>\n Tags: Ablagefach, Storage compartment , Fente<br \/>\n<\/span><\/p>\n","protected":false},"excerpt":{"rendered":"<p>Technische Daten Fahrzeug: VW Golf Chassis Nr.: WVWZZZAUZEW018929 Baujahr: 2013 Kilometer: 75304 KM Leistung: 140 KW Hubraum: 1395 ccm Typ: 1VE501 Farbcode: grau Hinweise: &#8211; Versand: Versand nur in der Schweiz m\u00f6glich.Im Ausland ist der Transport k\u00e4uferseits. Garantie: 3 Monate Garantie. Bitte beachten Sie, dass die Gew\u00e4hrleistung nur g\u00fcltig ist, wenn der Ersatzteileinbau durch eine&hellip; <a class=\"more-link\" href=\"https:\/\/occasions-teile.ch\/fr\/produkt\/vw-golf-ablagefach\/\">Poursuivre la lecture <span class=\"screen-reader-text\">VW Golf  Ablagefach<\/span><\/a><\/p>\n","protected":false},"featured_media":298332,"template":"","meta":[],"product_brand":[],"product_cat":[1421,1420,1422,1425,1284,1287,1281,804,810,807,1424,1423,23771,18536,1283,1286,1280,2106,2107,2108],"product_tag":[],"class_list":{"0":"post-298335","1":"product","2":"type-product","3":"status-publish","4":"has-post-thumbnail","6":"product_cat-de-ablagefach","7":"product_cat-de-becherhalterablagefachascher","8":"product_cat-en-cup-holdertrayashtray","9":"product_cat-fr-fente","10":"product_cat-en_golf","11":"product_cat-fr_golf","12":"product_cat-de_golf","13":"product_cat-de-innenraum","14":"product_cat-fr-interieur","15":"product_cat-en-interior","16":"product_cat-fr-porte-gobeletscompartiment-rangementcendrier","17":"product_cat-en-storage-compartment","18":"product_cat-de-vii-1-4tsi-5-de_golf-de_volkswagen-manufacturer-49","19":"product_cat-de-vii-1-4tsi-5-de_golf-de_volkswagen-manufacturer-2","20":"product_cat-en_volkswagen","21":"product_cat-fr_volkswagen","22":"product_cat-de_volkswagen","23":"product_cat-de-wvwzzzauzew018929-20000177","24":"product_cat-en-wvwzzzauzew018929-20000177","25":"product_cat-fr-wvwzzzauzew018929-20000177","26":"product_shipping_class-tarif-1","27":"entry","29":"first","30":"instock","31":"taxable","32":"shipping-taxable","33":"purchasable","34":"product-type-simple"},"jetpack_sharing_enabled":true,"_links":{"self":[{"href":"https:\/\/occasions-teile.ch\/fr\/wp-json\/wp\/v2\/product\/298335","targetHints":{"allow":["GET"]}}],"collection":[{"href":"https:\/\/occasions-teile.ch\/fr\/wp-json\/wp\/v2\/product"}],"about":[{"href":"https:\/\/occasions-teile.ch\/fr\/wp-json\/wp\/v2\/types\/product"}],"wp:featuredmedia":[{"embeddable":true,"href":"https:\/\/occasions-teile.ch\/fr\/wp-json\/wp\/v2\/media\/298332"}],"wp:attachment":[{"href":"https:\/\/occasions-teile.ch\/fr\/wp-json\/wp\/v2\/media?parent=298335"}],"wp:term":[{"taxonomy":"product_brand","embeddable":true,"href":"https:\/\/occasions-teile.ch\/fr\/wp-json\/wp\/v2\/product_brand?post=298335"},{"taxonomy":"product_cat","embeddable":true,"href":"https:\/\/occasions-teile.ch\/fr\/wp-json\/wp\/v2\/product_cat?post=298335"},{"taxonomy":"product_tag","embeddable":true,"href":"https:\/\/occasions-teile.ch\/fr\/wp-json\/wp\/v2\/product_tag?post=298335"}],"curies":[{"name":"wp","href":"https:\/\/api.w.org\/{rel}","templated":true}]}}