{"id":298287,"date":"2024-04-23T20:25:07","date_gmt":"2024-04-23T20:25:07","guid":{"rendered":"https:\/\/occasions-teile.ch\/product\/vw-golf-differential-hinterachsgetriebe\/"},"modified":"2024-05-29T01:50:57","modified_gmt":"2024-05-29T01:50:57","slug":"vw-golf-differential-hinterachsgetriebe","status":"publish","type":"product","link":"https:\/\/occasions-teile.ch\/fr\/produkt\/vw-golf-differential-hinterachsgetriebe\/","title":{"rendered":"VW Golf  Differential Hinterachsgetriebe"},"content":{"rendered":"<p><span><b>Technische Daten<\/b><\/p>\n<p> Fahrzeug: VW Golf<br \/>\n Chassis Nr.: WVWZZZCD4PW516854<br \/>\n Baujahr: 2022<br \/>\n Kilometer: 2394 KM<br \/>\n Leistung: 150 KW<br \/>\n Hubraum: 1968 ccm<br \/>\n Typ: 1VQ904<br \/>\n Farbcode: White\/Weiss<br \/>\n Hinweise: &#8211;<\/p>\n<p> Versand: Versand nur in der Schweiz m\u00f6glich.Im Ausland ist der Transport k\u00e4uferseits.<br \/>\n Garantie: 3 Monate Garantie. Bitte beachten Sie, dass die Gew\u00e4hrleistung nur g\u00fcltig ist, wenn der Ersatzteileinbau durch eine Fachwerkstatt\/Meisterwerkstatt erfolgt. Das Ein- und Ausbau des Ersatzteiles kann nicht an uns verrechnet werden. <\/p>\n<p> Ersatzteil: f\u00fcr andere Fahrzeugen (Marken) verf\u00fcgbar auf anfrage. Tel.041 980 27 47. Mobil. 076 589 27 47<\/p>\n<p> Kontakt<br \/>\n  Adresse: Autoverwertung Brun AG<br \/>\n           M\u00f6\u00f6slimatten 13<br \/>\n           6218 Ettiswil<br \/>\n  Telefon: 0041 (041) 980 27 47<br \/>\n  Telefax: 0041 (041) 980 03 47<\/p>\n<p> Wir bieten Ihnen weitere gebrauchte Autoteile zum Kauf an.<br \/>\n Tags: Differential Hinterachsgetriebe, Rear axle gearbox , Boi^te de vitesses arrie`re<br \/>\n<\/span><\/p>\n","protected":false},"excerpt":{"rendered":"<p>Technische Daten Fahrzeug: VW Golf Chassis Nr.: WVWZZZCD4PW516854 Baujahr: 2022 Kilometer: 2394 KM Leistung: 150 KW Hubraum: 1968 ccm Typ: 1VQ904 Farbcode: White\/Weiss Hinweise: &#8211; Versand: Versand nur in der Schweiz m\u00f6glich.Im Ausland ist der Transport k\u00e4uferseits. Garantie: 3 Monate Garantie. Bitte beachten Sie, dass die Gew\u00e4hrleistung nur g\u00fcltig ist, wenn der Ersatzteileinbau durch eine&hellip; <a class=\"more-link\" href=\"https:\/\/occasions-teile.ch\/fr\/produkt\/vw-golf-differential-hinterachsgetriebe\/\">Poursuivre la lecture <span class=\"screen-reader-text\">VW Golf  Differential Hinterachsgetriebe<\/span><\/a><\/p>\n","protected":false},"featured_media":298284,"template":"","meta":[],"product_brand":[],"product_cat":[18524,23808,1062,1071,648,1281,1280,2252],"product_tag":[],"class_list":{"0":"post-298287","1":"product","2":"type-product","3":"status-publish","4":"has-post-thumbnail","6":"product_cat-de-8-variant-2-0tdi-cg5-de_golf-de_volkswagen-manufacturer-4","7":"product_cat-de-8-variant-2-0tdi-cg5-de_golf-de_volkswagen-manufacturer-33","8":"product_cat-de-achsgetriebe-differentiale4x4","9":"product_cat-de-differential-hinterachsgetriebe","10":"product_cat-de-getriebe-antrieb","11":"product_cat-de_golf","12":"product_cat-de_volkswagen","13":"product_cat-de-wvwzzzcd4pw516854-20000192","14":"product_shipping_class-tarif-3","15":"entry","17":"first","18":"instock","19":"taxable","20":"shipping-taxable","21":"purchasable","22":"product-type-simple"},"jetpack_sharing_enabled":true,"_links":{"self":[{"href":"https:\/\/occasions-teile.ch\/fr\/wp-json\/wp\/v2\/product\/298287","targetHints":{"allow":["GET"]}}],"collection":[{"href":"https:\/\/occasions-teile.ch\/fr\/wp-json\/wp\/v2\/product"}],"about":[{"href":"https:\/\/occasions-teile.ch\/fr\/wp-json\/wp\/v2\/types\/product"}],"wp:featuredmedia":[{"embeddable":true,"href":"https:\/\/occasions-teile.ch\/fr\/wp-json\/wp\/v2\/media\/298284"}],"wp:attachment":[{"href":"https:\/\/occasions-teile.ch\/fr\/wp-json\/wp\/v2\/media?parent=298287"}],"wp:term":[{"taxonomy":"product_brand","embeddable":true,"href":"https:\/\/occasions-teile.ch\/fr\/wp-json\/wp\/v2\/product_brand?post=298287"},{"taxonomy":"product_cat","embeddable":true,"href":"https:\/\/occasions-teile.ch\/fr\/wp-json\/wp\/v2\/product_cat?post=298287"},{"taxonomy":"product_tag","embeddable":true,"href":"https:\/\/occasions-teile.ch\/fr\/wp-json\/wp\/v2\/product_tag?post=298287"}],"curies":[{"name":"wp","href":"https:\/\/api.w.org\/{rel}","templated":true}]}}