{"id":298071,"date":"2024-04-23T17:10:00","date_gmt":"2024-04-23T17:10:00","guid":{"rendered":"https:\/\/occasions-teile.ch\/product\/subaru-xv-bremszange-bremssattel-hinten-2\/"},"modified":"2024-05-28T17:42:40","modified_gmt":"2024-05-28T17:42:40","slug":"subaru-xv-bremszange-bremssattel-hinten-2","status":"publish","type":"product","link":"https:\/\/occasions-teile.ch\/fr\/produkt\/subaru-xv-bremszange-bremssattel-hinten-2\/","title":{"rendered":"Subaru XV  Bremszange Bremssattel hinten"},"content":{"rendered":"<p><span><b>Technische Daten<\/b><\/p>\n<p> Fahrzeug: Subaru XV<br \/>\n Chassis Nr.: JF1GP7LA3EG200263<br \/>\n Baujahr: 2014<br \/>\n Kilometer: 101971 KM<br \/>\n Leistung: 150 KW<br \/>\n Hubraum: 1995 ccm<br \/>\n Typ: 1SC775<br \/>\n Farbcode: White\/Weiss<br \/>\n Hinweise: &#8211;<\/p>\n<p> Versand: Versand nur in der Schweiz m\u00f6glich.Im Ausland ist der Transport k\u00e4uferseits.<br \/>\n Garantie: 3 Monate Garantie. Bitte beachten Sie, dass die Gew\u00e4hrleistung nur g\u00fcltig ist, wenn der Ersatzteileinbau durch eine Fachwerkstatt\/Meisterwerkstatt erfolgt. Das Ein- und Ausbau des Ersatzteiles kann nicht an uns verrechnet werden. <\/p>\n<p> Ersatzteil: f\u00fcr andere Fahrzeugen (Marken) verf\u00fcgbar auf anfrage. Tel.041 980 27 47. Mobil. 076 589 27 47<\/p>\n<p> Kontakt<br \/>\n  Adresse: Autoverwertung Brun AG<br \/>\n           M\u00f6\u00f6slimatten 13<br \/>\n           6218 Ettiswil<br \/>\n  Telefon: 0041 (041) 980 27 47<br \/>\n  Telefax: 0041 (041) 980 03 47<\/p>\n<p> Wir bieten Ihnen weitere gebrauchte Autoteile zum Kauf an.<br \/>\n Tags: Bremszange Bremssattel hinten, Rear brake caliper, E\u00b4trier de frein arrie`re<br \/>\n<\/span><\/p>\n","protected":false},"excerpt":{"rendered":"<p>Technische Daten Fahrzeug: Subaru XV Chassis Nr.: JF1GP7LA3EG200263 Baujahr: 2014 Kilometer: 101971 KM Leistung: 150 KW Hubraum: 1995 ccm Typ: 1SC775 Farbcode: White\/Weiss Hinweise: &#8211; Versand: Versand nur in der Schweiz m\u00f6glich.Im Ausland ist der Transport k\u00e4uferseits. Garantie: 3 Monate Garantie. Bitte beachten Sie, dass die Gew\u00e4hrleistung nur g\u00fcltig ist, wenn der Ersatzteileinbau durch eine&hellip; <a class=\"more-link\" href=\"https:\/\/occasions-teile.ch\/fr\/produkt\/subaru-xv-bremszange-bremssattel-hinten-2\/\">Poursuivre la lecture <span class=\"screen-reader-text\">Subaru XV  Bremszange Bremssattel hinten<\/span><\/a><\/p>\n","protected":false},"featured_media":298068,"template":"","meta":[],"product_brand":[],"product_cat":[18469,23794,781,536,536,781,1088,781,1088,536,1525,1525,1525,1088,1205,1205,1205,1206,1206,1206],"product_tag":[],"class_list":{"0":"post-298071","1":"product","2":"type-product","3":"status-publish","4":"has-post-thumbnail","6":"product_cat-de-2-0i-awd-de_xv-de_subaru-manufacturer-5","7":"product_cat-de-2-0i-awd-de_xv-de_subaru-manufacturer-15","8":"product_cat-fr-etrier-de-frein-support","9":"product_cat-fr-frein-systeme-de-freinage","12":"product_cat-fr-etrier-de-frein-arriere","16":"product_cat-fr-jf1gp7la3eg200263","20":"product_cat-fr_subaru","23":"product_cat-fr_xv","26":"product_shipping_class-tarif-1-fr","27":"entry","29":"first","30":"instock","31":"taxable","32":"shipping-taxable","33":"purchasable","34":"product-type-simple"},"jetpack_sharing_enabled":true,"_links":{"self":[{"href":"https:\/\/occasions-teile.ch\/fr\/wp-json\/wp\/v2\/product\/298071","targetHints":{"allow":["GET"]}}],"collection":[{"href":"https:\/\/occasions-teile.ch\/fr\/wp-json\/wp\/v2\/product"}],"about":[{"href":"https:\/\/occasions-teile.ch\/fr\/wp-json\/wp\/v2\/types\/product"}],"wp:featuredmedia":[{"embeddable":true,"href":"https:\/\/occasions-teile.ch\/fr\/wp-json\/wp\/v2\/media\/298068"}],"wp:attachment":[{"href":"https:\/\/occasions-teile.ch\/fr\/wp-json\/wp\/v2\/media?parent=298071"}],"wp:term":[{"taxonomy":"product_brand","embeddable":true,"href":"https:\/\/occasions-teile.ch\/fr\/wp-json\/wp\/v2\/product_brand?post=298071"},{"taxonomy":"product_cat","embeddable":true,"href":"https:\/\/occasions-teile.ch\/fr\/wp-json\/wp\/v2\/product_cat?post=298071"},{"taxonomy":"product_tag","embeddable":true,"href":"https:\/\/occasions-teile.ch\/fr\/wp-json\/wp\/v2\/product_tag?post=298071"}],"curies":[{"name":"wp","href":"https:\/\/api.w.org\/{rel}","templated":true}]}}