{"id":297937,"date":"2024-04-23T15:14:29","date_gmt":"2024-04-23T15:14:29","guid":{"rendered":"https:\/\/occasions-teile.ch\/product\/jaguar-xf-luftduessen-innenraum\/"},"modified":"2024-05-25T00:36:54","modified_gmt":"2024-05-25T00:36:54","slug":"jaguar-xf-luftduessen-innenraum","status":"publish","type":"product","link":"https:\/\/occasions-teile.ch\/fr\/produkt\/jaguar-xf-luftduessen-innenraum\/","title":{"rendered":"Jaguar XF  Luftd\u00fcssen innenraum"},"content":{"rendered":"<p><span><b>Technische Daten<\/b><\/p>\n<p> Fahrzeug: Jaguar XF<br \/>\n Chassis Nr.: SAJBB4BN5HCY35705<br \/>\n Baujahr: 2016<br \/>\n Kilometer: 117373 KM<br \/>\n Leistung: 179 KW<br \/>\n Hubraum: 1999 ccm<br \/>\n Typ: x<br \/>\n Farbcode: grau<br \/>\n Hinweise: &#8211;<\/p>\n<p> Versand: Versand nur in der Schweiz m\u00f6glich.Im Ausland ist der Transport k\u00e4uferseits.<br \/>\n Garantie: 3 Monate Garantie. Bitte beachten Sie, dass die Gew\u00e4hrleistung nur g\u00fcltig ist, wenn der Ersatzteileinbau durch eine Fachwerkstatt\/Meisterwerkstatt erfolgt. Das Ein- und Ausbau des Ersatzteiles kann nicht an uns verrechnet werden. <\/p>\n<p> Ersatzteil: f\u00fcr andere Fahrzeugen (Marken) verf\u00fcgbar auf anfrage. Tel.041 980 27 47. Mobil. 076 589 27 47<\/p>\n<p> Kontakt<br \/>\n  Adresse: Autoverwertung Brun AG<br \/>\n           M\u00f6\u00f6slimatten 13<br \/>\n           6218 Ettiswil<br \/>\n  Telefon: 0041 (041) 980 27 47<br \/>\n  Telefax: 0041 (041) 980 03 47<\/p>\n<p> Wir bieten Ihnen weitere gebrauchte Autoteile zum Kauf an.<br \/>\n Tags: Luftd\u00fcssen innenraum , Air nozzles inside, Buses d&rsquo;air \u00e0 l&rsquo;int\u00e9rieur<br \/>\n<\/span><\/p>\n","protected":false},"excerpt":{"rendered":"<p>Technische Daten Fahrzeug: Jaguar XF Chassis Nr.: SAJBB4BN5HCY35705 Baujahr: 2016 Kilometer: 117373 KM Leistung: 179 KW Hubraum: 1999 ccm Typ: x Farbcode: grau Hinweise: &#8211; Versand: Versand nur in der Schweiz m\u00f6glich.Im Ausland ist der Transport k\u00e4uferseits. Garantie: 3 Monate Garantie. Bitte beachten Sie, dass die Gew\u00e4hrleistung nur g\u00fcltig ist, wenn der Ersatzteileinbau durch eine&hellip; <a class=\"more-link\" href=\"https:\/\/occasions-teile.ch\/fr\/produkt\/jaguar-xf-luftduessen-innenraum\/\">Poursuivre la lecture <span class=\"screen-reader-text\">Jaguar XF  Luftd\u00fcssen innenraum<\/span><\/a><\/p>\n","protected":false},"featured_media":297934,"template":"","meta":[],"product_brand":[],"product_cat":[18435,23594,1158,805,1159,808,804,810,807,3029,3030,3031,1157,7898,7900,7896,811,5849,5850,5851],"product_tag":[],"class_list":{"0":"post-297937","1":"product","2":"type-product","3":"status-publish","4":"has-post-thumbnail","6":"product_cat-de-2-0-de_slug_jaguar_xf_644-de_jaguar-manufacturer-121","7":"product_cat-de-2-0-de_slug_jaguar_xf_644-de_jaguar-manufacturer-162","8":"product_cat-en-air-nozzles-inside","9":"product_cat-de-armaturenbrett-handschuhfach","10":"product_cat-fr-buses-dair-a-linterieur","11":"product_cat-en-dashboard-glove-compartment","12":"product_cat-de-innenraum","13":"product_cat-fr-interieur","14":"product_cat-en-interior","15":"product_cat-de_jaguar","16":"product_cat-en_jaguar","17":"product_cat-fr_jaguar","18":"product_cat-de-luftduessen-innenraum","19":"product_cat-en-sajbb4bn5hcy35705-200000245","20":"product_cat-fr-sajbb4bn5hcy35705-200000245","21":"product_cat-de-sajbb4bn5hcy35705-200000245","22":"product_cat-fr-tableau-de-bord-boite-a-gants","23":"product_cat-de_slug_jaguar_xf_644","24":"product_cat-en_slug_jaguar_xf_37","25":"product_cat-fr_slug_jaguar_xf_554","26":"product_shipping_class-tarif-1","27":"entry","29":"first","30":"instock","31":"taxable","32":"shipping-taxable","33":"purchasable","34":"product-type-simple"},"jetpack_sharing_enabled":true,"_links":{"self":[{"href":"https:\/\/occasions-teile.ch\/fr\/wp-json\/wp\/v2\/product\/297937","targetHints":{"allow":["GET"]}}],"collection":[{"href":"https:\/\/occasions-teile.ch\/fr\/wp-json\/wp\/v2\/product"}],"about":[{"href":"https:\/\/occasions-teile.ch\/fr\/wp-json\/wp\/v2\/types\/product"}],"wp:featuredmedia":[{"embeddable":true,"href":"https:\/\/occasions-teile.ch\/fr\/wp-json\/wp\/v2\/media\/297934"}],"wp:attachment":[{"href":"https:\/\/occasions-teile.ch\/fr\/wp-json\/wp\/v2\/media?parent=297937"}],"wp:term":[{"taxonomy":"product_brand","embeddable":true,"href":"https:\/\/occasions-teile.ch\/fr\/wp-json\/wp\/v2\/product_brand?post=297937"},{"taxonomy":"product_cat","embeddable":true,"href":"https:\/\/occasions-teile.ch\/fr\/wp-json\/wp\/v2\/product_cat?post=297937"},{"taxonomy":"product_tag","embeddable":true,"href":"https:\/\/occasions-teile.ch\/fr\/wp-json\/wp\/v2\/product_tag?post=297937"}],"curies":[{"name":"wp","href":"https:\/\/api.w.org\/{rel}","templated":true}]}}