{"id":297787,"date":"2024-04-23T13:04:10","date_gmt":"2024-04-23T13:04:10","guid":{"rendered":"https:\/\/occasions-teile.ch\/product\/ford-transit-conn-motor\/"},"modified":"2026-01-07T15:38:11","modified_gmt":"2026-01-07T15:38:11","slug":"ford-transit-conn-motor","status":"publish","type":"product","link":"https:\/\/occasions-teile.ch\/fr\/produkt\/ford-transit-conn-motor\/","title":{"rendered":"Z2GA Ford Transit Conn  Motor"},"content":{"rendered":"<p><b>Technische Daten<\/b><\/p>\n<p>Fahrzeug: Ford Transit Conn<br \/>\nChassis Nr.: WF05XXWPG5NA86966<br \/>\nBaujahr: 2023<br \/>\nKilometer: 6678 KM<br \/>\nLeistung: 99 KW<br \/>\nHubraum: 1499 ccm<br \/>\nTyp: 3FQ655<br \/>\nFarbcode: White\/Weiss<br \/>\nHinweise: Achtung Ventildeckel ist von Unfall besch\u00e4digt muss ersetzt werden!!!<\/p>\n<p>Versand: Versand nur in der Schweiz m\u00f6glich.Im Ausland ist der Transport k\u00e4uferseits.<br \/>\nGarantie: 3 Monate Garantie. Bitte beachten Sie, dass die Gew\u00e4hrleistung nur g\u00fcltig ist, wenn der Ersatzteileinbau durch eine Fachwerkstatt\/Meisterwerkstatt erfolgt. Das Ein- und Ausbau des Ersatzteiles kann nicht an uns verrechnet werden.<\/p>\n<p>Ersatzteil: f\u00fcr andere Fahrzeugen (Marken) verf\u00fcgbar auf anfrage. Tel.041 980 27 47. Mobil. 076 589 27 47<\/p>\n<p>Kontakt<br \/>\nAdresse: Autoverwertung Brun AG<br \/>\nM\u00f6\u00f6slimatten 13<br \/>\n6218 Ettiswil<br \/>\nTelefon: 0041 (041) 980 27 47<br \/>\nTelefax: 0041 (041) 980 03 47<\/p>\n<p>Wir bieten Ihnen weitere gebrauchte Autoteile zum Kauf an.<br \/>\nTags: Motor, Motor , Moteur<\/p>\n","protected":false},"excerpt":{"rendered":"<p>Technische Daten Fahrzeug: Ford Transit Conn Chassis Nr.: WF05XXWPG5NA86966 Baujahr: 2023 Kilometer: 6678 KM Leistung: 99 KW Hubraum: 1499 ccm Typ: 3FQ655 Farbcode: White\/Weiss Hinweise: Achtung Ventildeckel ist von Unfall besch\u00e4digt muss ersetzt werden!!! Versand: Versand nur in der Schweiz m\u00f6glich.Im Ausland ist der Transport k\u00e4uferseits. Garantie: 3 Monate Garantie. Bitte beachten Sie, dass die&hellip; <a class=\"more-link\" href=\"https:\/\/occasions-teile.ch\/fr\/produkt\/ford-transit-conn-motor\/\">Poursuivre la lecture <span class=\"screen-reader-text\">Z2GA Ford Transit Conn  Motor<\/span><\/a><\/p>\n","protected":false},"featured_media":297784,"template":"","meta":[],"product_brand":[],"product_cat":[1586,23669,494,495,496,2280,2279],"product_tag":[],"class_list":{"0":"post-297787","1":"product","2":"type-product","3":"status-publish","4":"has-post-thumbnail","6":"product_cat-de_ford","7":"product_cat-de-kasten-lang-de_transit-conn-de_ford-manufacturer-26","8":"product_cat-de-motor","9":"product_cat-de-motor-de-motor","10":"product_cat-de-motor-de-motor-de-motor","11":"product_cat-de_transit-conn","12":"product_cat-de-wf05xxwpg5na86966-20000197","13":"product_shipping_class-tarif-4","14":"entry","16":"first","17":"instock","18":"taxable","19":"shipping-taxable","20":"purchasable","21":"product-type-simple"},"jetpack_sharing_enabled":true,"_links":{"self":[{"href":"https:\/\/occasions-teile.ch\/fr\/wp-json\/wp\/v2\/product\/297787","targetHints":{"allow":["GET"]}}],"collection":[{"href":"https:\/\/occasions-teile.ch\/fr\/wp-json\/wp\/v2\/product"}],"about":[{"href":"https:\/\/occasions-teile.ch\/fr\/wp-json\/wp\/v2\/types\/product"}],"wp:featuredmedia":[{"embeddable":true,"href":"https:\/\/occasions-teile.ch\/fr\/wp-json\/wp\/v2\/media\/297784"}],"wp:attachment":[{"href":"https:\/\/occasions-teile.ch\/fr\/wp-json\/wp\/v2\/media?parent=297787"}],"wp:term":[{"taxonomy":"product_brand","embeddable":true,"href":"https:\/\/occasions-teile.ch\/fr\/wp-json\/wp\/v2\/product_brand?post=297787"},{"taxonomy":"product_cat","embeddable":true,"href":"https:\/\/occasions-teile.ch\/fr\/wp-json\/wp\/v2\/product_cat?post=297787"},{"taxonomy":"product_tag","embeddable":true,"href":"https:\/\/occasions-teile.ch\/fr\/wp-json\/wp\/v2\/product_tag?post=297787"}],"curies":[{"name":"wp","href":"https:\/\/api.w.org\/{rel}","templated":true}]}}