{"id":297481,"date":"2024-04-23T08:34:38","date_gmt":"2024-04-23T08:34:38","guid":{"rendered":"https:\/\/occasions-teile.ch\/product\/maserati-ghibli-xenonsteuergeraet\/"},"modified":"2024-05-29T05:09:31","modified_gmt":"2024-05-29T05:09:31","slug":"maserati-ghibli-xenonsteuergeraet","status":"publish","type":"product","link":"https:\/\/occasions-teile.ch\/fr\/produkt\/maserati-ghibli-xenonsteuergeraet\/","title":{"rendered":"Maserati Ghibli  Xenonsteuerger\u00e4t"},"content":{"rendered":"<p><span><b>Technische Daten<\/b><\/p>\n<p> Fahrzeug: Maserati Ghibli<br \/>\n Chassis Nr.: ZAMRT57B001101163<br \/>\n Baujahr: 2014<br \/>\n Kilometer: 140976 KM<br \/>\n Leistung: 410 KW<br \/>\n Hubraum: 2979 ccm<br \/>\n Typ: 1MA154<br \/>\n Farbcode: Black<br \/>\n Hinweise: &#8211;<\/p>\n<p> Versand: Versand nur in der Schweiz m\u00f6glich.Im Ausland ist der Transport k\u00e4uferseits.<br \/>\n Garantie: 3 Monate Garantie. Bitte beachten Sie, dass die Gew\u00e4hrleistung nur g\u00fcltig ist, wenn der Ersatzteileinbau durch eine Fachwerkstatt\/Meisterwerkstatt erfolgt. Das Ein- und Ausbau des Ersatzteiles kann nicht an uns verrechnet werden. <\/p>\n<p> Ersatzteil: f\u00fcr andere Fahrzeugen (Marken) verf\u00fcgbar auf anfrage. Tel.041 980 27 47. Mobil. 076 589 27 47<\/p>\n<p> Kontakt<br \/>\n  Adresse: Autoverwertung Brun AG<br \/>\n           M\u00f6\u00f6slimatten 13<br \/>\n           6218 Ettiswil<br \/>\n  Telefon: 0041 (041) 980 27 47<br \/>\n  Telefax: 0041 (041) 980 03 47<\/p>\n<p> Wir bieten Ihnen weitere gebrauchte Autoteile zum Kauf an.<br \/>\n Tags: Xenonsteuerger\u00e4t , xenon control unit, unit\u00e9 de commande x\u00e9non<br \/>\n<\/span><\/p>\n","protected":false},"excerpt":{"rendered":"<p>Technische Daten Fahrzeug: Maserati Ghibli Chassis Nr.: ZAMRT57B001101163 Baujahr: 2014 Kilometer: 140976 KM Leistung: 410 KW Hubraum: 2979 ccm Typ: 1MA154 Farbcode: Black Hinweise: &#8211; Versand: Versand nur in der Schweiz m\u00f6glich.Im Ausland ist der Transport k\u00e4uferseits. Garantie: 3 Monate Garantie. Bitte beachten Sie, dass die Gew\u00e4hrleistung nur g\u00fcltig ist, wenn der Ersatzteileinbau durch eine&hellip; <a class=\"more-link\" href=\"https:\/\/occasions-teile.ch\/fr\/produkt\/maserati-ghibli-xenonsteuergeraet\/\">Poursuivre la lecture <span class=\"screen-reader-text\">Maserati Ghibli  Xenonsteuerger\u00e4t<\/span><\/a><\/p>\n","protected":false},"featured_media":297478,"template":"","meta":[],"product_brand":[],"product_cat":[897,901,627,624,621,1725,1722,1719,899,1721,1718,1724,18323,23813,1025,1024,1023,1717,1723,1720],"product_tag":[],"class_list":{"0":"post-297481","1":"product","2":"type-product","3":"status-publish","4":"has-post-thumbnail","6":"product_cat-de-beleuchtung","7":"product_cat-fr-eclairage","8":"product_cat-fr-electricite-dispositifs-de-commande","9":"product_cat-en-electrics-control-units","10":"product_cat-de-elektrik-steuergeraete","11":"product_cat-fr_ghibli","12":"product_cat-en_ghibli","13":"product_cat-de_ghibli","14":"product_cat-en-lighting","15":"product_cat-en_maserati","16":"product_cat-de_maserati","17":"product_cat-fr_maserati","18":"product_cat-de-s-q4-de_ghibli-de_maserati-manufacturer-24","19":"product_cat-de-s-q4-de_ghibli-de_maserati-manufacturer-30","20":"product_cat-fr-unite-de-commande-xenon","21":"product_cat-en-xenon-control-unit","22":"product_cat-de-xenonsteuergeraet","23":"product_cat-de-zamrt57b001101163","24":"product_cat-fr-zamrt57b001101163","25":"product_cat-en-zamrt57b001101163","26":"product_shipping_class-tarif-1","27":"entry","29":"first","30":"instock","31":"taxable","32":"shipping-taxable","33":"purchasable","34":"product-type-simple"},"jetpack_sharing_enabled":true,"_links":{"self":[{"href":"https:\/\/occasions-teile.ch\/fr\/wp-json\/wp\/v2\/product\/297481","targetHints":{"allow":["GET"]}}],"collection":[{"href":"https:\/\/occasions-teile.ch\/fr\/wp-json\/wp\/v2\/product"}],"about":[{"href":"https:\/\/occasions-teile.ch\/fr\/wp-json\/wp\/v2\/types\/product"}],"wp:featuredmedia":[{"embeddable":true,"href":"https:\/\/occasions-teile.ch\/fr\/wp-json\/wp\/v2\/media\/297478"}],"wp:attachment":[{"href":"https:\/\/occasions-teile.ch\/fr\/wp-json\/wp\/v2\/media?parent=297481"}],"wp:term":[{"taxonomy":"product_brand","embeddable":true,"href":"https:\/\/occasions-teile.ch\/fr\/wp-json\/wp\/v2\/product_brand?post=297481"},{"taxonomy":"product_cat","embeddable":true,"href":"https:\/\/occasions-teile.ch\/fr\/wp-json\/wp\/v2\/product_cat?post=297481"},{"taxonomy":"product_tag","embeddable":true,"href":"https:\/\/occasions-teile.ch\/fr\/wp-json\/wp\/v2\/product_tag?post=297481"}],"curies":[{"name":"wp","href":"https:\/\/api.w.org\/{rel}","templated":true}]}}