{"id":297241,"date":"2024-04-23T05:04:40","date_gmt":"2024-04-23T05:04:40","guid":{"rendered":"https:\/\/occasions-teile.ch\/product\/peugeot-expert-nebelscheinwerfer-2\/"},"modified":"2024-05-29T00:37:08","modified_gmt":"2024-05-29T00:37:08","slug":"peugeot-expert-nebelscheinwerfer-2","status":"publish","type":"product","link":"https:\/\/occasions-teile.ch\/fr\/produkt\/peugeot-expert-nebelscheinwerfer-2\/","title":{"rendered":"Peugeot Expert  Nebelscheinwerfer"},"content":{"rendered":"<p><span><b>Technische Daten<\/b><\/p>\n<p> Fahrzeug: Peugeot Expert<br \/>\n Chassis Nr.: VF3VFAHXHHZ014393<br \/>\n Baujahr: 2017<br \/>\n Kilometer: 90544 KM<br \/>\n Leistung: 150 KW<br \/>\n Hubraum: 1997 ccm<br \/>\n Typ: 3pb434<br \/>\n Farbcode: White\/Weiss<br \/>\n Hinweise: Achtung ein Halter defekt <\/p>\n<p> Versand: Versand nur in der Schweiz m\u00f6glich.Im Ausland ist der Transport k\u00e4uferseits.<br \/>\n Garantie: 3 Monate Garantie. Bitte beachten Sie, dass die Gew\u00e4hrleistung nur g\u00fcltig ist, wenn der Ersatzteileinbau durch eine Fachwerkstatt\/Meisterwerkstatt erfolgt. Das Ein- und Ausbau des Ersatzteiles kann nicht an uns verrechnet werden. <\/p>\n<p> Ersatzteil: f\u00fcr andere Fahrzeugen (Marken) verf\u00fcgbar auf anfrage. Tel.041 980 27 47. Mobil. 076 589 27 47<\/p>\n<p> Kontakt<br \/>\n  Adresse: Autoverwertung Brun AG<br \/>\n           M\u00f6\u00f6slimatten 13<br \/>\n           6218 Ettiswil<br \/>\n  Telefon: 0041 (041) 980 27 47<br \/>\n  Telefax: 0041 (041) 980 03 47<\/p>\n<p> Wir bieten Ihnen weitere gebrauchte Autoteile zum Kauf an.<br \/>\n Tags: Nebelscheinwerfer, Fog light, Phares antibrouillard<br \/>\n<\/span><\/p>\n","protected":false},"excerpt":{"rendered":"<p>Technische Daten Fahrzeug: Peugeot Expert Chassis Nr.: VF3VFAHXHHZ014393 Baujahr: 2017 Kilometer: 90544 KM Leistung: 150 KW Hubraum: 1997 ccm Typ: 3pb434 Farbcode: White\/Weiss Hinweise: Achtung ein Halter defekt Versand: Versand nur in der Schweiz m\u00f6glich.Im Ausland ist der Transport k\u00e4uferseits. Garantie: 3 Monate Garantie. Bitte beachten Sie, dass die Gew\u00e4hrleistung nur g\u00fcltig ist, wenn der&hellip; <a class=\"more-link\" href=\"https:\/\/occasions-teile.ch\/fr\/produkt\/peugeot-expert-nebelscheinwerfer-2\/\">Poursuivre la lecture <span class=\"screen-reader-text\">Peugeot Expert  Nebelscheinwerfer<\/span><\/a><\/p>\n","protected":false},"featured_media":297238,"template":"","meta":[],"product_brand":[],"product_cat":[512,512,1907,1907,1907,1243,1244,512,18262,23807,1244,1243,1184,1184,1184,1244,1243,1906,1906,1906],"product_tag":[],"class_list":{"0":"post-297241","1":"product","2":"type-product","3":"status-publish","4":"has-post-thumbnail","6":"product_cat-de-karosserie-front","8":"product_cat-de_expert","11":"product_cat-de-nebelscheinwerfer","12":"product_cat-de-nebelscheinwerfer-de-nebelscheinwerfer","14":"product_cat-de-kasten-v-2-0-bluehdi-de_expert-de_peugeot-manufacturer-2","15":"product_cat-de-kasten-v-2-0-bluehdi-de_expert-de_peugeot-manufacturer-57","18":"product_cat-de_peugeot","23":"product_cat-de-vf3vfahxhhz014393","26":"product_shipping_class-tarif-1","27":"entry","29":"first","30":"instock","31":"taxable","32":"shipping-taxable","33":"purchasable","34":"product-type-simple"},"jetpack_sharing_enabled":true,"_links":{"self":[{"href":"https:\/\/occasions-teile.ch\/fr\/wp-json\/wp\/v2\/product\/297241","targetHints":{"allow":["GET"]}}],"collection":[{"href":"https:\/\/occasions-teile.ch\/fr\/wp-json\/wp\/v2\/product"}],"about":[{"href":"https:\/\/occasions-teile.ch\/fr\/wp-json\/wp\/v2\/types\/product"}],"wp:featuredmedia":[{"embeddable":true,"href":"https:\/\/occasions-teile.ch\/fr\/wp-json\/wp\/v2\/media\/297238"}],"wp:attachment":[{"href":"https:\/\/occasions-teile.ch\/fr\/wp-json\/wp\/v2\/media?parent=297241"}],"wp:term":[{"taxonomy":"product_brand","embeddable":true,"href":"https:\/\/occasions-teile.ch\/fr\/wp-json\/wp\/v2\/product_brand?post=297241"},{"taxonomy":"product_cat","embeddable":true,"href":"https:\/\/occasions-teile.ch\/fr\/wp-json\/wp\/v2\/product_cat?post=297241"},{"taxonomy":"product_tag","embeddable":true,"href":"https:\/\/occasions-teile.ch\/fr\/wp-json\/wp\/v2\/product_tag?post=297241"}],"curies":[{"name":"wp","href":"https:\/\/api.w.org\/{rel}","templated":true}]}}