{"id":297221,"date":"2024-04-23T04:47:10","date_gmt":"2024-04-23T04:47:10","guid":{"rendered":"https:\/\/occasions-teile.ch\/product\/renault-megane-bremszange-bremssattel-vorne-2\/"},"modified":"2024-05-24T23:30:27","modified_gmt":"2024-05-24T23:30:27","slug":"renault-megane-bremszange-bremssattel-vorne-2","status":"publish","type":"product","link":"https:\/\/occasions-teile.ch\/fr\/produkt\/renault-megane-bremszange-bremssattel-vorne-2\/","title":{"rendered":"Renault M\u00e9gane  Bremszange Bremssattel vorne"},"content":{"rendered":"<p><span><b>Technische Daten<\/b><\/p>\n<p> Fahrzeug: Renault M\u00e9gane<br \/>\n Chassis Nr.: VF1KZ1V0642520771<br \/>\n Baujahr: 2010<br \/>\n Kilometer: 121540 KM<br \/>\n Leistung: 131 KW<br \/>\n Hubraum: 1397 ccm<br \/>\n Typ: 1rb121<br \/>\n Farbcode: silber<br \/>\n Hinweise: &#8211;<\/p>\n<p> Versand: Versand nur in der Schweiz m\u00f6glich.Im Ausland ist der Transport k\u00e4uferseits.<br \/>\n Garantie: 3 Monate Garantie. Bitte beachten Sie, dass die Gew\u00e4hrleistung nur g\u00fcltig ist, wenn der Ersatzteileinbau durch eine Fachwerkstatt\/Meisterwerkstatt erfolgt. Das Ein- und Ausbau des Ersatzteiles kann nicht an uns verrechnet werden. <\/p>\n<p> Ersatzteil: f\u00fcr andere Fahrzeugen (Marken) verf\u00fcgbar auf anfrage. Tel.041 980 27 47. Mobil. 076 589 27 47<\/p>\n<p> Kontakt<br \/>\n  Adresse: Autoverwertung Brun AG<br \/>\n           M\u00f6\u00f6slimatten 13<br \/>\n           6218 Ettiswil<br \/>\n  Telefon: 0041 (041) 980 27 47<br \/>\n  Telefax: 0041 (041) 980 03 47<\/p>\n<p> Wir bieten Ihnen weitere gebrauchte Autoteile zum Kauf an.<br \/>\n Tags: Bremszange Bremssattel vorne, Brake caliper front, E\u00b4trier de frein avant<br \/>\n<\/span><\/p>\n","protected":false},"excerpt":{"rendered":"<p>Technische Daten Fahrzeug: Renault M\u00e9gane Chassis Nr.: VF1KZ1V0642520771 Baujahr: 2010 Kilometer: 121540 KM Leistung: 131 KW Hubraum: 1397 ccm Typ: 1rb121 Farbcode: silber Hinweise: &#8211; Versand: Versand nur in der Schweiz m\u00f6glich.Im Ausland ist der Transport k\u00e4uferseits. Garantie: 3 Monate Garantie. Bitte beachten Sie, dass die Gew\u00e4hrleistung nur g\u00fcltig ist, wenn der Ersatzteileinbau durch eine&hellip; <a class=\"more-link\" href=\"https:\/\/occasions-teile.ch\/fr\/produkt\/renault-megane-bremszange-bremssattel-vorne-2\/\">Poursuivre la lecture <span class=\"screen-reader-text\">Renault M\u00e9gane  Bremszange Bremssattel vorne<\/span><\/a><\/p>\n","protected":false},"featured_media":297218,"template":"","meta":[],"product_brand":[],"product_cat":[780,779,533,530,777,778,781,782,536,18257,23593,2445,2441,2443,2439,2433,2436,1887,2442,2444],"product_tag":[],"class_list":{"0":"post-297221","1":"product","2":"type-product","3":"status-publish","4":"has-post-thumbnail","6":"product_cat-en-brake-caliper-front","7":"product_cat-en-brake-calipercarrier","8":"product_cat-en-brake-brake-system","9":"product_cat-de-bremse-bremsanlage","10":"product_cat-de-bremssatteltraeger","11":"product_cat-de-bremszange-bremssattel-vorne","12":"product_cat-fr-etrier-de-frein-support","13":"product_cat-fr-etrier-de-frein-avant","14":"product_cat-fr-frein-systeme-de-freinage","15":"product_cat-de-iii-grandtour-1-4-tce-de_megane-de_renault-manufacturer-5","16":"product_cat-de-iii-grandtour-1-4-tce-de_megane-de_renault-manufacturer-41","17":"product_cat-fr_megane","18":"product_cat-de_megane","19":"product_cat-en_megane","20":"product_cat-fr_renault","21":"product_cat-de_renault","22":"product_cat-en_renault","23":"product_cat-de-vf1kz1v0642520771","24":"product_cat-en-vf1kz1v0642520771-20000147","25":"product_cat-fr-vf1kz1v0642520771-20000147","26":"product_shipping_class-tarif-1","27":"entry","29":"first","30":"instock","31":"taxable","32":"shipping-taxable","33":"purchasable","34":"product-type-simple"},"jetpack_sharing_enabled":true,"_links":{"self":[{"href":"https:\/\/occasions-teile.ch\/fr\/wp-json\/wp\/v2\/product\/297221","targetHints":{"allow":["GET"]}}],"collection":[{"href":"https:\/\/occasions-teile.ch\/fr\/wp-json\/wp\/v2\/product"}],"about":[{"href":"https:\/\/occasions-teile.ch\/fr\/wp-json\/wp\/v2\/types\/product"}],"wp:featuredmedia":[{"embeddable":true,"href":"https:\/\/occasions-teile.ch\/fr\/wp-json\/wp\/v2\/media\/297218"}],"wp:attachment":[{"href":"https:\/\/occasions-teile.ch\/fr\/wp-json\/wp\/v2\/media?parent=297221"}],"wp:term":[{"taxonomy":"product_brand","embeddable":true,"href":"https:\/\/occasions-teile.ch\/fr\/wp-json\/wp\/v2\/product_brand?post=297221"},{"taxonomy":"product_cat","embeddable":true,"href":"https:\/\/occasions-teile.ch\/fr\/wp-json\/wp\/v2\/product_cat?post=297221"},{"taxonomy":"product_tag","embeddable":true,"href":"https:\/\/occasions-teile.ch\/fr\/wp-json\/wp\/v2\/product_tag?post=297221"}],"curies":[{"name":"wp","href":"https:\/\/api.w.org\/{rel}","templated":true}]}}