{"id":297041,"date":"2024-04-23T01:51:20","date_gmt":"2024-04-23T01:51:20","guid":{"rendered":"https:\/\/occasions-teile.ch\/product\/mazda-2-heizungsregulierung-klimabedienteil\/"},"modified":"2024-05-26T00:35:23","modified_gmt":"2024-05-26T00:35:23","slug":"mazda-2-heizungsregulierung-klimabedienteil","status":"publish","type":"product","link":"https:\/\/occasions-teile.ch\/fr\/produkt\/mazda-2-heizungsregulierung-klimabedienteil\/","title":{"rendered":"Mazda 2  Heizungsregulierung Klimabedienteil"},"content":{"rendered":"<p><span><b>Technische Daten<\/b><\/p>\n<p> Fahrzeug: Mazda 2<br \/>\n Chassis Nr.: 3MDDJ6H5A0M204248<br \/>\n Baujahr: 2017<br \/>\n Kilometer: 10000 KM<br \/>\n Leistung: 90 KW<br \/>\n Hubraum: 1496 ccm<br \/>\n Typ: 1MB198<br \/>\n Farbcode: White\/Weiss<br \/>\n Hinweise: &#8211;<\/p>\n<p> Versand: Versand nur in der Schweiz m\u00f6glich.Im Ausland ist der Transport k\u00e4uferseits.<br \/>\n Garantie: 3 Monate Garantie. Bitte beachten Sie, dass die Gew\u00e4hrleistung nur g\u00fcltig ist, wenn der Ersatzteileinbau durch eine Fachwerkstatt\/Meisterwerkstatt erfolgt. Das Ein- und Ausbau des Ersatzteiles kann nicht an uns verrechnet werden. <\/p>\n<p> Ersatzteil: f\u00fcr andere Fahrzeugen (Marken) verf\u00fcgbar auf anfrage. Tel.041 980 27 47. Mobil. 076 589 27 47<\/p>\n<p> Kontakt<br \/>\n  Adresse: Autoverwertung Brun AG<br \/>\n           M\u00f6\u00f6slimatten 13<br \/>\n           6218 Ettiswil<br \/>\n  Telefon: 0041 (041) 980 27 47<br \/>\n  Telefax: 0041 (041) 980 03 47<\/p>\n<p> Wir bieten Ihnen weitere gebrauchte Autoteile zum Kauf an.<br \/>\n Tags: Heizungsregulierung Klimabedienteil, Heating regulation,climate control panel , Re\u00b4gulation du chauffage,e\u00b4le\u00b4ment de commande de la climatisation<br \/>\n<\/span><\/p>\n","protected":false},"excerpt":{"rendered":"<p>Technische Daten Fahrzeug: Mazda 2 Chassis Nr.: 3MDDJ6H5A0M204248 Baujahr: 2017 Kilometer: 10000 KM Leistung: 90 KW Hubraum: 1496 ccm Typ: 1MB198 Farbcode: White\/Weiss Hinweise: &#8211; Versand: Versand nur in der Schweiz m\u00f6glich.Im Ausland ist der Transport k\u00e4uferseits. Garantie: 3 Monate Garantie. Bitte beachten Sie, dass die Gew\u00e4hrleistung nur g\u00fcltig ist, wenn der Ersatzteileinbau durch eine&hellip; <a class=\"more-link\" href=\"https:\/\/occasions-teile.ch\/fr\/produkt\/mazda-2-heizungsregulierung-klimabedienteil\/\">Poursuivre la lecture <span class=\"screen-reader-text\">Mazda 2  Heizungsregulierung Klimabedienteil<\/span><\/a><\/p>\n","protected":false},"featured_media":297038,"template":"","meta":[],"product_brand":[],"product_cat":[1882,1882,1882,1881,1881,1881,711,23636,18212,831,832,711,711,832,831,1308,1308,1308,831,832],"product_tag":[],"class_list":{"0":"post-297041","1":"product","2":"type-product","3":"status-publish","4":"has-post-thumbnail","6":"product_cat-de_2","9":"product_cat-de-3mddj6h5a0m204248","12":"product_cat-de-heizung-klima","13":"product_cat-de-dj-1-5-skyactiv-g-de_2-de_mazda-manufacturer-11","14":"product_cat-de-dj-1-5-skyactiv-g-de_2","15":"product_cat-de-heizungsregulierungklimabedienteil","16":"product_cat-de-heizungsregulierung-klimabedienteil","21":"product_cat-de_mazda","26":"product_shipping_class-tarif-1","27":"entry","29":"first","30":"instock","31":"taxable","32":"shipping-taxable","33":"purchasable","34":"product-type-simple"},"jetpack_sharing_enabled":true,"_links":{"self":[{"href":"https:\/\/occasions-teile.ch\/fr\/wp-json\/wp\/v2\/product\/297041","targetHints":{"allow":["GET"]}}],"collection":[{"href":"https:\/\/occasions-teile.ch\/fr\/wp-json\/wp\/v2\/product"}],"about":[{"href":"https:\/\/occasions-teile.ch\/fr\/wp-json\/wp\/v2\/types\/product"}],"wp:featuredmedia":[{"embeddable":true,"href":"https:\/\/occasions-teile.ch\/fr\/wp-json\/wp\/v2\/media\/297038"}],"wp:attachment":[{"href":"https:\/\/occasions-teile.ch\/fr\/wp-json\/wp\/v2\/media?parent=297041"}],"wp:term":[{"taxonomy":"product_brand","embeddable":true,"href":"https:\/\/occasions-teile.ch\/fr\/wp-json\/wp\/v2\/product_brand?post=297041"},{"taxonomy":"product_cat","embeddable":true,"href":"https:\/\/occasions-teile.ch\/fr\/wp-json\/wp\/v2\/product_cat?post=297041"},{"taxonomy":"product_tag","embeddable":true,"href":"https:\/\/occasions-teile.ch\/fr\/wp-json\/wp\/v2\/product_tag?post=297041"}],"curies":[{"name":"wp","href":"https:\/\/api.w.org\/{rel}","templated":true}]}}