{"id":296997,"date":"2024-04-23T01:05:44","date_gmt":"2024-04-23T01:05:44","guid":{"rendered":"https:\/\/occasions-teile.ch\/product\/land-rover-range-rover-lenkgetriebe\/"},"modified":"2024-05-27T19:31:59","modified_gmt":"2024-05-27T19:31:59","slug":"land-rover-range-rover-lenkgetriebe","status":"publish","type":"product","link":"https:\/\/occasions-teile.ch\/fr\/produkt\/land-rover-range-rover-lenkgetriebe\/","title":{"rendered":"Land Rover Range Rover  Lenkgetriebe"},"content":{"rendered":"<p><span><b>Technische Daten<\/b><\/p>\n<p> Fahrzeug: Land Rover Range Rover<br \/>\n Chassis Nr.: SALLSAA74AA238748<br \/>\n Baujahr: 2010<br \/>\n Kilometer: 225505 KM<br \/>\n Leistung: 272 KW<br \/>\n Hubraum: 3628 ccm<br \/>\n Typ: 1LC583<br \/>\n Farbcode: White\/Weiss<br \/>\n Hinweise: &#8211;<\/p>\n<p> Versand: Versand nur in der Schweiz m\u00f6glich.Im Ausland ist der Transport k\u00e4uferseits.<br \/>\n Garantie: 3 Monate Garantie. Bitte beachten Sie, dass die Gew\u00e4hrleistung nur g\u00fcltig ist, wenn der Ersatzteileinbau durch eine Fachwerkstatt\/Meisterwerkstatt erfolgt. Das Ein- und Ausbau des Ersatzteiles kann nicht an uns verrechnet werden. <\/p>\n<p> Ersatzteil: f\u00fcr andere Fahrzeugen (Marken) verf\u00fcgbar auf anfrage. Tel.041 980 27 47. Mobil. 076 589 27 47<\/p>\n<p> Kontakt<br \/>\n  Adresse: Autoverwertung Brun AG<br \/>\n           M\u00f6\u00f6slimatten 13<br \/>\n           6218 Ettiswil<br \/>\n  Telefon: 0041 (041) 980 27 47<br \/>\n  Telefax: 0041 (041) 980 03 47<\/p>\n<p> Wir bieten Ihnen weitere gebrauchte Autoteile zum Kauf an.<br \/>\n Tags: Lenkgetriebe, Steering gear , Boi^te de direction<br \/>\n<\/span><\/p>\n","protected":false},"excerpt":{"rendered":"<p>Technische Daten Fahrzeug: Land Rover Range Rover Chassis Nr.: SALLSAA74AA238748 Baujahr: 2010 Kilometer: 225505 KM Leistung: 272 KW Hubraum: 3628 ccm Typ: 1LC583 Farbcode: White\/Weiss Hinweise: &#8211; Versand: Versand nur in der Schweiz m\u00f6glich.Im Ausland ist der Transport k\u00e4uferseits. Garantie: 3 Monate Garantie. Bitte beachten Sie, dass die Gew\u00e4hrleistung nur g\u00fcltig ist, wenn der Ersatzteileinbau&hellip; <a class=\"more-link\" href=\"https:\/\/occasions-teile.ch\/fr\/produkt\/land-rover-range-rover-lenkgetriebe\/\">Poursuivre la lecture <span class=\"screen-reader-text\">Land Rover Range Rover  Lenkgetriebe<\/span><\/a><\/p>\n","protected":false},"featured_media":296994,"template":"","meta":[],"product_brand":[],"product_cat":[709,710,544,541,1694,1697,1700,706,705,2329,2331,2333,18200,23725,2330,2332,2328,707,708,547],"product_tag":[],"class_list":{"0":"post-296997","1":"product","2":"type-product","3":"status-publish","4":"has-post-thumbnail","6":"product_cat-fr-boite-de-direction","7":"product_cat-fr-boite-de-direction-fr-boite-de-direction","8":"product_cat-en-chassis-steering","9":"product_cat-de-fahrwerk-lenkung","10":"product_cat-de_land-rover","11":"product_cat-en_land-rover","12":"product_cat-fr_land-rover","13":"product_cat-de-lenkgetriebe-de-lenkgetriebe","14":"product_cat-de-lenkgetriebe","15":"product_cat-de_range-rover","16":"product_cat-en_range-rover","17":"product_cat-fr_range-rover","18":"product_cat-de-rr-sport-de_range-rover-de_land-rover-manufacturer-5","19":"product_cat-de-rr-sport-de_range-rover-de_land-rover-manufacturer-51","20":"product_cat-en-sallsaa74aa238748-20000203","21":"product_cat-fr-sallsaa74aa238748-20000203","22":"product_cat-de-sallsaa74aa238748-20000203","23":"product_cat-en-steering-gear","24":"product_cat-en-steering-gear-en-steering-gear","25":"product_cat-fr-train-de-roulement-direction","26":"product_shipping_class-tarif-3","27":"entry","29":"first","30":"instock","31":"taxable","32":"shipping-taxable","33":"purchasable","34":"product-type-simple"},"jetpack_sharing_enabled":true,"_links":{"self":[{"href":"https:\/\/occasions-teile.ch\/fr\/wp-json\/wp\/v2\/product\/296997","targetHints":{"allow":["GET"]}}],"collection":[{"href":"https:\/\/occasions-teile.ch\/fr\/wp-json\/wp\/v2\/product"}],"about":[{"href":"https:\/\/occasions-teile.ch\/fr\/wp-json\/wp\/v2\/types\/product"}],"wp:featuredmedia":[{"embeddable":true,"href":"https:\/\/occasions-teile.ch\/fr\/wp-json\/wp\/v2\/media\/296994"}],"wp:attachment":[{"href":"https:\/\/occasions-teile.ch\/fr\/wp-json\/wp\/v2\/media?parent=296997"}],"wp:term":[{"taxonomy":"product_brand","embeddable":true,"href":"https:\/\/occasions-teile.ch\/fr\/wp-json\/wp\/v2\/product_brand?post=296997"},{"taxonomy":"product_cat","embeddable":true,"href":"https:\/\/occasions-teile.ch\/fr\/wp-json\/wp\/v2\/product_cat?post=296997"},{"taxonomy":"product_tag","embeddable":true,"href":"https:\/\/occasions-teile.ch\/fr\/wp-json\/wp\/v2\/product_tag?post=296997"}],"curies":[{"name":"wp","href":"https:\/\/api.w.org\/{rel}","templated":true}]}}