{"id":296917,"date":"2024-04-22T23:51:49","date_gmt":"2024-04-22T23:51:49","guid":{"rendered":"https:\/\/occasions-teile.ch\/product\/audi-a4-zierleisten-abdeckungen-verkleidungen\/"},"modified":"2024-05-23T15:52:43","modified_gmt":"2024-05-23T15:52:43","slug":"audi-a4-zierleisten-abdeckungen-verkleidungen","status":"publish","type":"product","link":"https:\/\/occasions-teile.ch\/fr\/produkt\/audi-a4-zierleisten-abdeckungen-verkleidungen\/","title":{"rendered":"Audi A4  Zierleisten, Abdeckungen, Verkleidungen"},"content":{"rendered":"<p><span><b>Technische Daten<\/b><\/p>\n<p> Fahrzeug: Audi A4<br \/>\n Chassis Nr.: WAUZZZF45GA005045<br \/>\n Baujahr: 2015<br \/>\n Kilometer: 140000 KM<br \/>\n Leistung: 190 KW<br \/>\n Hubraum: 1968 ccm<br \/>\n Typ: 1AE422<br \/>\n Farbcode: grau<br \/>\n Hinweise: &#8211;<\/p>\n<p> Versand: Versand nur in der Schweiz m\u00f6glich.Im Ausland ist der Transport k\u00e4uferseits.<br \/>\n Garantie: 3 Monate Garantie. Bitte beachten Sie, dass die Gew\u00e4hrleistung nur g\u00fcltig ist, wenn der Ersatzteileinbau durch eine Fachwerkstatt\/Meisterwerkstatt erfolgt. Das Ein- und Ausbau des Ersatzteiles kann nicht an uns verrechnet werden. <\/p>\n<p> Ersatzteil: f\u00fcr andere Fahrzeugen (Marken) verf\u00fcgbar auf anfrage. Tel.041 980 27 47. Mobil. 076 589 27 47<\/p>\n<p> Kontakt<br \/>\n  Adresse: Autoverwertung Brun AG<br \/>\n           M\u00f6\u00f6slimatten 13<br \/>\n           6218 Ettiswil<br \/>\n  Telefon: 0041 (041) 980 27 47<br \/>\n  Telefax: 0041 (041) 980 03 47<\/p>\n<p> Wir bieten Ihnen weitere gebrauchte Autoteile zum Kauf an.<br \/>\n Tags: Zierleisten, Abdeckungen, Verkleidungen, Trims, Covers, Fairings , Moulures, Couvertures, Habillages<br \/>\n<\/span><\/p>\n","protected":false},"excerpt":{"rendered":"<p>Technische Daten Fahrzeug: Audi A4 Chassis Nr.: WAUZZZF45GA005045 Baujahr: 2015 Kilometer: 140000 KM Leistung: 190 KW Hubraum: 1968 ccm Typ: 1AE422 Farbcode: grau Hinweise: &#8211; Versand: Versand nur in der Schweiz m\u00f6glich.Im Ausland ist der Transport k\u00e4uferseits. Garantie: 3 Monate Garantie. Bitte beachten Sie, dass die Gew\u00e4hrleistung nur g\u00fcltig ist, wenn der Ersatzteileinbau durch eine&hellip; <a class=\"more-link\" href=\"https:\/\/occasions-teile.ch\/fr\/produkt\/audi-a4-zierleisten-abdeckungen-verkleidungen\/\">Poursuivre la lecture <span class=\"screen-reader-text\">Audi A4  Zierleisten, Abdeckungen, Verkleidungen<\/span><\/a><\/p>\n","protected":false},"featured_media":296914,"template":"","meta":[],"product_brand":[],"product_cat":[18180,23540,465,459,462,464,458,461,488,491,485,1396,1395,1394,1393,2123,2124,2125,1392,1391],"product_tag":[],"class_list":{"0":"post-296917","1":"product","2":"type-product","3":"status-publish","4":"has-post-thumbnail","6":"product_cat-de-2-0tdi-8w-de_a4-de_audi","7":"product_cat-de-2-0tdi-8w-de_a4-de_audi-manufacturer-42","8":"product_cat-fr_a4","9":"product_cat-de_a4","10":"product_cat-en_a4","11":"product_cat-fr_audi","12":"product_cat-de_audi","13":"product_cat-en_audi","14":"product_cat-en-body-center","15":"product_cat-fr-centre-de-la-carrosserie","16":"product_cat-de-karosserie-mitte","17":"product_cat-fr-moulures-couvertures-habillages","18":"product_cat-fr-moulurescouvertureshabillages","19":"product_cat-en-trims-covers-fairings","20":"product_cat-en-trimscoversfairings","21":"product_cat-de-wauzzzf45ga005045-20000182","22":"product_cat-en-wauzzzf45ga005045-20000182","23":"product_cat-fr-wauzzzf45ga005045-20000182","24":"product_cat-de-zierleisten-abdeckungen-verkleidungen","25":"product_cat-de-zierleistenabdeckungenverkleidungen","26":"product_shipping_class-tarif-1","27":"entry","29":"first","30":"instock","31":"taxable","32":"shipping-taxable","33":"purchasable","34":"product-type-simple"},"jetpack_sharing_enabled":true,"_links":{"self":[{"href":"https:\/\/occasions-teile.ch\/fr\/wp-json\/wp\/v2\/product\/296917","targetHints":{"allow":["GET"]}}],"collection":[{"href":"https:\/\/occasions-teile.ch\/fr\/wp-json\/wp\/v2\/product"}],"about":[{"href":"https:\/\/occasions-teile.ch\/fr\/wp-json\/wp\/v2\/types\/product"}],"wp:featuredmedia":[{"embeddable":true,"href":"https:\/\/occasions-teile.ch\/fr\/wp-json\/wp\/v2\/media\/296914"}],"wp:attachment":[{"href":"https:\/\/occasions-teile.ch\/fr\/wp-json\/wp\/v2\/media?parent=296917"}],"wp:term":[{"taxonomy":"product_brand","embeddable":true,"href":"https:\/\/occasions-teile.ch\/fr\/wp-json\/wp\/v2\/product_brand?post=296917"},{"taxonomy":"product_cat","embeddable":true,"href":"https:\/\/occasions-teile.ch\/fr\/wp-json\/wp\/v2\/product_cat?post=296917"},{"taxonomy":"product_tag","embeddable":true,"href":"https:\/\/occasions-teile.ch\/fr\/wp-json\/wp\/v2\/product_tag?post=296917"}],"curies":[{"name":"wp","href":"https:\/\/api.w.org\/{rel}","templated":true}]}}