{"id":296865,"date":"2024-04-22T23:06:50","date_gmt":"2024-04-22T23:06:50","guid":{"rendered":"https:\/\/occasions-teile.ch\/product\/maserati-ghibli-verteilergetriebe-vorderachsgetriebe\/"},"modified":"2024-05-29T05:08:48","modified_gmt":"2024-05-29T05:08:48","slug":"maserati-ghibli-verteilergetriebe-vorderachsgetriebe","status":"publish","type":"product","link":"https:\/\/occasions-teile.ch\/fr\/produkt\/maserati-ghibli-verteilergetriebe-vorderachsgetriebe\/","title":{"rendered":"Maserati Ghibli  Verteilergetriebe Vorderachsgetriebe"},"content":{"rendered":"<p><span><b>Technische Daten<\/b><\/p>\n<p> Fahrzeug: Maserati Ghibli<br \/>\n Chassis Nr.: ZAMRT57B001101163<br \/>\n Baujahr: 2014<br \/>\n Kilometer: 140976 KM<br \/>\n Leistung: 410 KW<br \/>\n Hubraum: 2979 ccm<br \/>\n Typ: 1MA154<br \/>\n Farbcode: Black<br \/>\n Hinweise: &#8211;<\/p>\n<p> Versand: Versand nur in der Schweiz m\u00f6glich.Im Ausland ist der Transport k\u00e4uferseits.<br \/>\n Garantie: 3 Monate Garantie. Bitte beachten Sie, dass die Gew\u00e4hrleistung nur g\u00fcltig ist, wenn der Ersatzteileinbau durch eine Fachwerkstatt\/Meisterwerkstatt erfolgt. Das Ein- und Ausbau des Ersatzteiles kann nicht an uns verrechnet werden. <\/p>\n<p> Ersatzteil: f\u00fcr andere Fahrzeugen (Marken) verf\u00fcgbar auf anfrage. Tel.041 980 27 47. Mobil. 076 589 27 47<\/p>\n<p> Kontakt<br \/>\n  Adresse: Autoverwertung Brun AG<br \/>\n           M\u00f6\u00f6slimatten 13<br \/>\n           6218 Ettiswil<br \/>\n  Telefon: 0041 (041) 980 27 47<br \/>\n  Telefax: 0041 (041) 980 03 47<\/p>\n<p> Wir bieten Ihnen weitere gebrauchte Autoteile zum Kauf an.<br \/>\n Tags: Verteilergetriebe Vorderachsgetriebe, Front axle gearbox , Boi^te de vitesses avant<br \/>\n<\/span><\/p>\n","protected":false},"excerpt":{"rendered":"<p>Technische Daten Fahrzeug: Maserati Ghibli Chassis Nr.: ZAMRT57B001101163 Baujahr: 2014 Kilometer: 140976 KM Leistung: 410 KW Hubraum: 2979 ccm Typ: 1MA154 Farbcode: Black Hinweise: &#8211; Versand: Versand nur in der Schweiz m\u00f6glich.Im Ausland ist der Transport k\u00e4uferseits. Garantie: 3 Monate Garantie. Bitte beachten Sie, dass die Gew\u00e4hrleistung nur g\u00fcltig ist, wenn der Ersatzteileinbau durch eine&hellip; <a class=\"more-link\" href=\"https:\/\/occasions-teile.ch\/fr\/produkt\/maserati-ghibli-verteilergetriebe-vorderachsgetriebe\/\">Poursuivre la lecture <span class=\"screen-reader-text\">Maserati Ghibli  Verteilergetriebe Vorderachsgetriebe<\/span><\/a><\/p>\n","protected":false},"featured_media":296862,"template":"","meta":[],"product_brand":[],"product_cat":[1062,648,1719,1718,23813,18167,1063,1717],"product_tag":[],"class_list":{"0":"post-296865","1":"product","2":"type-product","3":"status-publish","4":"has-post-thumbnail","6":"product_cat-de-achsgetriebe-differentiale4x4","7":"product_cat-de-getriebe-antrieb","8":"product_cat-de_ghibli","9":"product_cat-de_maserati","10":"product_cat-de-s-q4-de_ghibli-de_maserati-manufacturer-30","11":"product_cat-de-s-q4-de_ghibli-de_maserati-manufacturer-23","12":"product_cat-de-verteilergetriebe-vorderachsgetriebe","13":"product_cat-de-zamrt57b001101163","14":"product_shipping_class-tarif-2","15":"entry","17":"first","18":"instock","19":"taxable","20":"shipping-taxable","21":"purchasable","22":"product-type-simple"},"jetpack_sharing_enabled":true,"_links":{"self":[{"href":"https:\/\/occasions-teile.ch\/fr\/wp-json\/wp\/v2\/product\/296865","targetHints":{"allow":["GET"]}}],"collection":[{"href":"https:\/\/occasions-teile.ch\/fr\/wp-json\/wp\/v2\/product"}],"about":[{"href":"https:\/\/occasions-teile.ch\/fr\/wp-json\/wp\/v2\/types\/product"}],"wp:featuredmedia":[{"embeddable":true,"href":"https:\/\/occasions-teile.ch\/fr\/wp-json\/wp\/v2\/media\/296862"}],"wp:attachment":[{"href":"https:\/\/occasions-teile.ch\/fr\/wp-json\/wp\/v2\/media?parent=296865"}],"wp:term":[{"taxonomy":"product_brand","embeddable":true,"href":"https:\/\/occasions-teile.ch\/fr\/wp-json\/wp\/v2\/product_brand?post=296865"},{"taxonomy":"product_cat","embeddable":true,"href":"https:\/\/occasions-teile.ch\/fr\/wp-json\/wp\/v2\/product_cat?post=296865"},{"taxonomy":"product_tag","embeddable":true,"href":"https:\/\/occasions-teile.ch\/fr\/wp-json\/wp\/v2\/product_tag?post=296865"}],"curies":[{"name":"wp","href":"https:\/\/api.w.org\/{rel}","templated":true}]}}