{"id":296845,"date":"2024-04-22T22:49:39","date_gmt":"2024-04-22T22:49:39","guid":{"rendered":"https:\/\/occasions-teile.ch\/product\/mazda-cx-5-lenkwinkelsensor-schleifring-2\/"},"modified":"2024-05-27T07:20:40","modified_gmt":"2024-05-27T07:20:40","slug":"mazda-cx-5-lenkwinkelsensor-schleifring-2","status":"publish","type":"product","link":"https:\/\/occasions-teile.ch\/fr\/produkt\/mazda-cx-5-lenkwinkelsensor-schleifring-2\/","title":{"rendered":"Mazda CX-5  Lenkwinkelsensor Schleifring"},"content":{"rendered":"<p><span><b>Technische Daten<\/b><\/p>\n<p> Fahrzeug: Mazda CX-5<br \/>\n Chassis Nr.: JMZKEN92600146494<br \/>\n Baujahr: 2013<br \/>\n Kilometer: 151965 KM<br \/>\n Leistung: 175 KW<br \/>\n Hubraum: 2191 ccm<br \/>\n Typ: 1MA855<br \/>\n Farbcode: Black<br \/>\n Hinweise: &#8211;<\/p>\n<p> Versand: Versand nur in der Schweiz m\u00f6glich.Im Ausland ist der Transport k\u00e4uferseits.<br \/>\n Garantie: 3 Monate Garantie. Bitte beachten Sie, dass die Gew\u00e4hrleistung nur g\u00fcltig ist, wenn der Ersatzteileinbau durch eine Fachwerkstatt\/Meisterwerkstatt erfolgt. Das Ein- und Ausbau des Ersatzteiles kann nicht an uns verrechnet werden. <\/p>\n<p> Ersatzteil: f\u00fcr andere Fahrzeugen (Marken) verf\u00fcgbar auf anfrage. Tel.041 980 27 47. Mobil. 076 589 27 47<\/p>\n<p> Kontakt<br \/>\n  Adresse: Autoverwertung Brun AG<br \/>\n           M\u00f6\u00f6slimatten 13<br \/>\n           6218 Ettiswil<br \/>\n  Telefon: 0041 (041) 980 27 47<br \/>\n  Telefax: 0041 (041) 980 03 47<\/p>\n<p> Wir bieten Ihnen weitere gebrauchte Autoteile zum Kauf an.<br \/>\n Tags: Lenkwinkelsensor Schleifring, Steering angle sensor slip ring, Bague collectrice du capteur d&rsquo;angle de braquage<br \/>\n<\/span><\/p>\n","protected":false},"excerpt":{"rendered":"<p>Technische Daten Fahrzeug: Mazda CX-5 Chassis Nr.: JMZKEN92600146494 Baujahr: 2013 Kilometer: 151965 KM Leistung: 175 KW Hubraum: 2191 ccm Typ: 1MA855 Farbcode: Black Hinweise: &#8211; Versand: Versand nur in der Schweiz m\u00f6glich.Im Ausland ist der Transport k\u00e4uferseits. Garantie: 3 Monate Garantie. Bitte beachten Sie, dass die Gew\u00e4hrleistung nur g\u00fcltig ist, wenn der Ersatzteileinbau durch eine&hellip; <a class=\"more-link\" href=\"https:\/\/occasions-teile.ch\/fr\/produkt\/mazda-cx-5-lenkwinkelsensor-schleifring-2\/\">Poursuivre la lecture <span class=\"screen-reader-text\">Mazda CX-5  Lenkwinkelsensor Schleifring<\/span><\/a><\/p>\n","protected":false},"featured_media":296842,"template":"","meta":[],"product_brand":[],"product_cat":[23679,18162,1143,1144,544,1957,1959,1955,541,1956,1958,1954,1311,1314,1308,1140,1139,1142,1141,547],"product_tag":[],"class_list":{"0":"post-296845","1":"product","2":"type-product","3":"status-publish","4":"has-post-thumbnail","6":"product_cat-de-2-2d-ke102-de_cx-5-de_mazda-manufacturer-77","7":"product_cat-de-2-2d-ke102-de_cx-5-de_mazda-manufacturer-3","8":"product_cat-fr-capteursbague-collectrice","9":"product_cat-fr-capteursbague-collectrice-fr-capteursbague-collectrice","10":"product_cat-en-chassis-steering","11":"product_cat-en_cx-5","12":"product_cat-fr_cx-5","13":"product_cat-de_cx-5","14":"product_cat-de-fahrwerk-lenkung","15":"product_cat-en-jmzken92600146494","16":"product_cat-fr-jmzken92600146494","17":"product_cat-de-jmzken92600146494","18":"product_cat-en_mazda","19":"product_cat-fr_mazda","20":"product_cat-de_mazda","21":"product_cat-de-sensoren-schleifring","22":"product_cat-de-sensorenschleifring","23":"product_cat-en-sensors-slip-ring","24":"product_cat-en-sensorsslip-ring","25":"product_cat-fr-train-de-roulement-direction","26":"product_shipping_class-tarif-1","27":"entry","29":"first","30":"instock","31":"taxable","32":"shipping-taxable","33":"purchasable","34":"product-type-simple"},"jetpack_sharing_enabled":true,"_links":{"self":[{"href":"https:\/\/occasions-teile.ch\/fr\/wp-json\/wp\/v2\/product\/296845","targetHints":{"allow":["GET"]}}],"collection":[{"href":"https:\/\/occasions-teile.ch\/fr\/wp-json\/wp\/v2\/product"}],"about":[{"href":"https:\/\/occasions-teile.ch\/fr\/wp-json\/wp\/v2\/types\/product"}],"wp:featuredmedia":[{"embeddable":true,"href":"https:\/\/occasions-teile.ch\/fr\/wp-json\/wp\/v2\/media\/296842"}],"wp:attachment":[{"href":"https:\/\/occasions-teile.ch\/fr\/wp-json\/wp\/v2\/media?parent=296845"}],"wp:term":[{"taxonomy":"product_brand","embeddable":true,"href":"https:\/\/occasions-teile.ch\/fr\/wp-json\/wp\/v2\/product_brand?post=296845"},{"taxonomy":"product_cat","embeddable":true,"href":"https:\/\/occasions-teile.ch\/fr\/wp-json\/wp\/v2\/product_cat?post=296845"},{"taxonomy":"product_tag","embeddable":true,"href":"https:\/\/occasions-teile.ch\/fr\/wp-json\/wp\/v2\/product_tag?post=296845"}],"curies":[{"name":"wp","href":"https:\/\/api.w.org\/{rel}","templated":true}]}}