{"id":296825,"date":"2024-04-22T22:32:34","date_gmt":"2024-04-22T22:32:34","guid":{"rendered":"https:\/\/occasions-teile.ch\/product\/bmw-7-serien-735-automatikgetriebe\/"},"modified":"2026-03-13T12:46:38","modified_gmt":"2026-03-13T12:46:38","slug":"bmw-7-serien-735-automatikgetriebe","status":"publish","type":"product","link":"https:\/\/occasions-teile.ch\/fr\/produkt\/bmw-7-serien-735-automatikgetriebe\/","title":{"rendered":"BMW 7-serien 735 Automatikgetriebe 24007528158"},"content":{"rendered":"<p><b>Technische Daten<\/b><\/p>\n<p>Fahrzeug: BMW 7-serien 735<br \/>\nChassis Nr.: WBAGL41050DL94225<br \/>\nBaujahr: 2002<br \/>\nKilometer: 185987 KM<br \/>\nLeistung: 272 KW<br \/>\nHubraum: 3600 ccm<br \/>\nTyp: 1BB155<br \/>\nFarbcode: Green<br \/>\nHinweise: &#8211;<\/p>\n<p>Versand: Versand nur in der Schweiz m\u00f6glich.Im Ausland ist der Transport k\u00e4uferseits.<br \/>\nGarantie: 3 Monate Garantie. Bitte beachten Sie, dass die Gew\u00e4hrleistung nur g\u00fcltig ist, wenn der Ersatzteileinbau durch eine Fachwerkstatt\/Meisterwerkstatt erfolgt. Das Ein- und Ausbau des Ersatzteiles kann nicht an uns verrechnet werden.<\/p>\n<p>Ersatzteil: f\u00fcr andere Fahrzeugen (Marken) verf\u00fcgbar auf anfrage. Tel.041 980 27 47. Mobil. 076 589 27 47<\/p>\n<p>Kontakt<br \/>\nAdresse: Autoverwertung Brun AG<br \/>\nM\u00f6\u00f6slimatten 13<br \/>\n6218 Ettiswil<br \/>\nTelefon: 0041 (041) 980 27 47<br \/>\nTelefax: 0041 (041) 980 03 47<\/p>\n<p>Wir bieten Ihnen weitere gebrauchte Autoteile zum Kauf an.<br \/>\nTags: Automatikgetriebe, Automatic transmission , Boi^te de vitesses automatique<\/p>\n","protected":false},"excerpt":{"rendered":"<p>Technische Daten Fahrzeug: BMW 7-serien 735 Chassis Nr.: WBAGL41050DL94225 Baujahr: 2002 Kilometer: 185987 KM Leistung: 272 KW Hubraum: 3600 ccm Typ: 1BB155 Farbcode: Green Hinweise: &#8211; Versand: Versand nur in der Schweiz m\u00f6glich.Im Ausland ist der Transport k\u00e4uferseits. Garantie: 3 Monate Garantie. Bitte beachten Sie, dass die Gew\u00e4hrleistung nur g\u00fcltig ist, wenn der Ersatzteileinbau durch&hellip; <a class=\"more-link\" href=\"https:\/\/occasions-teile.ch\/fr\/produkt\/bmw-7-serien-735-automatikgetriebe\/\">Poursuivre la lecture <span class=\"screen-reader-text\">BMW 7-serien 735 Automatikgetriebe 24007528158<\/span><\/a><\/p>\n","protected":false},"featured_media":296822,"template":"","meta":[],"product_brand":[],"product_cat":[4907,1050,1051,1509,23832,648,6997],"product_tag":[],"class_list":{"0":"post-296825","1":"product","2":"type-product","3":"status-publish","4":"has-post-thumbnail","6":"product_cat-de_slug_bmw_7-serien-735_796","7":"product_cat-de-automatikgetriebe","8":"product_cat-de-automatikgetriebe-de-automatikgetriebe","9":"product_cat-de_bmw","10":"product_cat-de-e65-v8-de_slug_bmw_7-serien-735_796-de_bmw-manufacturer-108","11":"product_cat-de-getriebe-antrieb","12":"product_cat-de-wbagl41050dl94225-200000231","13":"product_shipping_class-tarif-4","14":"entry","16":"first","17":"instock","18":"taxable","19":"shipping-taxable","20":"purchasable","21":"product-type-simple"},"jetpack_sharing_enabled":true,"_links":{"self":[{"href":"https:\/\/occasions-teile.ch\/fr\/wp-json\/wp\/v2\/product\/296825","targetHints":{"allow":["GET"]}}],"collection":[{"href":"https:\/\/occasions-teile.ch\/fr\/wp-json\/wp\/v2\/product"}],"about":[{"href":"https:\/\/occasions-teile.ch\/fr\/wp-json\/wp\/v2\/types\/product"}],"wp:featuredmedia":[{"embeddable":true,"href":"https:\/\/occasions-teile.ch\/fr\/wp-json\/wp\/v2\/media\/296822"}],"wp:attachment":[{"href":"https:\/\/occasions-teile.ch\/fr\/wp-json\/wp\/v2\/media?parent=296825"}],"wp:term":[{"taxonomy":"product_brand","embeddable":true,"href":"https:\/\/occasions-teile.ch\/fr\/wp-json\/wp\/v2\/product_brand?post=296825"},{"taxonomy":"product_cat","embeddable":true,"href":"https:\/\/occasions-teile.ch\/fr\/wp-json\/wp\/v2\/product_cat?post=296825"},{"taxonomy":"product_tag","embeddable":true,"href":"https:\/\/occasions-teile.ch\/fr\/wp-json\/wp\/v2\/product_tag?post=296825"}],"curies":[{"name":"wp","href":"https:\/\/api.w.org\/{rel}","templated":true}]}}