{"id":296813,"date":"2024-04-22T22:21:27","date_gmt":"2024-04-22T22:21:27","guid":{"rendered":"https:\/\/occasions-teile.ch\/product\/mazda-3-rueckleuchte-rechts\/"},"modified":"2024-05-25T20:08:09","modified_gmt":"2024-05-25T20:08:09","slug":"mazda-3-rueckleuchte-rechts","status":"publish","type":"product","link":"https:\/\/occasions-teile.ch\/fr\/produkt\/mazda-3-rueckleuchte-rechts\/","title":{"rendered":"Mazda 3  R\u00fcckleuchte rechts"},"content":{"rendered":"<p><span><b>Technische Daten<\/b><\/p>\n<p> Fahrzeug: Mazda 3<br \/>\n Chassis Nr.: JMZBM547621174166<br \/>\n Baujahr: 2015<br \/>\n Kilometer: 139803 KM<br \/>\n Leistung: 165 KW<br \/>\n Hubraum: 1998 ccm<br \/>\n Typ: 1MA961<br \/>\n Farbcode: &#8211;<br \/>\n Hinweise: &#8211;<\/p>\n<p> Versand: Versand nur in der Schweiz m\u00f6glich.Im Ausland ist der Transport k\u00e4uferseits.<br \/>\n Garantie: 3 Monate Garantie. Bitte beachten Sie, dass die Gew\u00e4hrleistung nur g\u00fcltig ist, wenn der Ersatzteileinbau durch eine Fachwerkstatt\/Meisterwerkstatt erfolgt. Das Ein- und Ausbau des Ersatzteiles kann nicht an uns verrechnet werden. <\/p>\n<p> Ersatzteil: f\u00fcr andere Fahrzeugen (Marken) verf\u00fcgbar auf anfrage. Tel.041 980 27 47. Mobil. 076 589 27 47<\/p>\n<p> Kontakt<br \/>\n  Adresse: Autoverwertung Brun AG<br \/>\n           M\u00f6\u00f6slimatten 13<br \/>\n           6218 Ettiswil<br \/>\n  Telefon: 0041 (041) 980 27 47<br \/>\n  Telefax: 0041 (041) 980 03 47<\/p>\n<p> Wir bieten Ihnen weitere gebrauchte Autoteile zum Kauf an.<br \/>\n Tags: R\u00fcckleuchte rechts, Tail light right , Feu arrie`re droit<br \/>\n<\/span><\/p>\n","protected":false},"excerpt":{"rendered":"<p>Technische Daten Fahrzeug: Mazda 3 Chassis Nr.: JMZBM547621174166 Baujahr: 2015 Kilometer: 139803 KM Leistung: 165 KW Hubraum: 1998 ccm Typ: 1MA961 Farbcode: &#8211; Hinweise: &#8211; Versand: Versand nur in der Schweiz m\u00f6glich.Im Ausland ist der Transport k\u00e4uferseits. Garantie: 3 Monate Garantie. Bitte beachten Sie, dass die Gew\u00e4hrleistung nur g\u00fcltig ist, wenn der Ersatzteileinbau durch eine&hellip; <a class=\"more-link\" href=\"https:\/\/occasions-teile.ch\/fr\/produkt\/mazda-3-rueckleuchte-rechts\/\">Poursuivre la lecture <span class=\"screen-reader-text\">Mazda 3  R\u00fcckleuchte rechts<\/span><\/a><\/p>\n","protected":false},"featured_media":296810,"template":"","meta":[],"product_brand":[],"product_cat":[1309,1309,1309,521,521,1121,1127,1307,1307,1307,521,1308,1308,1308,1121,1127,23625,18154,1127,1121],"product_tag":[],"class_list":{"0":"post-296813","1":"product","2":"type-product","3":"status-publish","4":"has-post-thumbnail","6":"product_cat-de_3","9":"product_cat-de-karosserie-heck","11":"product_cat-de-rueckleuchte","12":"product_cat-de-rueckleuchte-rechts","13":"product_cat-de-jmzbm547621174166","17":"product_cat-de_mazda","22":"product_cat-de-skyg-165-hb-de_3-de_mazda-manufacturer-38","23":"product_cat-de-skyg-165-hb","26":"product_shipping_class-tarif-1","27":"entry","29":"first","30":"instock","31":"taxable","32":"shipping-taxable","33":"purchasable","34":"product-type-simple"},"jetpack_sharing_enabled":true,"_links":{"self":[{"href":"https:\/\/occasions-teile.ch\/fr\/wp-json\/wp\/v2\/product\/296813","targetHints":{"allow":["GET"]}}],"collection":[{"href":"https:\/\/occasions-teile.ch\/fr\/wp-json\/wp\/v2\/product"}],"about":[{"href":"https:\/\/occasions-teile.ch\/fr\/wp-json\/wp\/v2\/types\/product"}],"wp:featuredmedia":[{"embeddable":true,"href":"https:\/\/occasions-teile.ch\/fr\/wp-json\/wp\/v2\/media\/296810"}],"wp:attachment":[{"href":"https:\/\/occasions-teile.ch\/fr\/wp-json\/wp\/v2\/media?parent=296813"}],"wp:term":[{"taxonomy":"product_brand","embeddable":true,"href":"https:\/\/occasions-teile.ch\/fr\/wp-json\/wp\/v2\/product_brand?post=296813"},{"taxonomy":"product_cat","embeddable":true,"href":"https:\/\/occasions-teile.ch\/fr\/wp-json\/wp\/v2\/product_cat?post=296813"},{"taxonomy":"product_tag","embeddable":true,"href":"https:\/\/occasions-teile.ch\/fr\/wp-json\/wp\/v2\/product_tag?post=296813"}],"curies":[{"name":"wp","href":"https:\/\/api.w.org\/{rel}","templated":true}]}}