{"id":29656,"date":"2023-05-04T08:13:10","date_gmt":"2023-05-04T08:13:10","guid":{"rendered":"https:\/\/occasions-teile.ch\/product\/peugeot-208-auspuff-auspuffanlage-2\/"},"modified":"2024-05-25T17:55:52","modified_gmt":"2024-05-25T17:55:52","slug":"peugeot-208-auspuff-auspuffanlage-2","status":"publish","type":"product","link":"https:\/\/occasions-teile.ch\/fr\/produkt\/peugeot-208-auspuff-auspuffanlage-2\/","title":{"rendered":"Peugeot 208  Auspuff Auspuffanlage"},"content":{"rendered":"<p><span><b>Technische Daten<\/b><\/p>\n<p> Fahrzeug: Peugeot 208<br \/>\n Chassis Nr.: VF3CCHMZ0DW005975<br \/>\n Baujahr: 2013<br \/>\n Kilometer: 0 KM<br \/>\n Leistung: 82 KW<br \/>\n Hubraum: 1199 ccm<br \/>\n Typ: 1pa991<br \/>\n Farbcode: grau<br \/>\n Hinweise: &#8211;<\/p>\n<p> Versand: Versand nur in der Schweiz m\u00f6glich.Im Ausland ist der Transport k\u00e4uferseits.<br \/>\n Garantie: 3 Monate Garantie. Bitte beachten Sie, dass die Gew\u00e4hrleistung nur g\u00fcltig ist, wenn der Ersatzteileinbau durch eine Fachwerkstatt\/Meisterwerkstatt erfolgt. Das Ein- und Ausbau des Ersatzteiles kann nicht an uns verrechnet werden. <\/p>\n<p> Ersatzteil: f\u00fcr andere Fahrzeugen (Marken) verf\u00fcgbar auf anfrage. Tel.041 980 27 47. Mobil. 076 589 27 47<\/p>\n<p> Kontakt<br \/>\n  Adresse: Autoverwertung Brun AG<br \/>\n           M\u00f6\u00f6slimatten 13<br \/>\n           6218 Ettiswil<br \/>\n  Telefon: 0041 (041) 980 27 47<br \/>\n  Telefax: 0041 (041) 980 03 47<\/p>\n<p> Wir bieten Ihnen weitere gebrauchte Autoteile zum Kauf an.<br \/>\n<\/span><\/p>\n","protected":false},"excerpt":{"rendered":"<p>Technische Daten Fahrzeug: Peugeot 208 Chassis Nr.: VF3CCHMZ0DW005975 Baujahr: 2013 Kilometer: 0 KM Leistung: 82 KW Hubraum: 1199 ccm Typ: 1pa991 Farbcode: grau Hinweise: &#8211; Versand: Versand nur in der Schweiz m\u00f6glich.Im Ausland ist der Transport k\u00e4uferseits. Garantie: 3 Monate Garantie. Bitte beachten Sie, dass die Gew\u00e4hrleistung nur g\u00fcltig ist, wenn der Ersatzteileinbau durch eine&hellip; <a class=\"more-link\" href=\"https:\/\/occasions-teile.ch\/fr\/produkt\/peugeot-208-auspuff-auspuffanlage-2\/\">Poursuivre la lecture <span class=\"screen-reader-text\">Peugeot 208  Auspuff Auspuffanlage<\/span><\/a><\/p>\n","protected":false},"featured_media":29650,"template":"","meta":[],"product_brand":[],"product_cat":[23622,1185,597,735,736,1184,1939],"product_tag":[],"class_list":{"0":"post-29656","1":"product","2":"type-product","3":"status-publish","4":"has-post-thumbnail","6":"product_cat-de-1-2-vti-82-de_208-de_peugeot-manufacturer-13","7":"product_cat-de_208","8":"product_cat-de-abgasanlage","9":"product_cat-de-auspuffanlage","10":"product_cat-de-auspuffanlagekomplett","11":"product_cat-de_peugeot","12":"product_cat-de-vf3cchmz0dw005975","13":"product_shipping_class-tarif-2","14":"entry","16":"first","17":"instock","18":"taxable","19":"shipping-taxable","20":"purchasable","21":"product-type-simple"},"jetpack_sharing_enabled":true,"_links":{"self":[{"href":"https:\/\/occasions-teile.ch\/fr\/wp-json\/wp\/v2\/product\/29656","targetHints":{"allow":["GET"]}}],"collection":[{"href":"https:\/\/occasions-teile.ch\/fr\/wp-json\/wp\/v2\/product"}],"about":[{"href":"https:\/\/occasions-teile.ch\/fr\/wp-json\/wp\/v2\/types\/product"}],"wp:featuredmedia":[{"embeddable":true,"href":"https:\/\/occasions-teile.ch\/fr\/wp-json\/wp\/v2\/media\/29650"}],"wp:attachment":[{"href":"https:\/\/occasions-teile.ch\/fr\/wp-json\/wp\/v2\/media?parent=29656"}],"wp:term":[{"taxonomy":"product_brand","embeddable":true,"href":"https:\/\/occasions-teile.ch\/fr\/wp-json\/wp\/v2\/product_brand?post=29656"},{"taxonomy":"product_cat","embeddable":true,"href":"https:\/\/occasions-teile.ch\/fr\/wp-json\/wp\/v2\/product_cat?post=29656"},{"taxonomy":"product_tag","embeddable":true,"href":"https:\/\/occasions-teile.ch\/fr\/wp-json\/wp\/v2\/product_tag?post=29656"}],"curies":[{"name":"wp","href":"https:\/\/api.w.org\/{rel}","templated":true}]}}