{"id":296130,"date":"2024-04-21T21:06:36","date_gmt":"2024-04-21T21:06:36","guid":{"rendered":"https:\/\/occasions-teile.ch\/product\/mazda-6-stossfaenger-stossstange-vorne\/"},"modified":"2025-11-07T13:13:10","modified_gmt":"2025-11-07T13:13:10","slug":"mazda-6-stossfaenger-stossstange-vorne","status":"publish","type":"product","link":"https:\/\/occasions-teile.ch\/fr\/produkt\/mazda-6-stossfaenger-stossstange-vorne\/","title":{"rendered":"Mazda 6  Stossf\u00e4nger Stossstange hinten"},"content":{"rendered":"<p><b>Technische Daten<\/b><\/p>\n<p>Fahrzeug: Mazda 6<br \/>\nChassis Nr.: JMZGJ691821108512<br \/>\nBaujahr: 2013<br \/>\nKilometer: 175633 KM<br \/>\nLeistung: 150 KW<br \/>\nHubraum: 2191 ccm<br \/>\nTyp: 1MA913<br \/>\nFarbcode: grau<br \/>\nHinweise: &#8211;<\/p>\n<p>Versand: Versand nur in der Schweiz m\u00f6glich.Im Ausland ist der Transport k\u00e4uferseits.<br \/>\nGarantie: 3 Monate Garantie. Bitte beachten Sie, dass die Gew\u00e4hrleistung nur g\u00fcltig ist, wenn der Ersatzteileinbau durch eine Fachwerkstatt\/Meisterwerkstatt erfolgt. Das Ein- und Ausbau des Ersatzteiles kann nicht an uns verrechnet werden.<\/p>\n<p>Ersatzteil: f\u00fcr andere Fahrzeugen (Marken) verf\u00fcgbar auf anfrage. Tel.041 980 27 47. Mobil. 076 589 27 47<\/p>\n<p>Kontakt<br \/>\nAdresse: Autoverwertung Brun AG<br \/>\nM\u00f6\u00f6slimatten 13<br \/>\n6218 Ettiswil<br \/>\nTelefon: 0041 (041) 980 27 47<br \/>\nTelefax: 0041 (041) 980 03 47<\/p>\n<p>Wir bieten Ihnen weitere gebrauchte Autoteile zum Kauf an.<br \/>\nTags: Stossf\u00e4nger Stossstange vorne, Bumper front, Pare-chocs avant<\/p>\n","protected":false},"excerpt":{"rendered":"<p>Technische Daten Fahrzeug: Mazda 6 Chassis Nr.: JMZGJ691821108512 Baujahr: 2013 Kilometer: 175633 KM Leistung: 150 KW Hubraum: 2191 ccm Typ: 1MA913 Farbcode: grau Hinweise: &#8211; Versand: Versand nur in der Schweiz m\u00f6glich.Im Ausland ist der Transport k\u00e4uferseits. Garantie: 3 Monate Garantie. Bitte beachten Sie, dass die Gew\u00e4hrleistung nur g\u00fcltig ist, wenn der Ersatzteileinbau durch eine&hellip; <a class=\"more-link\" href=\"https:\/\/occasions-teile.ch\/fr\/produkt\/mazda-6-stossfaenger-stossstange-vorne\/\">Poursuivre la lecture <span class=\"screen-reader-text\">Mazda 6  Stossf\u00e4nger Stossstange hinten<\/span><\/a><\/p>\n","protected":false},"featured_media":296127,"template":"","meta":[],"product_brand":[],"product_cat":[4523,16758,512,1308,1397,1026],"product_tag":[],"class_list":{"0":"post-296130","1":"product","2":"type-product","3":"status-publish","4":"has-post-thumbnail","6":"product_cat-de_slug_mazda_6_893","7":"product_cat-de-jmzgj691821108512-200000312","8":"product_cat-de-karosserie-front","9":"product_cat-de_mazda","10":"product_cat-de-stossfaenger-stossstange-vorne","11":"product_cat-de-stossfaengervornteile","12":"product_shipping_class-tarif-4","13":"entry","15":"first","16":"instock","17":"taxable","18":"shipping-taxable","19":"purchasable","20":"product-type-simple"},"jetpack_sharing_enabled":true,"_links":{"self":[{"href":"https:\/\/occasions-teile.ch\/fr\/wp-json\/wp\/v2\/product\/296130","targetHints":{"allow":["GET"]}}],"collection":[{"href":"https:\/\/occasions-teile.ch\/fr\/wp-json\/wp\/v2\/product"}],"about":[{"href":"https:\/\/occasions-teile.ch\/fr\/wp-json\/wp\/v2\/types\/product"}],"wp:featuredmedia":[{"embeddable":true,"href":"https:\/\/occasions-teile.ch\/fr\/wp-json\/wp\/v2\/media\/296127"}],"wp:attachment":[{"href":"https:\/\/occasions-teile.ch\/fr\/wp-json\/wp\/v2\/media?parent=296130"}],"wp:term":[{"taxonomy":"product_brand","embeddable":true,"href":"https:\/\/occasions-teile.ch\/fr\/wp-json\/wp\/v2\/product_brand?post=296130"},{"taxonomy":"product_cat","embeddable":true,"href":"https:\/\/occasions-teile.ch\/fr\/wp-json\/wp\/v2\/product_cat?post=296130"},{"taxonomy":"product_tag","embeddable":true,"href":"https:\/\/occasions-teile.ch\/fr\/wp-json\/wp\/v2\/product_tag?post=296130"}],"curies":[{"name":"wp","href":"https:\/\/api.w.org\/{rel}","templated":true}]}}