{"id":295622,"date":"2024-04-19T20:39:10","date_gmt":"2024-04-19T20:39:10","guid":{"rendered":"https:\/\/occasions-teile.ch\/product\/vw-touran-stellmotor-heckklappe\/"},"modified":"2024-05-26T21:10:33","modified_gmt":"2024-05-26T21:10:33","slug":"vw-touran-stellmotor-heckklappe","status":"publish","type":"product","link":"https:\/\/occasions-teile.ch\/fr\/produkt\/vw-touran-stellmotor-heckklappe\/","title":{"rendered":"VW Touran  stellmotor Heckklappe"},"content":{"rendered":"<p><span><b>Technische Daten<\/b><\/p>\n<p> Fahrzeug: VW Touran<br \/>\n Chassis Nr.: WVGZZZ1TZGW518983<br \/>\n Baujahr: 2015<br \/>\n Kilometer: 174554 KM<br \/>\n Leistung: 150 KW<br \/>\n Hubraum: 1968 ccm<br \/>\n Typ: 1VF490<br \/>\n Farbcode: silber<br \/>\n Hinweise: &#8211;<\/p>\n<p> Versand: Versand nur in der Schweiz m\u00f6glich.Im Ausland ist der Transport k\u00e4uferseits.<br \/>\n Garantie: 3 Monate Garantie. Bitte beachten Sie, dass die Gew\u00e4hrleistung nur g\u00fcltig ist, wenn der Ersatzteileinbau durch eine Fachwerkstatt\/Meisterwerkstatt erfolgt. Das Ein- und Ausbau des Ersatzteiles kann nicht an uns verrechnet werden. <\/p>\n<p> Ersatzteil: f\u00fcr andere Fahrzeugen (Marken) verf\u00fcgbar auf anfrage. Tel.041 980 27 47. Mobil. 076 589 27 47<\/p>\n<p> Kontakt<br \/>\n  Adresse: Autoverwertung Brun AG<br \/>\n           M\u00f6\u00f6slimatten 13<br \/>\n           6218 Ettiswil<br \/>\n  Telefon: 0041 (041) 980 27 47<br \/>\n  Telefax: 0041 (041) 980 03 47<\/p>\n<p> Wir bieten Ihnen weitere gebrauchte Autoteile zum Kauf an.<br \/>\n Tags: stellmotor Heckklappe, actuator tailgate, actionneur de hayon<br \/>\n<\/span><\/p>\n","protected":false},"excerpt":{"rendered":"<p>Technische Daten Fahrzeug: VW Touran Chassis Nr.: WVGZZZ1TZGW518983 Baujahr: 2015 Kilometer: 174554 KM Leistung: 150 KW Hubraum: 1968 ccm Typ: 1VF490 Farbcode: silber Hinweise: &#8211; Versand: Versand nur in der Schweiz m\u00f6glich.Im Ausland ist der Transport k\u00e4uferseits. Garantie: 3 Monate Garantie. Bitte beachten Sie, dass die Gew\u00e4hrleistung nur g\u00fcltig ist, wenn der Ersatzteileinbau durch eine&hellip; <a class=\"more-link\" href=\"https:\/\/occasions-teile.ch\/fr\/produkt\/vw-touran-stellmotor-heckklappe\/\">Poursuivre la lecture <span class=\"screen-reader-text\">VW Touran  stellmotor Heckklappe<\/span><\/a><\/p>\n","protected":false},"featured_media":295619,"template":"","meta":[],"product_brand":[],"product_cat":[23665,17885,2240,2240,621,621,621,1478,1478,1478,2240,2172,2172,2172,1280,1280,1280,17863,17863,17863],"product_tag":[],"class_list":{"0":"post-295622","1":"product","2":"type-product","3":"status-publish","4":"has-post-thumbnail","6":"product_cat-de-5t1-2-0-tdi-de_touran-de_volkswagen-manufacturer-84","7":"product_cat-de-5t1-2-0-tdi-de_touran-de_volkswagen-manufacturer-7","8":"product_cat-de-stellmotor-heckklappe","10":"product_cat-de-elektrik-steuergeraete","13":"product_cat-de-fensterheberheckklappeschiebedach","17":"product_cat-de_touran","20":"product_cat-de_volkswagen","23":"product_cat-de-wvgzzz1tzgw518983-200000314","26":"product_shipping_class-tarif-1","27":"entry","29":"first","30":"instock","31":"taxable","32":"shipping-taxable","33":"purchasable","34":"product-type-simple"},"jetpack_sharing_enabled":true,"_links":{"self":[{"href":"https:\/\/occasions-teile.ch\/fr\/wp-json\/wp\/v2\/product\/295622","targetHints":{"allow":["GET"]}}],"collection":[{"href":"https:\/\/occasions-teile.ch\/fr\/wp-json\/wp\/v2\/product"}],"about":[{"href":"https:\/\/occasions-teile.ch\/fr\/wp-json\/wp\/v2\/types\/product"}],"wp:featuredmedia":[{"embeddable":true,"href":"https:\/\/occasions-teile.ch\/fr\/wp-json\/wp\/v2\/media\/295619"}],"wp:attachment":[{"href":"https:\/\/occasions-teile.ch\/fr\/wp-json\/wp\/v2\/media?parent=295622"}],"wp:term":[{"taxonomy":"product_brand","embeddable":true,"href":"https:\/\/occasions-teile.ch\/fr\/wp-json\/wp\/v2\/product_brand?post=295622"},{"taxonomy":"product_cat","embeddable":true,"href":"https:\/\/occasions-teile.ch\/fr\/wp-json\/wp\/v2\/product_cat?post=295622"},{"taxonomy":"product_tag","embeddable":true,"href":"https:\/\/occasions-teile.ch\/fr\/wp-json\/wp\/v2\/product_tag?post=295622"}],"curies":[{"name":"wp","href":"https:\/\/api.w.org\/{rel}","templated":true}]}}