{"id":282593,"date":"2024-03-22T15:37:32","date_gmt":"2024-03-22T15:37:32","guid":{"rendered":"https:\/\/occasions-teile.ch\/product\/vw-polo-federbein-stossdaempfer-hinten-3\/"},"modified":"2024-05-28T19:31:40","modified_gmt":"2024-05-28T19:31:40","slug":"vw-polo-federbein-stossdaempfer-hinten-3","status":"publish","type":"product","link":"https:\/\/occasions-teile.ch\/fr\/produkt\/vw-polo-federbein-stossdaempfer-hinten-3\/","title":{"rendered":"VW Polo  Federbein Stossd\u00e4mpfer hinten"},"content":{"rendered":"<p><span><b>Technische Daten<\/b><\/p>\n<p> Fahrzeug: VW Polo<br \/>\n Chassis Nr.: WVWZZZ6RZAY035082<br \/>\n Baujahr: 2009<br \/>\n Kilometer: 189671 KM<br \/>\n Leistung: 85 KW<br \/>\n Hubraum: 1390 ccm<br \/>\n Typ: 1vd623<br \/>\n Farbcode: White\/Weiss<br \/>\n Hinweise: &#8211;<\/p>\n<p> Versand: Versand nur in der Schweiz m\u00f6glich.Im Ausland ist der Transport k\u00e4uferseits.<br \/>\n Garantie: 3 Monate Garantie. Bitte beachten Sie, dass die Gew\u00e4hrleistung nur g\u00fcltig ist, wenn der Ersatzteileinbau durch eine Fachwerkstatt\/Meisterwerkstatt erfolgt. Das Ein- und Ausbau des Ersatzteiles kann nicht an uns verrechnet werden. <\/p>\n<p> Ersatzteil: f\u00fcr andere Fahrzeugen (Marken) verf\u00fcgbar auf anfrage. Tel.041 980 27 47. Mobil. 076 589 27 47<\/p>\n<p> Kontakt<br \/>\n  Adresse: Autoverwertung Brun AG<br \/>\n           M\u00f6\u00f6slimatten 13<br \/>\n           6218 Ettiswil<br \/>\n  Telefon: 0041 (041) 980 27 47<br \/>\n  Telefax: 0041 (041) 980 03 47<\/p>\n<p> Wir bieten Ihnen weitere gebrauchte Autoteile zum Kauf an.<br \/>\n<\/span><\/p>\n","protected":false},"excerpt":{"rendered":"<p>Technische Daten Fahrzeug: VW Polo Chassis Nr.: WVWZZZ6RZAY035082 Baujahr: 2009 Kilometer: 189671 KM Leistung: 85 KW Hubraum: 1390 ccm Typ: 1vd623 Farbcode: White\/Weiss Hinweise: &#8211; Versand: Versand nur in der Schweiz m\u00f6glich.Im Ausland ist der Transport k\u00e4uferseits. Garantie: 3 Monate Garantie. Bitte beachten Sie, dass die Gew\u00e4hrleistung nur g\u00fcltig ist, wenn der Ersatzteileinbau durch eine&hellip; <a class=\"more-link\" href=\"https:\/\/occasions-teile.ch\/fr\/produkt\/vw-polo-federbein-stossdaempfer-hinten-3\/\">Poursuivre la lecture <span class=\"screen-reader-text\">VW Polo  Federbein Stossd\u00e4mpfer hinten<\/span><\/a><\/p>\n","protected":false},"featured_media":282590,"template":"","meta":[],"product_brand":[],"product_cat":[23799,14174,544,541,762,813,766,815,1634,1636,1638,764,814,547,1283,1286,1280,2073,2074,2075],"product_tag":[],"class_list":{"0":"post-282593","1":"product","2":"type-product","3":"status-publish","4":"has-post-thumbnail","6":"product_cat-de-1-4-6r-de_polo-de_volkswagen-manufacturer-33","7":"product_cat-de-1-4-6r-de_polo-de_volkswagen-manufacturer-7","8":"product_cat-en-chassis-steering","9":"product_cat-de-fahrwerk-lenkung","10":"product_cat-de-federbeine-stossdaempfer","11":"product_cat-de-federbeine-stossdaempfer-hinten","12":"product_cat-fr-jambes-de-force-amortisseurs","13":"product_cat-fr-jambes-de-force-amortisseurs-arriere","14":"product_cat-de_polo","15":"product_cat-en_polo","16":"product_cat-fr_polo","17":"product_cat-en-struts-shock-absorbers","18":"product_cat-en-suspension-struts-shock-absorber-rear","19":"product_cat-fr-train-de-roulement-direction","20":"product_cat-en_volkswagen","21":"product_cat-fr_volkswagen","22":"product_cat-de_volkswagen","23":"product_cat-de-wvwzzz6rzay035082","24":"product_cat-en-wvwzzz6rzay035082","25":"product_cat-fr-wvwzzz6rzay035082","26":"product_shipping_class-tarif-1","27":"entry","29":"first","30":"instock","31":"taxable","32":"shipping-taxable","33":"purchasable","34":"product-type-simple"},"jetpack_sharing_enabled":true,"_links":{"self":[{"href":"https:\/\/occasions-teile.ch\/fr\/wp-json\/wp\/v2\/product\/282593","targetHints":{"allow":["GET"]}}],"collection":[{"href":"https:\/\/occasions-teile.ch\/fr\/wp-json\/wp\/v2\/product"}],"about":[{"href":"https:\/\/occasions-teile.ch\/fr\/wp-json\/wp\/v2\/types\/product"}],"wp:featuredmedia":[{"embeddable":true,"href":"https:\/\/occasions-teile.ch\/fr\/wp-json\/wp\/v2\/media\/282590"}],"wp:attachment":[{"href":"https:\/\/occasions-teile.ch\/fr\/wp-json\/wp\/v2\/media?parent=282593"}],"wp:term":[{"taxonomy":"product_brand","embeddable":true,"href":"https:\/\/occasions-teile.ch\/fr\/wp-json\/wp\/v2\/product_brand?post=282593"},{"taxonomy":"product_cat","embeddable":true,"href":"https:\/\/occasions-teile.ch\/fr\/wp-json\/wp\/v2\/product_cat?post=282593"},{"taxonomy":"product_tag","embeddable":true,"href":"https:\/\/occasions-teile.ch\/fr\/wp-json\/wp\/v2\/product_tag?post=282593"}],"curies":[{"name":"wp","href":"https:\/\/api.w.org\/{rel}","templated":true}]}}