{"id":278658,"date":"2024-03-15T20:25:02","date_gmt":"2024-03-15T20:25:02","guid":{"rendered":"https:\/\/occasions-teile.ch\/product\/renault-espace-scheinwerferreinigung-sra\/"},"modified":"2024-03-25T13:27:15","modified_gmt":"2024-03-25T13:27:15","slug":"renault-espace-scheinwerferreinigung-sra","status":"publish","type":"product","link":"https:\/\/occasions-teile.ch\/fr\/produkt\/renault-espace-scheinwerferreinigung-sra\/","title":{"rendered":"Renault Espace  Scheinwerferreinigung (SRA)"},"content":{"rendered":"<p><b>Technische Daten<\/b><\/p>\n<p>Fahrzeug: Renault Espace<br \/>\nChassis Nr.: VF1RFC00257791281<br \/>\nBaujahr: 2017<br \/>\nKilometer: 102853 KM<br \/>\nLeistung: 200 KW<br \/>\nHubraum: 1618 ccm<br \/>\nTyp: 1RC230<br \/>\nFarbcode: Black<br \/>\nHinweise: Achtung Kratzer am Deckel !!!<\/p>\n<p>Versand: Versand nur in der Schweiz m\u00f6glich.Im Ausland ist der Transport k\u00e4uferseits.<br \/>\nGarantie: 3 Monate Garantie. Bitte beachten Sie, dass die Gew\u00e4hrleistung nur g\u00fcltig ist, wenn der Ersatzteileinbau durch eine Fachwerkstatt\/Meisterwerkstatt erfolgt. Das Ein- und Ausbau des Ersatzteiles kann nicht an uns verrechnet werden.<\/p>\n<p>Ersatzteil: f\u00fcr andere Fahrzeugen (Marken) verf\u00fcgbar auf anfrage. Tel.041 980 27 47. Mobil. 076 589 27 47<\/p>\n<p>Kontakt<br \/>\nAdresse: Autoverwertung Brun AG<br \/>\nM\u00f6\u00f6slimatten 13<br \/>\n6218 Ettiswil<br \/>\nTelefon: 0041 (041) 980 27 47<br \/>\nTelefax: 0041 (041) 980 03 47<\/p>\n<p>Wir bieten Ihnen weitere gebrauchte Autoteile zum Kauf an.<\/p>\n","protected":false},"excerpt":{"rendered":"<p>Technische Daten Fahrzeug: Renault Espace Chassis Nr.: VF1RFC00257791281 Baujahr: 2017 Kilometer: 102853 KM Leistung: 200 KW Hubraum: 1618 ccm Typ: 1RC230 Farbcode: Black Hinweise: Achtung Kratzer am Deckel !!! Versand: Versand nur in der Schweiz m\u00f6glich.Im Ausland ist der Transport k\u00e4uferseits. Garantie: 3 Monate Garantie. Bitte beachten Sie, dass die Gew\u00e4hrleistung nur g\u00fcltig ist, wenn&hellip; <a class=\"more-link\" href=\"https:\/\/occasions-teile.ch\/fr\/produkt\/renault-espace-scheinwerferreinigung-sra\/\">Poursuivre la lecture <span class=\"screen-reader-text\">Renault Espace  Scheinwerferreinigung (SRA)<\/span><\/a><\/p>\n","protected":false},"featured_media":278655,"template":"","meta":[],"product_brand":[],"product_cat":[3533,2433,669,2059,2058,12972],"product_tag":[],"class_list":{"0":"post-278658","1":"product","2":"type-product","3":"status-publish","4":"has-post-thumbnail","6":"product_cat-de_slug_renault_espace_66","7":"product_cat-de_renault","8":"product_cat-de-scheibenreinigung","9":"product_cat-de-scheinwerferreinigung-sra","10":"product_cat-de-scheinwerferreinigungsra","11":"product_cat-de-vf1rfc00257791281-200000296","12":"product_shipping_class-tarif-1","13":"entry","15":"first","16":"instock","17":"taxable","18":"shipping-taxable","19":"purchasable","20":"product-type-simple"},"jetpack_sharing_enabled":true,"_links":{"self":[{"href":"https:\/\/occasions-teile.ch\/fr\/wp-json\/wp\/v2\/product\/278658","targetHints":{"allow":["GET"]}}],"collection":[{"href":"https:\/\/occasions-teile.ch\/fr\/wp-json\/wp\/v2\/product"}],"about":[{"href":"https:\/\/occasions-teile.ch\/fr\/wp-json\/wp\/v2\/types\/product"}],"wp:featuredmedia":[{"embeddable":true,"href":"https:\/\/occasions-teile.ch\/fr\/wp-json\/wp\/v2\/media\/278655"}],"wp:attachment":[{"href":"https:\/\/occasions-teile.ch\/fr\/wp-json\/wp\/v2\/media?parent=278658"}],"wp:term":[{"taxonomy":"product_brand","embeddable":true,"href":"https:\/\/occasions-teile.ch\/fr\/wp-json\/wp\/v2\/product_brand?post=278658"},{"taxonomy":"product_cat","embeddable":true,"href":"https:\/\/occasions-teile.ch\/fr\/wp-json\/wp\/v2\/product_cat?post=278658"},{"taxonomy":"product_tag","embeddable":true,"href":"https:\/\/occasions-teile.ch\/fr\/wp-json\/wp\/v2\/product_tag?post=278658"}],"curies":[{"name":"wp","href":"https:\/\/api.w.org\/{rel}","templated":true}]}}