{"id":278574,"date":"2024-03-15T18:42:15","date_gmt":"2024-03-15T18:42:15","guid":{"rendered":"https:\/\/occasions-teile.ch\/product\/renault-espace-lenksaeule-2\/"},"modified":"2024-05-29T21:34:51","modified_gmt":"2024-05-29T21:34:51","slug":"renault-espace-lenksaeule-2","status":"publish","type":"product","link":"https:\/\/occasions-teile.ch\/fr\/produkt\/renault-espace-lenksaeule-2\/","title":{"rendered":"Renault Espace  Lenks\u00e4ule"},"content":{"rendered":"<p><span><b>Technische Daten<\/b><\/p>\n<p> Fahrzeug: Renault Espace<br \/>\n Chassis Nr.: VF1RFC00257791281<br \/>\n Baujahr: 2017<br \/>\n Kilometer: 102853 KM<br \/>\n Leistung: 200 KW<br \/>\n Hubraum: 1618 ccm<br \/>\n Typ: 1RC230<br \/>\n Farbcode: Black<br \/>\n Hinweise: &#8211;<\/p>\n<p> Versand: Versand nur in der Schweiz m\u00f6glich.Im Ausland ist der Transport k\u00e4uferseits.<br \/>\n Garantie: 3 Monate Garantie. Bitte beachten Sie, dass die Gew\u00e4hrleistung nur g\u00fcltig ist, wenn der Ersatzteileinbau durch eine Fachwerkstatt\/Meisterwerkstatt erfolgt. Das Ein- und Ausbau des Ersatzteiles kann nicht an uns verrechnet werden. <\/p>\n<p> Ersatzteil: f\u00fcr andere Fahrzeugen (Marken) verf\u00fcgbar auf anfrage. Tel.041 980 27 47. Mobil. 076 589 27 47<\/p>\n<p> Kontakt<br \/>\n  Adresse: Autoverwertung Brun AG<br \/>\n           M\u00f6\u00f6slimatten 13<br \/>\n           6218 Ettiswil<br \/>\n  Telefon: 0041 (041) 980 27 47<br \/>\n  Telefax: 0041 (041) 980 03 47<\/p>\n<p> Wir bieten Ihnen weitere gebrauchte Autoteile zum Kauf an.<br \/>\n<\/span><\/p>\n","protected":false},"excerpt":{"rendered":"<p>Technische Daten Fahrzeug: Renault Espace Chassis Nr.: VF1RFC00257791281 Baujahr: 2017 Kilometer: 102853 KM Leistung: 200 KW Hubraum: 1618 ccm Typ: 1RC230 Farbcode: Black Hinweise: &#8211; Versand: Versand nur in der Schweiz m\u00f6glich.Im Ausland ist der Transport k\u00e4uferseits. Garantie: 3 Monate Garantie. Bitte beachten Sie, dass die Gew\u00e4hrleistung nur g\u00fcltig ist, wenn der Ersatzteileinbau durch eine&hellip; <a class=\"more-link\" href=\"https:\/\/occasions-teile.ch\/fr\/produkt\/renault-espace-lenksaeule-2\/\">Poursuivre la lecture <span class=\"screen-reader-text\">Renault Espace  Lenks\u00e4ule<\/span><\/a><\/p>\n","protected":false},"featured_media":278571,"template":"","meta":[],"product_brand":[],"product_cat":[13094,23914,544,878,877,3534,3535,3533,541,873,874,2433,2436,2439,875,876,547,12975,12972,12974],"product_tag":[],"class_list":{"0":"post-278574","1":"product","2":"type-product","3":"status-publish","4":"has-post-thumbnail","6":"product_cat-de-1-6-de_slug_renault_espace_66-de_renault-manufacturer-165","7":"product_cat-de-1-6-de_slug_renault_espace_66-de_renault-manufacturer-550","8":"product_cat-en-chassis-steering","9":"product_cat-fr-colonne-de-direction-fr-colonne-de-direction","10":"product_cat-fr-colonne-de-direction","11":"product_cat-en_slug_renault_espace_640","12":"product_cat-fr_slug_renault_espace_687","13":"product_cat-de_slug_renault_espace_66","14":"product_cat-de-fahrwerk-lenkung","15":"product_cat-de-lenksaeule","16":"product_cat-de-lenksaeule-de-lenksaeule","17":"product_cat-de_renault","18":"product_cat-en_renault","19":"product_cat-fr_renault","20":"product_cat-en-steering-column","21":"product_cat-en-steering-column-en-steering-column","22":"product_cat-fr-train-de-roulement-direction","23":"product_cat-fr-vf1rfc00257791281-200000296","24":"product_cat-de-vf1rfc00257791281-200000296","25":"product_cat-en-vf1rfc00257791281-200000296","26":"product_shipping_class-tarif-1","27":"entry","29":"first","30":"instock","31":"taxable","32":"shipping-taxable","33":"purchasable","34":"product-type-simple"},"jetpack_sharing_enabled":true,"_links":{"self":[{"href":"https:\/\/occasions-teile.ch\/fr\/wp-json\/wp\/v2\/product\/278574","targetHints":{"allow":["GET"]}}],"collection":[{"href":"https:\/\/occasions-teile.ch\/fr\/wp-json\/wp\/v2\/product"}],"about":[{"href":"https:\/\/occasions-teile.ch\/fr\/wp-json\/wp\/v2\/types\/product"}],"wp:featuredmedia":[{"embeddable":true,"href":"https:\/\/occasions-teile.ch\/fr\/wp-json\/wp\/v2\/media\/278571"}],"wp:attachment":[{"href":"https:\/\/occasions-teile.ch\/fr\/wp-json\/wp\/v2\/media?parent=278574"}],"wp:term":[{"taxonomy":"product_brand","embeddable":true,"href":"https:\/\/occasions-teile.ch\/fr\/wp-json\/wp\/v2\/product_brand?post=278574"},{"taxonomy":"product_cat","embeddable":true,"href":"https:\/\/occasions-teile.ch\/fr\/wp-json\/wp\/v2\/product_cat?post=278574"},{"taxonomy":"product_tag","embeddable":true,"href":"https:\/\/occasions-teile.ch\/fr\/wp-json\/wp\/v2\/product_tag?post=278574"}],"curies":[{"name":"wp","href":"https:\/\/api.w.org\/{rel}","templated":true}]}}