{"id":271529,"date":"2024-03-05T15:20:20","date_gmt":"2024-03-05T15:20:20","guid":{"rendered":"https:\/\/occasions-teile.ch\/product\/renault-megane-notrad-reserverad-2\/"},"modified":"2024-03-05T15:20:20","modified_gmt":"2024-03-05T15:20:20","slug":"renault-megane-notrad-reserverad-2","status":"publish","type":"product","link":"https:\/\/occasions-teile.ch\/fr\/produkt\/renault-megane-notrad-reserverad-2\/","title":{"rendered":"Renault M\u00e9gane  Notrad Reserverad"},"content":{"rendered":"<p><span><b>Technische Daten<\/b><\/p>\n<p> Fahrzeug: Renault M\u00e9gane<br \/>\n Chassis Nr.: VF1RFB00458342477<br \/>\n Baujahr: 2017<br \/>\n Kilometer: 276000 KM<br \/>\n Leistung: 110 KW<br \/>\n Hubraum: 1461 ccm<br \/>\n Typ: 1RC412<br \/>\n Farbcode: White\/Weiss<br \/>\n Hinweise: 195\/65\/15 Michelin Energy<br \/>\n6Jx15H2<br \/>\nIS35<br \/>\n30330RE<\/p>\n<p> Versand: Versand nur in der Schweiz m\u00f6glich.Im Ausland ist der Transport k\u00e4uferseits.<br \/>\n Garantie: 3 Monate Garantie. Bitte beachten Sie, dass die Gew\u00e4hrleistung nur g\u00fcltig ist, wenn der Ersatzteileinbau durch eine Fachwerkstatt\/Meisterwerkstatt erfolgt. Das Ein- und Ausbau des Ersatzteiles kann nicht an uns verrechnet werden. <\/p>\n<p> Ersatzteil: f\u00fcr andere Fahrzeugen (Marken) verf\u00fcgbar auf anfrage. Tel.041 980 27 47. Mobil. 076 589 27 47<\/p>\n<p> Kontakt<br \/>\n  Adresse: Autoverwertung Brun AG<br \/>\n           M\u00f6\u00f6slimatten 13<br \/>\n           6218 Ettiswil<br \/>\n  Telefon: 0041 (041) 980 27 47<br \/>\n  Telefax: 0041 (041) 980 03 47<\/p>\n<p> Wir bieten Ihnen weitere gebrauchte Autoteile zum Kauf an.<br \/>\n<\/span><\/p>\n","protected":false},"excerpt":{"rendered":"<p>Technische Daten Fahrzeug: Renault M\u00e9gane Chassis Nr.: VF1RFB00458342477 Baujahr: 2017 Kilometer: 276000 KM Leistung: 110 KW Hubraum: 1461 ccm Typ: 1RC412 Farbcode: White\/Weiss Hinweise: 195\/65\/15 Michelin Energy 6Jx15H2 IS35 30330RE Versand: Versand nur in der Schweiz m\u00f6glich.Im Ausland ist der Transport k\u00e4uferseits. Garantie: 3 Monate Garantie. Bitte beachten Sie, dass die Gew\u00e4hrleistung nur g\u00fcltig ist,&hellip; <a class=\"more-link\" href=\"https:\/\/occasions-teile.ch\/fr\/produkt\/renault-megane-notrad-reserverad-2\/\">Poursuivre la lecture <span class=\"screen-reader-text\">Renault M\u00e9gane  Notrad Reserverad<\/span><\/a><\/p>\n","protected":false},"featured_media":271526,"template":"","meta":[],"product_brand":[],"product_cat":[11627,1179,1180,2443,2443,2443,1179,1180,553,2436,2436,2436,1179,1180,553,11453,11453,11453,553],"product_tag":[],"class_list":{"0":"post-271529","1":"product","2":"type-product","3":"status-publish","4":"has-post-thumbnail","6":"product_cat-de-1-5-dci-de_megane-de_renault-manufacturer-81","7":"product_cat-en-emergency-wheel-spare-wheel","8":"product_cat-en-emergency-wheel-spare-wheel-en-emergency-wheel-spare-wheel","9":"product_cat-en_megane","14":"product_cat-en-wheels-tires-rims","15":"product_cat-en_renault","21":"product_cat-en-vf1rfb00458342477-200000288","25":"product_shipping_class-tarif-1-en","26":"entry","28":"first","29":"instock","30":"taxable","31":"shipping-taxable","32":"purchasable","33":"product-type-simple"},"jetpack_sharing_enabled":true,"_links":{"self":[{"href":"https:\/\/occasions-teile.ch\/fr\/wp-json\/wp\/v2\/product\/271529","targetHints":{"allow":["GET"]}}],"collection":[{"href":"https:\/\/occasions-teile.ch\/fr\/wp-json\/wp\/v2\/product"}],"about":[{"href":"https:\/\/occasions-teile.ch\/fr\/wp-json\/wp\/v2\/types\/product"}],"wp:featuredmedia":[{"embeddable":true,"href":"https:\/\/occasions-teile.ch\/fr\/wp-json\/wp\/v2\/media\/271526"}],"wp:attachment":[{"href":"https:\/\/occasions-teile.ch\/fr\/wp-json\/wp\/v2\/media?parent=271529"}],"wp:term":[{"taxonomy":"product_brand","embeddable":true,"href":"https:\/\/occasions-teile.ch\/fr\/wp-json\/wp\/v2\/product_brand?post=271529"},{"taxonomy":"product_cat","embeddable":true,"href":"https:\/\/occasions-teile.ch\/fr\/wp-json\/wp\/v2\/product_cat?post=271529"},{"taxonomy":"product_tag","embeddable":true,"href":"https:\/\/occasions-teile.ch\/fr\/wp-json\/wp\/v2\/product_tag?post=271529"}],"curies":[{"name":"wp","href":"https:\/\/api.w.org\/{rel}","templated":true}]}}