{"id":271062,"date":"2024-03-04T13:57:06","date_gmt":"2024-03-04T13:57:06","guid":{"rendered":"https:\/\/occasions-teile.ch\/product\/mercedes-benz-cla-achsschenkel-hinten-links\/"},"modified":"2024-05-26T19:25:29","modified_gmt":"2024-05-26T19:25:29","slug":"mercedes-benz-cla-achsschenkel-hinten-links","status":"publish","type":"product","link":"https:\/\/occasions-teile.ch\/fr\/produkt\/mercedes-benz-cla-achsschenkel-hinten-links\/","title":{"rendered":"Mercedes-Benz CLA  Achsschenkel hinten links"},"content":{"rendered":"<p><span><b>Technische Daten<\/b><\/p>\n<p> Fahrzeug: Mercedes-Benz CLA<br \/>\n Chassis Nr.: WDD1183451N021858<br \/>\n Baujahr: 2019<br \/>\n Kilometer: 85000 KM<br \/>\n Leistung: 190 KW<br \/>\n Hubraum: 1991 ccm<br \/>\n Typ: 1MH928<br \/>\n Farbcode: Black<br \/>\n Hinweise: &#8211;<\/p>\n<p> Versand: Versand nur in der Schweiz m\u00f6glich.Im Ausland ist der Transport k\u00e4uferseits.<br \/>\n Garantie: 3 Monate Garantie. Bitte beachten Sie, dass die Gew\u00e4hrleistung nur g\u00fcltig ist, wenn der Ersatzteileinbau durch eine Fachwerkstatt\/Meisterwerkstatt erfolgt. Das Ein- und Ausbau des Ersatzteiles kann nicht an uns verrechnet werden. <\/p>\n<p> Ersatzteil: f\u00fcr andere Fahrzeugen (Marken) verf\u00fcgbar auf anfrage. Tel.041 980 27 47. Mobil. 076 589 27 47<\/p>\n<p> Kontakt<br \/>\n  Adresse: Autoverwertung Brun AG<br \/>\n           M\u00f6\u00f6slimatten 13<br \/>\n           6218 Ettiswil<br \/>\n  Telefon: 0041 (041) 980 27 47<br \/>\n  Telefax: 0041 (041) 980 03 47<\/p>\n<p> Wir bieten Ihnen weitere gebrauchte Autoteile zum Kauf an.<br \/>\n<\/span><\/p>\n","protected":false},"excerpt":{"rendered":"<p>Technische Daten Fahrzeug: Mercedes-Benz CLA Chassis Nr.: WDD1183451N021858 Baujahr: 2019 Kilometer: 85000 KM Leistung: 190 KW Hubraum: 1991 ccm Typ: 1MH928 Farbcode: Black Hinweise: &#8211; Versand: Versand nur in der Schweiz m\u00f6glich.Im Ausland ist der Transport k\u00e4uferseits. Garantie: 3 Monate Garantie. Bitte beachten Sie, dass die Gew\u00e4hrleistung nur g\u00fcltig ist, wenn der Ersatzteileinbau durch eine&hellip; <a class=\"more-link\" href=\"https:\/\/occasions-teile.ch\/fr\/produkt\/mercedes-benz-cla-achsschenkel-hinten-links\/\">Poursuivre la lecture <span class=\"screen-reader-text\">Mercedes-Benz CLA  Achsschenkel hinten links<\/span><\/a><\/p>\n","protected":false},"featured_media":271059,"template":"","meta":[],"product_brand":[],"product_cat":[1083,542,541,11442,11442,11442,23662,11566,541,1083,542,1083,1256,1256,1256,542,541,11441,11441,11441],"product_tag":[],"class_list":{"0":"post-271062","1":"product","2":"type-product","3":"status-publish","4":"has-post-thumbnail","6":"product_cat-de-achsschenkel-hinten-links","7":"product_cat-de-achsschenkel-radnaben","8":"product_cat-de-fahrwerk-lenkung","9":"product_cat-de_slug_mercedes-benz_cla_135","12":"product_cat-de-cla-220-4-matic-de_slug_mercedes-benz_cla_135-de_mercedes-benz-manufacturer-120","13":"product_cat-de-cla-220-4-matic-de_slug_mercedes-benz_cla_135-de_mercedes-benz-manufacturer-73","18":"product_cat-de_mercedes-benz","23":"product_cat-de-wdd1183451n021858-200000287","26":"product_shipping_class-tarif-2","27":"entry","29":"first","30":"instock","31":"taxable","32":"shipping-taxable","33":"purchasable","34":"product-type-simple"},"jetpack_sharing_enabled":true,"_links":{"self":[{"href":"https:\/\/occasions-teile.ch\/fr\/wp-json\/wp\/v2\/product\/271062","targetHints":{"allow":["GET"]}}],"collection":[{"href":"https:\/\/occasions-teile.ch\/fr\/wp-json\/wp\/v2\/product"}],"about":[{"href":"https:\/\/occasions-teile.ch\/fr\/wp-json\/wp\/v2\/types\/product"}],"wp:featuredmedia":[{"embeddable":true,"href":"https:\/\/occasions-teile.ch\/fr\/wp-json\/wp\/v2\/media\/271059"}],"wp:attachment":[{"href":"https:\/\/occasions-teile.ch\/fr\/wp-json\/wp\/v2\/media?parent=271062"}],"wp:term":[{"taxonomy":"product_brand","embeddable":true,"href":"https:\/\/occasions-teile.ch\/fr\/wp-json\/wp\/v2\/product_brand?post=271062"},{"taxonomy":"product_cat","embeddable":true,"href":"https:\/\/occasions-teile.ch\/fr\/wp-json\/wp\/v2\/product_cat?post=271062"},{"taxonomy":"product_tag","embeddable":true,"href":"https:\/\/occasions-teile.ch\/fr\/wp-json\/wp\/v2\/product_tag?post=271062"}],"curies":[{"name":"wp","href":"https:\/\/api.w.org\/{rel}","templated":true}]}}