{"id":270101,"date":"2024-03-01T11:06:57","date_gmt":"2024-03-01T11:06:57","guid":{"rendered":"https:\/\/occasions-teile.ch\/product\/vw-golf-getriebe\/"},"modified":"2024-05-28T20:02:07","modified_gmt":"2024-05-28T20:02:07","slug":"vw-golf-getriebe","status":"publish","type":"product","link":"https:\/\/occasions-teile.ch\/fr\/produkt\/vw-golf-getriebe\/","title":{"rendered":"VW Golf  Getriebe"},"content":{"rendered":"<p><span><b>Technische Daten<\/b><\/p>\n<p> Fahrzeug: VW Golf<br \/>\n Chassis Nr.: WVWZZZ1KZ7P004651<br \/>\n Baujahr: 2006<br \/>\n Kilometer: 9999999 KM<br \/>\n Leistung: 140 KW<br \/>\n Hubraum: 139 ccm<br \/>\n Typ: x<br \/>\n Farbcode: silber<br \/>\n Hinweise: &#8211;<\/p>\n<p> Versand: Versand nur in der Schweiz m\u00f6glich.Im Ausland ist der Transport k\u00e4uferseits.<br \/>\n Garantie: 3 Monate Garantie. Bitte beachten Sie, dass die Gew\u00e4hrleistung nur g\u00fcltig ist, wenn der Ersatzteileinbau durch eine Fachwerkstatt\/Meisterwerkstatt erfolgt. Das Ein- und Ausbau des Ersatzteiles kann nicht an uns verrechnet werden. <\/p>\n<p> Ersatzteil: f\u00fcr andere Fahrzeugen (Marken) verf\u00fcgbar auf anfrage. Tel.041 980 27 47. Mobil. 076 589 27 47<\/p>\n<p> Kontakt<br \/>\n  Adresse: Autoverwertung Brun AG<br \/>\n           M\u00f6\u00f6slimatten 13<br \/>\n           6218 Ettiswil<br \/>\n  Telefon: 0041 (041) 980 27 47<br \/>\n  Telefax: 0041 (041) 980 03 47<\/p>\n<p> Wir bieten Ihnen weitere gebrauchte Autoteile zum Kauf an.<br \/>\n<\/span><\/p>\n","protected":false},"excerpt":{"rendered":"<p>Technische Daten Fahrzeug: VW Golf Chassis Nr.: WVWZZZ1KZ7P004651 Baujahr: 2006 Kilometer: 9999999 KM Leistung: 140 KW Hubraum: 139 ccm Typ: x Farbcode: silber Hinweise: &#8211; Versand: Versand nur in der Schweiz m\u00f6glich.Im Ausland ist der Transport k\u00e4uferseits. Garantie: 3 Monate Garantie. Bitte beachten Sie, dass die Gew\u00e4hrleistung nur g\u00fcltig ist, wenn der Ersatzteileinbau durch eine&hellip; <a class=\"more-link\" href=\"https:\/\/occasions-teile.ch\/fr\/produkt\/vw-golf-getriebe\/\">Poursuivre la lecture <span class=\"screen-reader-text\">VW Golf  Getriebe<\/span><\/a><\/p>\n","protected":false},"featured_media":270098,"template":"","meta":[],"product_brand":[],"product_cat":[11429,23801,648,1281,649,650,1280,11408],"product_tag":[],"class_list":{"0":"post-270101","1":"product","2":"type-product","3":"status-publish","4":"has-post-thumbnail","6":"product_cat-de-5-1-4tsi-de_golf-de_volkswagen-manufacturer-11","7":"product_cat-de-5-1-4tsi-de_golf-de_volkswagen-manufacturer-15","8":"product_cat-de-getriebe-antrieb","9":"product_cat-de_golf","10":"product_cat-de-schaltgetriebe","11":"product_cat-de-schaltgetriebe-de-schaltgetriebe","12":"product_cat-de_volkswagen","13":"product_cat-de-wvwzzz1kz7p004651-200000286","14":"product_shipping_class-tarif-3","15":"entry","17":"first","18":"instock","19":"taxable","20":"shipping-taxable","21":"purchasable","22":"product-type-simple"},"jetpack_sharing_enabled":true,"_links":{"self":[{"href":"https:\/\/occasions-teile.ch\/fr\/wp-json\/wp\/v2\/product\/270101","targetHints":{"allow":["GET"]}}],"collection":[{"href":"https:\/\/occasions-teile.ch\/fr\/wp-json\/wp\/v2\/product"}],"about":[{"href":"https:\/\/occasions-teile.ch\/fr\/wp-json\/wp\/v2\/types\/product"}],"wp:featuredmedia":[{"embeddable":true,"href":"https:\/\/occasions-teile.ch\/fr\/wp-json\/wp\/v2\/media\/270098"}],"wp:attachment":[{"href":"https:\/\/occasions-teile.ch\/fr\/wp-json\/wp\/v2\/media?parent=270101"}],"wp:term":[{"taxonomy":"product_brand","embeddable":true,"href":"https:\/\/occasions-teile.ch\/fr\/wp-json\/wp\/v2\/product_brand?post=270101"},{"taxonomy":"product_cat","embeddable":true,"href":"https:\/\/occasions-teile.ch\/fr\/wp-json\/wp\/v2\/product_cat?post=270101"},{"taxonomy":"product_tag","embeddable":true,"href":"https:\/\/occasions-teile.ch\/fr\/wp-json\/wp\/v2\/product_tag?post=270101"}],"curies":[{"name":"wp","href":"https:\/\/api.w.org\/{rel}","templated":true}]}}