{"id":261758,"date":"2024-02-07T16:45:29","date_gmt":"2024-02-07T16:45:29","guid":{"rendered":"https:\/\/occasions-teile.ch\/product\/audi-a7-achs-hinten-achskoerper\/"},"modified":"2026-03-27T13:57:30","modified_gmt":"2026-03-27T13:57:30","slug":"audi-a7-achs-hinten-achskoerper","status":"publish","type":"product","link":"https:\/\/occasions-teile.ch\/fr\/produkt\/audi-a7-achs-hinten-achskoerper\/","title":{"rendered":"Audi A7  Achs hinten Achsk\u00f6rper"},"content":{"rendered":"<p><span><b>Technische Daten<\/b><\/p>\n<p> Fahrzeug: Audi A7  Sportback quattro 3.0TDI<br \/>\n Chassis Nr.: WAUZZZ4G4BN001129<br \/>\n Baujahr: 2010<br \/>\n Kilometer: 228280 KM<br \/>\n Leistung: 245 KW<br \/>\n Hubraum: 2967 ccm<br \/>\n Typ: X<br \/>\n Farbcode: Schwarz<br \/>\n Hinweise: &#8211;<\/p>\n<p> Versand: Versand nur in der Schweiz m\u00f6glich.Im Ausland ist der Transport k\u00e4uferseits.<br \/>\n Garantie: 3 Monate Garantie. Bitte beachten Sie, dass die Gew\u00e4hrleistung nur g\u00fcltig ist, wenn der Ersatzteileinbau durch eine Fachwerkstatt\/Meisterwerkstatt erfolgt. Das Ein- und Ausbau des Ersatzteiles kann nicht an uns verrechnet werden. <\/p>\n<p> Ersatzteil: f\u00fcr andere Fahrzeugen (Marken) verf\u00fcgbar auf anfrage. Tel.041 980 27 47. Mobil. 076 589 27 47<\/p>\n<p> Kontakt<br \/>\n  Adresse: Autoverwertung Brun AG<br \/>\n           M\u00f6\u00f6slimatten 13<br \/>\n           6218 Ettiswil<br \/>\n  Telefon: 0041 (041) 980 27 47<br \/>\n  Telefax: 0041 (041) 980 03 47<\/p>\n<p> Wir bieten Ihnen weitere gebrauchte Autoteile zum Kauf an.<br \/>\n Tags: Achs hinten Achsk\u00f6rper , Rear axlecomplete , Essieu arrie`re complet<br \/>\n<\/span><\/p>\n","protected":false},"excerpt":{"rendered":"<p>Technische Daten Fahrzeug: Audi A7 Sportback quattro 3.0TDI Chassis Nr.: WAUZZZ4G4BN001129 Baujahr: 2010 Kilometer: 228280 KM Leistung: 245 KW Hubraum: 2967 ccm Typ: X Farbcode: Schwarz Hinweise: &#8211; Versand: Versand nur in der Schweiz m\u00f6glich.Im Ausland ist der Transport k\u00e4uferseits. Garantie: 3 Monate Garantie. Bitte beachten Sie, dass die Gew\u00e4hrleistung nur g\u00fcltig ist, wenn der&hellip; <a class=\"more-link\" href=\"https:\/\/occasions-teile.ch\/fr\/produkt\/audi-a7-achs-hinten-achskoerper\/\">Poursuivre la lecture <span class=\"screen-reader-text\">Audi A7  Achs hinten Achsk\u00f6rper<\/span><\/a><\/p>\n","protected":false},"featured_media":261755,"template":"","meta":[],"product_brand":[],"product_cat":[2037,2039,2035,742,741,458,461,464,743,544,746,541,744,745,547,10340,10337,10339],"product_tag":[],"class_list":{"0":"post-261758","1":"product","2":"type-product","3":"status-publish","4":"has-post-thumbnail","6":"product_cat-en_a7","7":"product_cat-fr_a7","8":"product_cat-de_a7","9":"product_cat-de-achs-hinten-achskoerper","10":"product_cat-de-achstraeger-hilfsrahmen","11":"product_cat-de_audi","12":"product_cat-en_audi","13":"product_cat-fr_audi","14":"product_cat-en-axle-carrier-subframe","15":"product_cat-en-chassis-steering","16":"product_cat-fr-essieu-arriere-complet","17":"product_cat-de-fahrwerk-lenkung","18":"product_cat-en-rear-axlecomplete","19":"product_cat-fr-support-dessieu-cadre-auxiliaire","20":"product_cat-fr-train-de-roulement-direction","21":"product_cat-fr-wauzzz4g4bn001129-200000269","22":"product_cat-de-wauzzz4g4bn001129-200000269","23":"product_cat-en-wauzzz4g4bn001129-200000269","24":"product_shipping_class-tarif-4","25":"entry","27":"first","28":"instock","29":"taxable","30":"shipping-taxable","31":"purchasable","32":"product-type-simple"},"jetpack_sharing_enabled":true,"_links":{"self":[{"href":"https:\/\/occasions-teile.ch\/fr\/wp-json\/wp\/v2\/product\/261758","targetHints":{"allow":["GET"]}}],"collection":[{"href":"https:\/\/occasions-teile.ch\/fr\/wp-json\/wp\/v2\/product"}],"about":[{"href":"https:\/\/occasions-teile.ch\/fr\/wp-json\/wp\/v2\/types\/product"}],"wp:featuredmedia":[{"embeddable":true,"href":"https:\/\/occasions-teile.ch\/fr\/wp-json\/wp\/v2\/media\/261755"}],"wp:attachment":[{"href":"https:\/\/occasions-teile.ch\/fr\/wp-json\/wp\/v2\/media?parent=261758"}],"wp:term":[{"taxonomy":"product_brand","embeddable":true,"href":"https:\/\/occasions-teile.ch\/fr\/wp-json\/wp\/v2\/product_brand?post=261758"},{"taxonomy":"product_cat","embeddable":true,"href":"https:\/\/occasions-teile.ch\/fr\/wp-json\/wp\/v2\/product_cat?post=261758"},{"taxonomy":"product_tag","embeddable":true,"href":"https:\/\/occasions-teile.ch\/fr\/wp-json\/wp\/v2\/product_tag?post=261758"}],"curies":[{"name":"wp","href":"https:\/\/api.w.org\/{rel}","templated":true}]}}