{"id":258170,"date":"2024-01-30T15:08:23","date_gmt":"2024-01-30T15:08:23","guid":{"rendered":"https:\/\/occasions-teile.ch\/product\/skoda-octavia-xenonsteuergeraet-3\/"},"modified":"2024-05-25T03:24:49","modified_gmt":"2024-05-25T03:24:49","slug":"skoda-octavia-xenonsteuergeraet-3","status":"publish","type":"product","link":"https:\/\/occasions-teile.ch\/fr\/produkt\/skoda-octavia-xenonsteuergeraet-3\/","title":{"rendered":"Skoda Octavia  Xenonsteuerger\u00e4t"},"content":{"rendered":"<p><span><b>Technische Daten<\/b><\/p>\n<p> Fahrzeug: Skoda Octavia<br \/>\n Chassis Nr.: TMBUF21Z382019098<br \/>\n Baujahr: 2007<br \/>\n Kilometer: 175187 KM<br \/>\n Leistung: 200 KW<br \/>\n Hubraum: 1984 ccm<br \/>\n Typ: 1SC432<br \/>\n Farbcode: blau<br \/>\n Hinweise: &#8211;<\/p>\n<p> Versand: Versand nur in der Schweiz m\u00f6glich.Im Ausland ist der Transport k\u00e4uferseits.<br \/>\n Garantie: 3 Monate Garantie. Bitte beachten Sie, dass die Gew\u00e4hrleistung nur g\u00fcltig ist, wenn der Ersatzteileinbau durch eine Fachwerkstatt\/Meisterwerkstatt erfolgt. Das Ein- und Ausbau des Ersatzteiles kann nicht an uns verrechnet werden. <\/p>\n<p> Ersatzteil: f\u00fcr andere Fahrzeugen (Marken) verf\u00fcgbar auf anfrage. Tel.041 980 27 47. Mobil. 076 589 27 47<\/p>\n<p> Kontakt<br \/>\n  Adresse: Autoverwertung Brun AG<br \/>\n           M\u00f6\u00f6slimatten 13<br \/>\n           6218 Ettiswil<br \/>\n  Telefon: 0041 (041) 980 27 47<br \/>\n  Telefax: 0041 (041) 980 03 47<\/p>\n<p> Wir bieten Ihnen weitere gebrauchte Autoteile zum Kauf an.<br \/>\n<\/span><\/p>\n","protected":false},"excerpt":{"rendered":"<p>Technische Daten Fahrzeug: Skoda Octavia Chassis Nr.: TMBUF21Z382019098 Baujahr: 2007 Kilometer: 175187 KM Leistung: 200 KW Hubraum: 1984 ccm Typ: 1SC432 Farbcode: blau Hinweise: &#8211; Versand: Versand nur in der Schweiz m\u00f6glich.Im Ausland ist der Transport k\u00e4uferseits. Garantie: 3 Monate Garantie. Bitte beachten Sie, dass die Gew\u00e4hrleistung nur g\u00fcltig ist, wenn der Ersatzteileinbau durch eine&hellip; <a class=\"more-link\" href=\"https:\/\/occasions-teile.ch\/fr\/produkt\/skoda-octavia-xenonsteuergeraet-3\/\">Poursuivre la lecture <span class=\"screen-reader-text\">Skoda Octavia  Xenonsteuerger\u00e4t<\/span><\/a><\/p>\n","protected":false},"featured_media":258167,"template":"","meta":[],"product_brand":[],"product_cat":[899,10033,23598,899,624,624,624,899,1472,1472,1472,1471,1471,1471,1946,1946,1946,1024,1024,1024],"product_tag":[],"class_list":{"0":"post-258170","1":"product","2":"type-product","3":"status-publish","4":"has-post-thumbnail","6":"product_cat-en-lighting","7":"product_cat-de-combi-2-0-tfsi","8":"product_cat-de-combi-2-0-tfsi-de_octavia-de_skoda-manufacturer-15","10":"product_cat-en-electrics-control-units","14":"product_cat-en_octavia-en_skoda-manufacturer-en","17":"product_cat-en_skoda-manufacturer-en","20":"product_cat-en-tmbuf21z382019098","23":"product_cat-en-xenon-control-unit","26":"product_shipping_class-tarif-1-en","27":"entry","29":"first","30":"instock","31":"taxable","32":"shipping-taxable","33":"purchasable","34":"product-type-simple"},"jetpack_sharing_enabled":true,"_links":{"self":[{"href":"https:\/\/occasions-teile.ch\/fr\/wp-json\/wp\/v2\/product\/258170","targetHints":{"allow":["GET"]}}],"collection":[{"href":"https:\/\/occasions-teile.ch\/fr\/wp-json\/wp\/v2\/product"}],"about":[{"href":"https:\/\/occasions-teile.ch\/fr\/wp-json\/wp\/v2\/types\/product"}],"wp:featuredmedia":[{"embeddable":true,"href":"https:\/\/occasions-teile.ch\/fr\/wp-json\/wp\/v2\/media\/258167"}],"wp:attachment":[{"href":"https:\/\/occasions-teile.ch\/fr\/wp-json\/wp\/v2\/media?parent=258170"}],"wp:term":[{"taxonomy":"product_brand","embeddable":true,"href":"https:\/\/occasions-teile.ch\/fr\/wp-json\/wp\/v2\/product_brand?post=258170"},{"taxonomy":"product_cat","embeddable":true,"href":"https:\/\/occasions-teile.ch\/fr\/wp-json\/wp\/v2\/product_cat?post=258170"},{"taxonomy":"product_tag","embeddable":true,"href":"https:\/\/occasions-teile.ch\/fr\/wp-json\/wp\/v2\/product_tag?post=258170"}],"curies":[{"name":"wp","href":"https:\/\/api.w.org\/{rel}","templated":true}]}}