{"id":256385,"date":"2024-01-24T11:04:39","date_gmt":"2024-01-24T11:04:39","guid":{"rendered":"https:\/\/occasions-teile.ch\/product\/skoda-octavia-lenkgetriebe-9\/"},"modified":"2024-01-24T11:06:24","modified_gmt":"2024-01-24T11:06:24","slug":"skoda-octavia-lenkgetriebe-9","status":"publish","type":"product","link":"https:\/\/occasions-teile.ch\/fr\/produkt\/skoda-octavia-lenkgetriebe-9\/","title":{"rendered":"Skoda Octavia  Lenkgetriebe"},"content":{"rendered":"<p><span><b>Donn\u00e9es techniques<\/b><\/p>\n<p> V\u00e9hicule: Skoda Octavia<br \/>\n N\u00b0 de ch\u00e2ssis: TMBLK7NE5L0007745<br \/>\n Ann\u00e9e de production: 2019<br \/>\n Kilom\u00e9trage: 31667 KM<br \/>\n Puissance: 185 PS<br \/>\n Cylindr\u00e9e du moteur: 1968 ccm<br \/>\n Typ: 1SG664<br \/>\n Code couleur: Black<br \/>\n Remarques: &#8211;<\/p>\n<p> Exp\u00e9dition : L&rsquo;exp\u00e9dition n&rsquo;est disponible qu&rsquo;en Suisse. Dans d&rsquo;autres pays, l&rsquo;acheteur est responsable du transport.<br \/>\n Garantie : 3 mois de garantie. Veuillez noter que la garantie n&rsquo;est valable que si les pi\u00e8ces de rechange sont install\u00e9es par un atelier sp\u00e9cialis\u00e9\/ma\u00eetre. Le montage et le d\u00e9montage de la pi\u00e8ce de rechange ne peuvent pas nous \u00eatre factur\u00e9s.<\/p>\n<p> Pi\u00e8ce de rechange : pour d&rsquo;autres v\u00e9hicules (marques) disponible sur demande. T\u00e9l. 041 980 27 47. Portable. 076 589 27 47<\/p>\n<p>  Contact<br \/>\n   Adresse : Autoverwertung Brun AG<br \/>\n              M\u00f6\u00f6slimatten 13<br \/>\n              6218 Ettiswil<br \/>\n   T\u00e9l\u00e9phone : 0041 (041) 980 27 47<br \/>\n   T\u00e9l\u00e9fax : 0041 (041) 980 03 47<\/p>\n<p>  Nous proposons \u00e9galement d&rsquo;autres pi\u00e8ces automobiles d&rsquo;occasion \u00e0 vendre.<br \/>\n<\/span><\/p>\n","protected":false},"excerpt":{"rendered":"<p>Donn\u00e9es techniques V\u00e9hicule: Skoda Octavia N\u00b0 de ch\u00e2ssis: TMBLK7NE5L0007745 Ann\u00e9e de production: 2019 Kilom\u00e9trage: 31667 KM Puissance: 185 PS Cylindr\u00e9e du moteur: 1968 ccm Typ: 1SG664 Code couleur: Black Remarques: &#8211; Exp\u00e9dition : L&rsquo;exp\u00e9dition n&rsquo;est disponible qu&rsquo;en Suisse. Dans d&rsquo;autres pays, l&rsquo;acheteur est responsable du transport. Garantie : 3 mois de garantie. Veuillez noter que&hellip; <a class=\"more-link\" href=\"https:\/\/occasions-teile.ch\/fr\/produkt\/skoda-octavia-lenkgetriebe-9\/\">Poursuivre la lecture <span class=\"screen-reader-text\">Skoda Octavia  Lenkgetriebe<\/span><\/a><\/p>\n","protected":false},"featured_media":256376,"template":"","meta":[],"product_brand":[],"product_cat":[9865,710,709,1477,1476,9862,547],"product_tag":[],"class_list":{"0":"post-256385","1":"product","2":"type-product","3":"status-publish","4":"has-post-thumbnail","6":"product_cat-de-2-0tdi-4x4-de_octavia-de_skoda-manufacturer","7":"product_cat-fr-boite-de-direction-fr-boite-de-direction","8":"product_cat-fr-boite-de-direction","9":"product_cat-fr_octavia-fr_skoda-fabricant-2","10":"product_cat-fr_skoda-fabricant-2","11":"product_cat-fr-tmblk7ne5l0007745-200000264","12":"product_cat-fr-train-de-roulement-direction","13":"entry","15":"first","16":"outofstock","17":"taxable","18":"shipping-taxable","19":"purchasable","20":"product-type-simple"},"jetpack_sharing_enabled":true,"_links":{"self":[{"href":"https:\/\/occasions-teile.ch\/fr\/wp-json\/wp\/v2\/product\/256385","targetHints":{"allow":["GET"]}}],"collection":[{"href":"https:\/\/occasions-teile.ch\/fr\/wp-json\/wp\/v2\/product"}],"about":[{"href":"https:\/\/occasions-teile.ch\/fr\/wp-json\/wp\/v2\/types\/product"}],"wp:featuredmedia":[{"embeddable":true,"href":"https:\/\/occasions-teile.ch\/fr\/wp-json\/wp\/v2\/media\/256376"}],"wp:attachment":[{"href":"https:\/\/occasions-teile.ch\/fr\/wp-json\/wp\/v2\/media?parent=256385"}],"wp:term":[{"taxonomy":"product_brand","embeddable":true,"href":"https:\/\/occasions-teile.ch\/fr\/wp-json\/wp\/v2\/product_brand?post=256385"},{"taxonomy":"product_cat","embeddable":true,"href":"https:\/\/occasions-teile.ch\/fr\/wp-json\/wp\/v2\/product_cat?post=256385"},{"taxonomy":"product_tag","embeddable":true,"href":"https:\/\/occasions-teile.ch\/fr\/wp-json\/wp\/v2\/product_tag?post=256385"}],"curies":[{"name":"wp","href":"https:\/\/api.w.org\/{rel}","templated":true}]}}