{"id":255826,"date":"2024-01-23T10:20:39","date_gmt":"2024-01-23T10:20:39","guid":{"rendered":"https:\/\/occasions-teile.ch\/product\/maserati-granturismo-display\/"},"modified":"2024-06-21T15:06:46","modified_gmt":"2024-06-21T15:06:46","slug":"maserati-granturismo-display","status":"publish","type":"product","link":"https:\/\/occasions-teile.ch\/fr\/produkt\/maserati-granturismo-display\/","title":{"rendered":"Maserati GranTurismo  Display"},"content":{"rendered":"<p><b>Technische Daten<\/b><\/p>\n<p>Fahrzeug: Maserati GranTurismo<br \/>\nChassis Nr.: ZAMGH45B000039592<br \/>\nBaujahr: 2008<br \/>\nKilometer: 89270 KM<br \/>\nLeistung: 405 KW<br \/>\nHubraum: 4244 ccm<br \/>\nTyp: 1MA124<br \/>\nFarbcode: Black<br \/>\nHinweise: Striche in die mitte<\/p>\n<p>Versand: Versand nur in der Schweiz m\u00f6glich.Im Ausland ist der Transport k\u00e4uferseits.<br \/>\nGarantie: 3 Monate Garantie. Bitte beachten Sie, dass die Gew\u00e4hrleistung nur g\u00fcltig ist, wenn der Ersatzteileinbau durch eine Fachwerkstatt\/Meisterwerkstatt erfolgt. Das Ein- und Ausbau des Ersatzteiles kann nicht an uns verrechnet werden.<\/p>\n<p>Ersatzteil: f\u00fcr andere Fahrzeugen (Marken) verf\u00fcgbar auf anfrage. Tel.041 980 27 47. Mobil. 076 589 27 47<\/p>\n<p>Kontakt<br \/>\nAdresse: Autoverwertung Brun AG<br \/>\nM\u00f6\u00f6slimatten 13<br \/>\n6218 Ettiswil<br \/>\nTelefon: 0041 (041) 980 27 47<br \/>\nTelefax: 0041 (041) 980 03 47<\/p>\n<p>Wir bieten Ihnen weitere gebrauchte Autoteile zum Kauf an.<\/p>\n","protected":false},"excerpt":{"rendered":"<p>Technische Daten Fahrzeug: Maserati GranTurismo Chassis Nr.: ZAMGH45B000039592 Baujahr: 2008 Kilometer: 89270 KM Leistung: 405 KW Hubraum: 4244 ccm Typ: 1MA124 Farbcode: Black Hinweise: Striche in die mitte Versand: Versand nur in der Schweiz m\u00f6glich.Im Ausland ist der Transport k\u00e4uferseits. Garantie: 3 Monate Garantie. Bitte beachten Sie, dass die Gew\u00e4hrleistung nur g\u00fcltig ist, wenn der&hellip; <a class=\"more-link\" href=\"https:\/\/occasions-teile.ch\/fr\/produkt\/maserati-granturismo-display\/\">Poursuivre la lecture <span class=\"screen-reader-text\">Maserati GranTurismo  Display<\/span><\/a><\/p>\n","protected":false},"featured_media":255823,"template":"","meta":[],"product_brand":[],"product_cat":[23596,828,621,4124,1718,822,9774],"product_tag":[],"class_list":{"0":"post-255826","1":"product","2":"type-product","3":"status-publish","4":"has-post-thumbnail","6":"product_cat-de-4-2-de_slug_maserati_granturismo_959-de_maserati-manufacturer-120","7":"product_cat-de-display","8":"product_cat-de-elektrik-steuergeraete","9":"product_cat-de_slug_maserati_granturismo_959","10":"product_cat-de_maserati","11":"product_cat-de-tachoanzeigegeraete","12":"product_cat-de-zamgh45b000039592-200000262","13":"product_shipping_class-tarif-1","14":"entry","16":"first","17":"instock","18":"taxable","19":"shipping-taxable","20":"purchasable","21":"product-type-simple"},"jetpack_sharing_enabled":true,"_links":{"self":[{"href":"https:\/\/occasions-teile.ch\/fr\/wp-json\/wp\/v2\/product\/255826","targetHints":{"allow":["GET"]}}],"collection":[{"href":"https:\/\/occasions-teile.ch\/fr\/wp-json\/wp\/v2\/product"}],"about":[{"href":"https:\/\/occasions-teile.ch\/fr\/wp-json\/wp\/v2\/types\/product"}],"wp:featuredmedia":[{"embeddable":true,"href":"https:\/\/occasions-teile.ch\/fr\/wp-json\/wp\/v2\/media\/255823"}],"wp:attachment":[{"href":"https:\/\/occasions-teile.ch\/fr\/wp-json\/wp\/v2\/media?parent=255826"}],"wp:term":[{"taxonomy":"product_brand","embeddable":true,"href":"https:\/\/occasions-teile.ch\/fr\/wp-json\/wp\/v2\/product_brand?post=255826"},{"taxonomy":"product_cat","embeddable":true,"href":"https:\/\/occasions-teile.ch\/fr\/wp-json\/wp\/v2\/product_cat?post=255826"},{"taxonomy":"product_tag","embeddable":true,"href":"https:\/\/occasions-teile.ch\/fr\/wp-json\/wp\/v2\/product_tag?post=255826"}],"curies":[{"name":"wp","href":"https:\/\/api.w.org\/{rel}","templated":true}]}}