{"id":254976,"date":"2024-01-19T10:55:15","date_gmt":"2024-01-19T10:55:15","guid":{"rendered":"https:\/\/occasions-teile.ch\/product\/vw-tiguan-notrad-reserverad-3\/"},"modified":"2024-01-19T10:55:29","modified_gmt":"2024-01-19T10:55:29","slug":"vw-tiguan-notrad-reserverad-3","status":"publish","type":"product","link":"https:\/\/occasions-teile.ch\/fr\/produkt\/vw-tiguan-notrad-reserverad-3\/","title":{"rendered":"VW Tiguan  Notrad Reserverad"},"content":{"rendered":"<p><span><b>Donn\u00e9es techniques<\/b><\/p>\n<p> V\u00e9hicule: VW Tiguan<br \/>\n N\u00b0 de ch\u00e2ssis: WVGZZZ5NZFW606454<br \/>\n Ann\u00e9e de production: 2015<br \/>\n Kilom\u00e9trage: 131235 KM<br \/>\n Puissance: 180 PS<br \/>\n Cylindr\u00e9e du moteur: 1984 ccm<br \/>\n Typ: 1XK368<br \/>\n Code couleur: White\/Weiss<br \/>\n Remarques: 4&#215;18 ET27,5<\/p>\n<p> Exp\u00e9dition : L&rsquo;exp\u00e9dition n&rsquo;est disponible qu&rsquo;en Suisse. Dans d&rsquo;autres pays, l&rsquo;acheteur est responsable du transport.<br \/>\n Garantie : 3 mois de garantie. Veuillez noter que la garantie n&rsquo;est valable que si les pi\u00e8ces de rechange sont install\u00e9es par un atelier sp\u00e9cialis\u00e9\/ma\u00eetre. Le montage et le d\u00e9montage de la pi\u00e8ce de rechange ne peuvent pas nous \u00eatre factur\u00e9s.<\/p>\n<p> Pi\u00e8ce de rechange : pour d&rsquo;autres v\u00e9hicules (marques) disponible sur demande. T\u00e9l. 041 980 27 47. Portable. 076 589 27 47<\/p>\n<p>  Contact<br \/>\n   Adresse : Autoverwertung Brun AG<br \/>\n              M\u00f6\u00f6slimatten 13<br \/>\n              6218 Ettiswil<br \/>\n   T\u00e9l\u00e9phone : 0041 (041) 980 27 47<br \/>\n   T\u00e9l\u00e9fax : 0041 (041) 980 03 47<\/p>\n<p>  Nous proposons \u00e9galement d&rsquo;autres pi\u00e8ces automobiles d&rsquo;occasion \u00e0 vendre.<br \/>\n<\/span><\/p>\n","protected":false},"excerpt":{"rendered":"<p>Donn\u00e9es techniques V\u00e9hicule: VW Tiguan N\u00b0 de ch\u00e2ssis: WVGZZZ5NZFW606454 Ann\u00e9e de production: 2015 Kilom\u00e9trage: 131235 KM Puissance: 180 PS Cylindr\u00e9e du moteur: 1984 ccm Typ: 1XK368 Code couleur: White\/Weiss Remarques: 4&#215;18 ET27,5 Exp\u00e9dition : L&rsquo;exp\u00e9dition n&rsquo;est disponible qu&rsquo;en Suisse. Dans d&rsquo;autres pays, l&rsquo;acheteur est responsable du transport. Garantie : 3 mois de garantie. Veuillez noter&hellip; <a class=\"more-link\" href=\"https:\/\/occasions-teile.ch\/fr\/produkt\/vw-tiguan-notrad-reserverad-3\/\">Poursuivre la lecture <span class=\"screen-reader-text\">VW Tiguan  Notrad Reserverad<\/span><\/a><\/p>\n","protected":false},"featured_media":254973,"template":"","meta":[],"product_brand":[],"product_cat":[9733,1179,1180,1177,1178,550,1181,1182,556,1667,1669,1671,1286,1280,1283,553,9730,9731,9728],"product_tag":[],"class_list":{"0":"post-254976","1":"product","2":"type-product","3":"status-publish","4":"has-post-thumbnail","6":"product_cat-de-2-0-tsi-4motion-de_tiguan-de_volkswagen","7":"product_cat-en-emergency-wheel-spare-wheel","8":"product_cat-en-emergency-wheel-spare-wheel-en-emergency-wheel-spare-wheel","9":"product_cat-de-notrad-reserverad","10":"product_cat-de-notrad-reserverad-de-notrad-reserverad","11":"product_cat-de-raeder-reifen-felgen","12":"product_cat-fr-roue-de-secours-roue-de-secours","13":"product_cat-fr-roue-de-secours-roue-de-secours-fr-roue-de-secours-roue-de-secours","14":"product_cat-fr-roues-pneus-jantes","15":"product_cat-de_tiguan","16":"product_cat-en_tiguan","17":"product_cat-fr_tiguan","18":"product_cat-fr_volkswagen","19":"product_cat-de_volkswagen","20":"product_cat-en_volkswagen","21":"product_cat-en-wheels-tires-rims","22":"product_cat-en-wvgzzz5nzfw606454-200000263","23":"product_cat-fr-wvgzzz5nzfw606454-200000263","24":"product_cat-de-wvgzzz5nzfw606454-200000263","25":"product_shipping_class-tarif-2-fr","26":"entry","28":"first","29":"outofstock","30":"taxable","31":"shipping-taxable","32":"purchasable","33":"product-type-simple"},"jetpack_sharing_enabled":true,"_links":{"self":[{"href":"https:\/\/occasions-teile.ch\/fr\/wp-json\/wp\/v2\/product\/254976","targetHints":{"allow":["GET"]}}],"collection":[{"href":"https:\/\/occasions-teile.ch\/fr\/wp-json\/wp\/v2\/product"}],"about":[{"href":"https:\/\/occasions-teile.ch\/fr\/wp-json\/wp\/v2\/types\/product"}],"wp:featuredmedia":[{"embeddable":true,"href":"https:\/\/occasions-teile.ch\/fr\/wp-json\/wp\/v2\/media\/254973"}],"wp:attachment":[{"href":"https:\/\/occasions-teile.ch\/fr\/wp-json\/wp\/v2\/media?parent=254976"}],"wp:term":[{"taxonomy":"product_brand","embeddable":true,"href":"https:\/\/occasions-teile.ch\/fr\/wp-json\/wp\/v2\/product_brand?post=254976"},{"taxonomy":"product_cat","embeddable":true,"href":"https:\/\/occasions-teile.ch\/fr\/wp-json\/wp\/v2\/product_cat?post=254976"},{"taxonomy":"product_tag","embeddable":true,"href":"https:\/\/occasions-teile.ch\/fr\/wp-json\/wp\/v2\/product_tag?post=254976"}],"curies":[{"name":"wp","href":"https:\/\/api.w.org\/{rel}","templated":true}]}}