{"id":253508,"date":"2024-01-16T11:12:20","date_gmt":"2024-01-16T11:12:20","guid":{"rendered":"https:\/\/occasions-teile.ch\/product\/vw-caddy-beifahrersitz-4\/"},"modified":"2024-01-16T11:12:37","modified_gmt":"2024-01-16T11:12:37","slug":"vw-caddy-beifahrersitz-4","status":"publish","type":"product","link":"https:\/\/occasions-teile.ch\/fr\/produkt\/vw-caddy-beifahrersitz-4\/","title":{"rendered":"VW Caddy  Beifahrersitz"},"content":{"rendered":"<p><span><b>Donn\u00e9es techniques<\/b><\/p>\n<p> V\u00e9hicule: VW Caddy<br \/>\n N\u00b0 de ch\u00e2ssis: WV1ZZZ2KZKX062150<br \/>\n Ann\u00e9e de production: 2019<br \/>\n Kilom\u00e9trage: 73626 KM<br \/>\n Puissance: 122 PS<br \/>\n Cylindr\u00e9e du moteur: 1968 ccm<br \/>\n Typ: 3VE630<br \/>\n Code couleur: orange<br \/>\n Remarques: &#8211;<\/p>\n<p> Exp\u00e9dition : L&rsquo;exp\u00e9dition n&rsquo;est disponible qu&rsquo;en Suisse. Dans d&rsquo;autres pays, l&rsquo;acheteur est responsable du transport.<br \/>\n Garantie : 3 mois de garantie. Veuillez noter que la garantie n&rsquo;est valable que si les pi\u00e8ces de rechange sont install\u00e9es par un atelier sp\u00e9cialis\u00e9\/ma\u00eetre. Le montage et le d\u00e9montage de la pi\u00e8ce de rechange ne peuvent pas nous \u00eatre factur\u00e9s.<\/p>\n<p> Pi\u00e8ce de rechange : pour d&rsquo;autres v\u00e9hicules (marques) disponible sur demande. T\u00e9l. 041 980 27 47. Portable. 076 589 27 47<\/p>\n<p>  Contact<br \/>\n   Adresse : Autoverwertung Brun AG<br \/>\n              M\u00f6\u00f6slimatten 13<br \/>\n              6218 Ettiswil<br \/>\n   T\u00e9l\u00e9phone : 0041 (041) 980 27 47<br \/>\n   T\u00e9l\u00e9fax : 0041 (041) 980 03 47<\/p>\n<p>  Nous proposons \u00e9galement d&rsquo;autres pi\u00e8ces automobiles d&rsquo;occasion \u00e0 vendre.<br \/>\n<\/span><\/p>\n","protected":false},"excerpt":{"rendered":"<p>Donn\u00e9es techniques V\u00e9hicule: VW Caddy N\u00b0 de ch\u00e2ssis: WV1ZZZ2KZKX062150 Ann\u00e9e de production: 2019 Kilom\u00e9trage: 73626 KM Puissance: 122 PS Cylindr\u00e9e du moteur: 1968 ccm Typ: 3VE630 Code couleur: orange Remarques: &#8211; Exp\u00e9dition : L&rsquo;exp\u00e9dition n&rsquo;est disponible qu&rsquo;en Suisse. Dans d&rsquo;autres pays, l&rsquo;acheteur est responsable du transport. Garantie : 3 mois de garantie. Veuillez noter que&hellip; <a class=\"more-link\" href=\"https:\/\/occasions-teile.ch\/fr\/produkt\/vw-caddy-beifahrersitz-4\/\">Poursuivre la lecture <span class=\"screen-reader-text\">VW Caddy  Beifahrersitz<\/span><\/a><\/p>\n","protected":false},"featured_media":253505,"template":"","meta":[],"product_brand":[],"product_cat":[1538,1569,1632,1632,1632,810,810,810,9584,1538,1569,1569,1538,1286,1286,1286,9338,9338,9338],"product_tag":[],"class_list":{"0":"post-253508","1":"product","2":"type-product","3":"status-publish","4":"has-post-thumbnail","6":"product_cat-fr-autres","7":"product_cat-fr-siege-passager","8":"product_cat-fr_caddy","11":"product_cat-fr-interieur","14":"product_cat-de-kasten-bmt-4motion-de_caddy-de_volkswagen-manufacturer-30","19":"product_cat-fr_volkswagen","22":"product_cat-fr-wv1zzz2kzkx062150-200000261","25":"product_shipping_class-tarif-3-fr","26":"entry","28":"first","29":"outofstock","30":"taxable","31":"shipping-taxable","32":"purchasable","33":"product-type-simple"},"jetpack_sharing_enabled":true,"_links":{"self":[{"href":"https:\/\/occasions-teile.ch\/fr\/wp-json\/wp\/v2\/product\/253508","targetHints":{"allow":["GET"]}}],"collection":[{"href":"https:\/\/occasions-teile.ch\/fr\/wp-json\/wp\/v2\/product"}],"about":[{"href":"https:\/\/occasions-teile.ch\/fr\/wp-json\/wp\/v2\/types\/product"}],"wp:featuredmedia":[{"embeddable":true,"href":"https:\/\/occasions-teile.ch\/fr\/wp-json\/wp\/v2\/media\/253505"}],"wp:attachment":[{"href":"https:\/\/occasions-teile.ch\/fr\/wp-json\/wp\/v2\/media?parent=253508"}],"wp:term":[{"taxonomy":"product_brand","embeddable":true,"href":"https:\/\/occasions-teile.ch\/fr\/wp-json\/wp\/v2\/product_brand?post=253508"},{"taxonomy":"product_cat","embeddable":true,"href":"https:\/\/occasions-teile.ch\/fr\/wp-json\/wp\/v2\/product_cat?post=253508"},{"taxonomy":"product_tag","embeddable":true,"href":"https:\/\/occasions-teile.ch\/fr\/wp-json\/wp\/v2\/product_tag?post=253508"}],"curies":[{"name":"wp","href":"https:\/\/api.w.org\/{rel}","templated":true}]}}