{"id":252650,"date":"2024-01-14T23:50:15","date_gmt":"2024-01-14T23:50:15","guid":{"rendered":"https:\/\/occasions-teile.ch\/product\/vw-passat-tuere-vorne-3\/"},"modified":"2024-01-14T23:50:30","modified_gmt":"2024-01-14T23:50:30","slug":"vw-passat-tuere-vorne-3","status":"publish","type":"product","link":"https:\/\/occasions-teile.ch\/fr\/produkt\/vw-passat-tuere-vorne-3\/","title":{"rendered":"VW Passat  T\u00fcre vorne"},"content":{"rendered":"<p><span><b>Donn\u00e9es techniques<\/b><\/p>\n<p> V\u00e9hicule: VW Passat<br \/>\n N\u00b0 de ch\u00e2ssis: WVWZZZ3CZKE200461<br \/>\n Ann\u00e9e de production: 2019<br \/>\n Kilom\u00e9trage: 164234 KM<br \/>\n Puissance: 190 PS<br \/>\n Cylindr\u00e9e du moteur: 1968 ccm<br \/>\n Typ: 1VJ334<br \/>\n Code couleur: silber<br \/>\n Remarques: Achtung Streifen vorhanden<\/p>\n<p> Exp\u00e9dition : L&rsquo;exp\u00e9dition n&rsquo;est disponible qu&rsquo;en Suisse. Dans d&rsquo;autres pays, l&rsquo;acheteur est responsable du transport.<br \/>\n Garantie : 3 mois de garantie. Veuillez noter que la garantie n&rsquo;est valable que si les pi\u00e8ces de rechange sont install\u00e9es par un atelier sp\u00e9cialis\u00e9\/ma\u00eetre. Le montage et le d\u00e9montage de la pi\u00e8ce de rechange ne peuvent pas nous \u00eatre factur\u00e9s.<\/p>\n<p> Pi\u00e8ce de rechange : pour d&rsquo;autres v\u00e9hicules (marques) disponible sur demande. T\u00e9l. 041 980 27 47. Portable. 076 589 27 47<\/p>\n<p>  Contact<br \/>\n   Adresse : Autoverwertung Brun AG<br \/>\n              M\u00f6\u00f6slimatten 13<br \/>\n              6218 Ettiswil<br \/>\n   T\u00e9l\u00e9phone : 0041 (041) 980 27 47<br \/>\n   T\u00e9l\u00e9fax : 0041 (041) 980 03 47<\/p>\n<p>  Nous proposons \u00e9galement d&rsquo;autres pi\u00e8ces automobiles d&rsquo;occasion \u00e0 vendre.<br \/>\n<\/span><\/p>\n","protected":false},"excerpt":{"rendered":"<p>Donn\u00e9es techniques V\u00e9hicule: VW Passat N\u00b0 de ch\u00e2ssis: WVWZZZ3CZKE200461 Ann\u00e9e de production: 2019 Kilom\u00e9trage: 164234 KM Puissance: 190 PS Cylindr\u00e9e du moteur: 1968 ccm Typ: 1VJ334 Code couleur: silber Remarques: Achtung Streifen vorhanden Exp\u00e9dition : L&rsquo;exp\u00e9dition n&rsquo;est disponible qu&rsquo;en Suisse. Dans d&rsquo;autres pays, l&rsquo;acheteur est responsable du transport. Garantie : 3 mois de garantie. Veuillez&hellip; <a class=\"more-link\" href=\"https:\/\/occasions-teile.ch\/fr\/produkt\/vw-passat-tuere-vorne-3\/\">Poursuivre la lecture <span class=\"screen-reader-text\">VW Passat  T\u00fcre vorne<\/span><\/a><\/p>\n","protected":false},"featured_media":252644,"template":"","meta":[],"product_brand":[],"product_cat":[9488,488,491,489,490,485,1301,1303,1299,492,493,486,487,1280,1283,1286,9184,9422,9423],"product_tag":[],"class_list":{"0":"post-252650","1":"product","2":"type-product","3":"status-publish","4":"has-post-thumbnail","6":"product_cat-de-b8-variant-de_passat-de_volkswagen-manufacturer-57","7":"product_cat-en-body-center","8":"product_cat-fr-centre-de-la-carrosserie","9":"product_cat-en-doors","10":"product_cat-en-doors-front","11":"product_cat-de-karosserie-mitte","12":"product_cat-en_passat","13":"product_cat-fr_passat","14":"product_cat-de_passat","15":"product_cat-fr-portes","16":"product_cat-fr-portes-avant","17":"product_cat-de-tueren","18":"product_cat-de-tuerenvorn","19":"product_cat-de_volkswagen","20":"product_cat-en_volkswagen","21":"product_cat-fr_volkswagen","22":"product_cat-de-wvwzzz3czke200461-200000257","23":"product_cat-en-wvwzzz3czke200461-200000257","24":"product_cat-fr-wvwzzz3czke200461-200000257","25":"product_shipping_class-tarif-4-fr","26":"entry","28":"first","29":"outofstock","30":"taxable","31":"shipping-taxable","32":"purchasable","33":"product-type-simple"},"jetpack_sharing_enabled":true,"_links":{"self":[{"href":"https:\/\/occasions-teile.ch\/fr\/wp-json\/wp\/v2\/product\/252650","targetHints":{"allow":["GET"]}}],"collection":[{"href":"https:\/\/occasions-teile.ch\/fr\/wp-json\/wp\/v2\/product"}],"about":[{"href":"https:\/\/occasions-teile.ch\/fr\/wp-json\/wp\/v2\/types\/product"}],"wp:featuredmedia":[{"embeddable":true,"href":"https:\/\/occasions-teile.ch\/fr\/wp-json\/wp\/v2\/media\/252644"}],"wp:attachment":[{"href":"https:\/\/occasions-teile.ch\/fr\/wp-json\/wp\/v2\/media?parent=252650"}],"wp:term":[{"taxonomy":"product_brand","embeddable":true,"href":"https:\/\/occasions-teile.ch\/fr\/wp-json\/wp\/v2\/product_brand?post=252650"},{"taxonomy":"product_cat","embeddable":true,"href":"https:\/\/occasions-teile.ch\/fr\/wp-json\/wp\/v2\/product_cat?post=252650"},{"taxonomy":"product_tag","embeddable":true,"href":"https:\/\/occasions-teile.ch\/fr\/wp-json\/wp\/v2\/product_tag?post=252650"}],"curies":[{"name":"wp","href":"https:\/\/api.w.org\/{rel}","templated":true}]}}