{"id":252303,"date":"2024-01-14T22:23:58","date_gmt":"2024-01-14T22:23:58","guid":{"rendered":"https:\/\/occasions-teile.ch\/product\/vw-passat-bremskraftverstaerker\/"},"modified":"2024-05-28T13:50:14","modified_gmt":"2024-05-28T13:50:14","slug":"vw-passat-bremskraftverstaerker","status":"publish","type":"product","link":"https:\/\/occasions-teile.ch\/fr\/produkt\/vw-passat-bremskraftverstaerker\/","title":{"rendered":"VW Passat  Bremskraftverst\u00e4rker"},"content":{"rendered":"<p><span><b>Technische Daten<\/b><\/p>\n<p> Fahrzeug: VW Passat<br \/>\n Chassis Nr.: WVWZZZ3CZKE200461<br \/>\n Baujahr: 2019<br \/>\n Kilometer: 164234 KM<br \/>\n Leistung: 190 KW<br \/>\n Hubraum: 1968 ccm<br \/>\n Typ: 1VJ334<br \/>\n Farbcode: silber<br \/>\n Hinweise: &#8211;<\/p>\n<p> Versand: Versand nur in der Schweiz m\u00f6glich.Im Ausland ist der Transport k\u00e4uferseits.<br \/>\n Garantie: 3 Monate Garantie. Bitte beachten Sie, dass die Gew\u00e4hrleistung nur g\u00fcltig ist, wenn der Ersatzteileinbau durch eine Fachwerkstatt\/Meisterwerkstatt erfolgt. Das Ein- und Ausbau des Ersatzteiles kann nicht an uns verrechnet werden. <\/p>\n<p> Ersatzteil: f\u00fcr andere Fahrzeugen (Marken) verf\u00fcgbar auf anfrage. Tel.041 980 27 47. Mobil. 076 589 27 47<\/p>\n<p> Kontakt<br \/>\n  Adresse: Autoverwertung Brun AG<br \/>\n           M\u00f6\u00f6slimatten 13<br \/>\n           6218 Ettiswil<br \/>\n  Telefon: 0041 (041) 980 27 47<br \/>\n  Telefax: 0041 (041) 980 03 47<\/p>\n<p> Wir bieten Ihnen weitere gebrauchte Autoteile zum Kauf an.<br \/>\n<\/span><\/p>\n","protected":false},"excerpt":{"rendered":"<p>Technische Daten Fahrzeug: VW Passat Chassis Nr.: WVWZZZ3CZKE200461 Baujahr: 2019 Kilometer: 164234 KM Leistung: 190 KW Hubraum: 1968 ccm Typ: 1VJ334 Farbcode: silber Hinweise: &#8211; Versand: Versand nur in der Schweiz m\u00f6glich.Im Ausland ist der Transport k\u00e4uferseits. Garantie: 3 Monate Garantie. Bitte beachten Sie, dass die Gew\u00e4hrleistung nur g\u00fcltig ist, wenn der Ersatzteileinbau durch eine&hellip; <a class=\"more-link\" href=\"https:\/\/occasions-teile.ch\/fr\/produkt\/vw-passat-bremskraftverstaerker\/\">Poursuivre la lecture <span class=\"screen-reader-text\">VW Passat  Bremskraftverst\u00e4rker<\/span><\/a><\/p>\n","protected":false},"featured_media":252300,"template":"","meta":[],"product_brand":[],"product_cat":[23765,9458,638,639,533,1301,1283,9422],"product_tag":[],"class_list":{"0":"post-252303","1":"product","2":"type-product","3":"status-publish","4":"has-post-thumbnail","6":"product_cat-de-b8-variant-de_passat-de_volkswagen-manufacturer-136","7":"product_cat-de-b8-variant-de_passat-de_volkswagen-manufacturer-30","8":"product_cat-en-brake-booster","9":"product_cat-en-brake-booster-en-brake-booster","10":"product_cat-en-brake-brake-system","11":"product_cat-en_passat","12":"product_cat-en_volkswagen","13":"product_cat-en-wvwzzz3czke200461-200000257","14":"product_shipping_class-tarif-1","15":"entry","17":"first","18":"instock","19":"taxable","20":"shipping-taxable","21":"purchasable","22":"product-type-simple"},"jetpack_sharing_enabled":true,"_links":{"self":[{"href":"https:\/\/occasions-teile.ch\/fr\/wp-json\/wp\/v2\/product\/252303","targetHints":{"allow":["GET"]}}],"collection":[{"href":"https:\/\/occasions-teile.ch\/fr\/wp-json\/wp\/v2\/product"}],"about":[{"href":"https:\/\/occasions-teile.ch\/fr\/wp-json\/wp\/v2\/types\/product"}],"wp:featuredmedia":[{"embeddable":true,"href":"https:\/\/occasions-teile.ch\/fr\/wp-json\/wp\/v2\/media\/252300"}],"wp:attachment":[{"href":"https:\/\/occasions-teile.ch\/fr\/wp-json\/wp\/v2\/media?parent=252303"}],"wp:term":[{"taxonomy":"product_brand","embeddable":true,"href":"https:\/\/occasions-teile.ch\/fr\/wp-json\/wp\/v2\/product_brand?post=252303"},{"taxonomy":"product_cat","embeddable":true,"href":"https:\/\/occasions-teile.ch\/fr\/wp-json\/wp\/v2\/product_cat?post=252303"},{"taxonomy":"product_tag","embeddable":true,"href":"https:\/\/occasions-teile.ch\/fr\/wp-json\/wp\/v2\/product_tag?post=252303"}],"curies":[{"name":"wp","href":"https:\/\/api.w.org\/{rel}","templated":true}]}}