{"id":251906,"date":"2024-01-14T13:43:18","date_gmt":"2024-01-14T13:43:18","guid":{"rendered":"https:\/\/occasions-teile.ch\/product\/mazda-cx-3-tuere-hinten-6\/"},"modified":"2024-01-14T13:43:32","modified_gmt":"2024-01-14T13:43:32","slug":"mazda-cx-3-tuere-hinten-6","status":"publish","type":"product","link":"https:\/\/occasions-teile.ch\/fr\/produkt\/mazda-cx-3-tuere-hinten-6\/","title":{"rendered":"Mazda CX-3  T\u00fcre hinten"},"content":{"rendered":"<p><span><b>Donn\u00e9es techniques<\/b><\/p>\n<p> V\u00e9hicule: Mazda CX-3<br \/>\n N\u00b0 de ch\u00e2ssis: JMZDKFW7A20155741<br \/>\n Ann\u00e9e de production: 2016<br \/>\n Kilom\u00e9trage: 81500 KM<br \/>\n Puissance: 150 PS<br \/>\n Cylindr\u00e9e du moteur: 1998 ccm<br \/>\n Typ: 1MB119<br \/>\n Code couleur: Black<br \/>\n Remarques: &#8211;<\/p>\n<p> Exp\u00e9dition : L&rsquo;exp\u00e9dition n&rsquo;est disponible qu&rsquo;en Suisse. Dans d&rsquo;autres pays, l&rsquo;acheteur est responsable du transport.<br \/>\n Garantie : 3 mois de garantie. Veuillez noter que la garantie n&rsquo;est valable que si les pi\u00e8ces de rechange sont install\u00e9es par un atelier sp\u00e9cialis\u00e9\/ma\u00eetre. Le montage et le d\u00e9montage de la pi\u00e8ce de rechange ne peuvent pas nous \u00eatre factur\u00e9s.<\/p>\n<p> Pi\u00e8ce de rechange : pour d&rsquo;autres v\u00e9hicules (marques) disponible sur demande. T\u00e9l. 041 980 27 47. Portable. 076 589 27 47<\/p>\n<p>  Contact<br \/>\n   Adresse : Autoverwertung Brun AG<br \/>\n              M\u00f6\u00f6slimatten 13<br \/>\n              6218 Ettiswil<br \/>\n   T\u00e9l\u00e9phone : 0041 (041) 980 27 47<br \/>\n   T\u00e9l\u00e9fax : 0041 (041) 980 03 47<\/p>\n<p>  Nous proposons \u00e9galement d&rsquo;autres pi\u00e8ces automobiles d&rsquo;occasion \u00e0 vendre.<br \/>\n<\/span><\/p>\n","protected":false},"excerpt":{"rendered":"<p>Donn\u00e9es techniques V\u00e9hicule: Mazda CX-3 N\u00b0 de ch\u00e2ssis: JMZDKFW7A20155741 Ann\u00e9e de production: 2016 Kilom\u00e9trage: 81500 KM Puissance: 150 PS Cylindr\u00e9e du moteur: 1998 ccm Typ: 1MB119 Code couleur: Black Remarques: &#8211; Exp\u00e9dition : L&rsquo;exp\u00e9dition n&rsquo;est disponible qu&rsquo;en Suisse. Dans d&rsquo;autres pays, l&rsquo;acheteur est responsable du transport. Garantie : 3 mois de garantie. Veuillez noter que&hellip; <a class=\"more-link\" href=\"https:\/\/occasions-teile.ch\/fr\/produkt\/mazda-cx-3-tuere-hinten-6\/\">Poursuivre la lecture <span class=\"screen-reader-text\">Mazda CX-3  T\u00fcre hinten<\/span><\/a><\/p>\n","protected":false},"featured_media":251900,"template":"","meta":[],"product_brand":[],"product_cat":[734,488,491,9239,9228,9236,489,733,9417,9238,9227,9235,485,1314,1308,1311,492,732,486],"product_tag":[],"class_list":{"0":"post-251906","1":"product","2":"type-product","3":"status-publish","4":"has-post-thumbnail","6":"product_cat-fr-arriere-des-portes","7":"product_cat-en-body-center","8":"product_cat-fr-centre-de-la-carrosserie","9":"product_cat-fr_slug_mazda_cx-3_595","10":"product_cat-de_slug_mazda_cx-3_432","11":"product_cat-en_slug_mazda_cx-3_765","12":"product_cat-en-doors","13":"product_cat-en-doors-rear","14":"product_cat-de-g150at-de_slug_mazda_cx-3_432-de_mazda-manufacturer-107","15":"product_cat-fr-jmzdkfw7a20155741-200000259","16":"product_cat-de-jmzdkfw7a20155741-200000259","17":"product_cat-en-jmzdkfw7a20155741-200000259","18":"product_cat-de-karosserie-mitte","19":"product_cat-fr_mazda","20":"product_cat-de_mazda","21":"product_cat-en_mazda","22":"product_cat-fr-portes","23":"product_cat-de-tuere-hinten","24":"product_cat-de-tueren","25":"product_shipping_class-tarif-4-fr","26":"entry","28":"first","29":"outofstock","30":"taxable","31":"shipping-taxable","32":"purchasable","33":"product-type-simple"},"jetpack_sharing_enabled":true,"_links":{"self":[{"href":"https:\/\/occasions-teile.ch\/fr\/wp-json\/wp\/v2\/product\/251906","targetHints":{"allow":["GET"]}}],"collection":[{"href":"https:\/\/occasions-teile.ch\/fr\/wp-json\/wp\/v2\/product"}],"about":[{"href":"https:\/\/occasions-teile.ch\/fr\/wp-json\/wp\/v2\/types\/product"}],"wp:featuredmedia":[{"embeddable":true,"href":"https:\/\/occasions-teile.ch\/fr\/wp-json\/wp\/v2\/media\/251900"}],"wp:attachment":[{"href":"https:\/\/occasions-teile.ch\/fr\/wp-json\/wp\/v2\/media?parent=251906"}],"wp:term":[{"taxonomy":"product_brand","embeddable":true,"href":"https:\/\/occasions-teile.ch\/fr\/wp-json\/wp\/v2\/product_brand?post=251906"},{"taxonomy":"product_cat","embeddable":true,"href":"https:\/\/occasions-teile.ch\/fr\/wp-json\/wp\/v2\/product_cat?post=251906"},{"taxonomy":"product_tag","embeddable":true,"href":"https:\/\/occasions-teile.ch\/fr\/wp-json\/wp\/v2\/product_tag?post=251906"}],"curies":[{"name":"wp","href":"https:\/\/api.w.org\/{rel}","templated":true}]}}