{"id":250348,"date":"2024-01-12T09:16:40","date_gmt":"2024-01-12T09:16:40","guid":{"rendered":"https:\/\/occasions-teile.ch\/product\/mazda-cx-3-schloss-heckklappe\/"},"modified":"2024-05-23T18:23:28","modified_gmt":"2024-05-23T18:23:28","slug":"mazda-cx-3-schloss-heckklappe","status":"publish","type":"product","link":"https:\/\/occasions-teile.ch\/fr\/produkt\/mazda-cx-3-schloss-heckklappe\/","title":{"rendered":"Mazda CX-3  Schloss Heckklappe"},"content":{"rendered":"<p><span><b>Technische Daten<\/b><\/p>\n<p> Fahrzeug: Mazda CX-3<br \/>\n Chassis Nr.: JMZDKFW7A20155741<br \/>\n Baujahr: 2016<br \/>\n Kilometer: 81500 KM<br \/>\n Leistung: 150 KW<br \/>\n Hubraum: 1998 ccm<br \/>\n Typ: 1MB119<br \/>\n Farbcode: Black<br \/>\n Hinweise: &#8211;<\/p>\n<p> Versand: Versand nur in der Schweiz m\u00f6glich.Im Ausland ist der Transport k\u00e4uferseits.<br \/>\n Garantie: 3 Monate Garantie. Bitte beachten Sie, dass die Gew\u00e4hrleistung nur g\u00fcltig ist, wenn der Ersatzteileinbau durch eine Fachwerkstatt\/Meisterwerkstatt erfolgt. Das Ein- und Ausbau des Ersatzteiles kann nicht an uns verrechnet werden. <\/p>\n<p> Ersatzteil: f\u00fcr andere Fahrzeugen (Marken) verf\u00fcgbar auf anfrage. Tel.041 980 27 47. Mobil. 076 589 27 47<\/p>\n<p> Kontakt<br \/>\n  Adresse: Autoverwertung Brun AG<br \/>\n           M\u00f6\u00f6slimatten 13<br \/>\n           6218 Ettiswil<br \/>\n  Telefon: 0041 (041) 980 27 47<br \/>\n  Telefax: 0041 (041) 980 03 47<\/p>\n<p> Wir bieten Ihnen weitere gebrauchte Autoteile zum Kauf an.<br \/>\n<\/span><\/p>\n","protected":false},"excerpt":{"rendered":"<p>Technische Daten Fahrzeug: Mazda CX-3 Chassis Nr.: JMZDKFW7A20155741 Baujahr: 2016 Kilometer: 81500 KM Leistung: 150 KW Hubraum: 1998 ccm Typ: 1MB119 Farbcode: Black Hinweise: &#8211; Versand: Versand nur in der Schweiz m\u00f6glich.Im Ausland ist der Transport k\u00e4uferseits. Garantie: 3 Monate Garantie. Bitte beachten Sie, dass die Gew\u00e4hrleistung nur g\u00fcltig ist, wenn der Ersatzteileinbau durch eine&hellip; <a class=\"more-link\" href=\"https:\/\/occasions-teile.ch\/fr\/produkt\/mazda-cx-3-schloss-heckklappe\/\">Poursuivre la lecture <span class=\"screen-reader-text\">Mazda CX-3  Schloss Heckklappe<\/span><\/a><\/p>\n","protected":false},"featured_media":250345,"template":"","meta":[],"product_brand":[],"product_cat":[524,527,9236,9239,9228,9289,23543,691,687,9238,9227,9235,521,690,1314,1308,1311,688,692,689],"product_tag":[],"class_list":{"0":"post-250348","1":"product","2":"type-product","3":"status-publish","4":"has-post-thumbnail","6":"product_cat-en-body-rear","7":"product_cat-fr-carrosserie-arriere","8":"product_cat-en_slug_mazda_cx-3_765","9":"product_cat-fr_slug_mazda_cx-3_595","10":"product_cat-de_slug_mazda_cx-3_432","11":"product_cat-de-g150at-de_slug_mazda_cx-3_432-de_mazda-manufacturer-26","12":"product_cat-de-g150at-de_slug_mazda_cx-3_432-de_mazda-manufacturer-143","13":"product_cat-fr-hayon-pieces","14":"product_cat-de-heckklappeteile","15":"product_cat-fr-jmzdkfw7a20155741-200000259","16":"product_cat-de-jmzdkfw7a20155741-200000259","17":"product_cat-en-jmzdkfw7a20155741-200000259","18":"product_cat-de-karosserie-heck","19":"product_cat-en-lock-tailgate","20":"product_cat-fr_mazda","21":"product_cat-de_mazda","22":"product_cat-en_mazda","23":"product_cat-de-schloss-heckklappe","24":"product_cat-fr-serrure-du-hayon","25":"product_cat-en-tailgateparts","26":"product_shipping_class-tarif-1","27":"entry","29":"first","30":"instock","31":"taxable","32":"shipping-taxable","33":"purchasable","34":"product-type-simple"},"jetpack_sharing_enabled":true,"_links":{"self":[{"href":"https:\/\/occasions-teile.ch\/fr\/wp-json\/wp\/v2\/product\/250348","targetHints":{"allow":["GET"]}}],"collection":[{"href":"https:\/\/occasions-teile.ch\/fr\/wp-json\/wp\/v2\/product"}],"about":[{"href":"https:\/\/occasions-teile.ch\/fr\/wp-json\/wp\/v2\/types\/product"}],"wp:featuredmedia":[{"embeddable":true,"href":"https:\/\/occasions-teile.ch\/fr\/wp-json\/wp\/v2\/media\/250345"}],"wp:attachment":[{"href":"https:\/\/occasions-teile.ch\/fr\/wp-json\/wp\/v2\/media?parent=250348"}],"wp:term":[{"taxonomy":"product_brand","embeddable":true,"href":"https:\/\/occasions-teile.ch\/fr\/wp-json\/wp\/v2\/product_brand?post=250348"},{"taxonomy":"product_cat","embeddable":true,"href":"https:\/\/occasions-teile.ch\/fr\/wp-json\/wp\/v2\/product_cat?post=250348"},{"taxonomy":"product_tag","embeddable":true,"href":"https:\/\/occasions-teile.ch\/fr\/wp-json\/wp\/v2\/product_tag?post=250348"}],"curies":[{"name":"wp","href":"https:\/\/api.w.org\/{rel}","templated":true}]}}