{"id":248001,"date":"2024-01-10T00:14:47","date_gmt":"2024-01-10T00:14:47","guid":{"rendered":"https:\/\/occasions-teile.ch\/product\/subaru-xv-kraftstoffpumpe-tankgeber-2\/"},"modified":"2024-05-25T05:42:04","modified_gmt":"2024-05-25T05:42:04","slug":"subaru-xv-kraftstoffpumpe-tankgeber-2","status":"publish","type":"product","link":"https:\/\/occasions-teile.ch\/fr\/produkt\/subaru-xv-kraftstoffpumpe-tankgeber-2\/","title":{"rendered":"Subaru XV  Kraftstoffpumpe Tankgeber"},"content":{"rendered":"<p><span><b>Technische Daten<\/b><\/p>\n<p> Fahrzeug: Subaru XV<br \/>\n Chassis Nr.: JF1GP7LC5EG210306<br \/>\n Baujahr: 2015<br \/>\n Kilometer: 45000 KM<br \/>\n Leistung: 150 KW<br \/>\n Hubraum: 1995 ccm<br \/>\n Typ: 1SC775<br \/>\n Farbcode: White\/Weiss<br \/>\n Hinweise: &#8211;<\/p>\n<p> Versand: Versand nur in der Schweiz m\u00f6glich.Im Ausland ist der Transport k\u00e4uferseits.<br \/>\n Garantie: 3 Monate Garantie. Bitte beachten Sie, dass die Gew\u00e4hrleistung nur g\u00fcltig ist, wenn der Ersatzteileinbau durch eine Fachwerkstatt\/Meisterwerkstatt erfolgt. Das Ein- und Ausbau des Ersatzteiles kann nicht an uns verrechnet werden. <\/p>\n<p> Ersatzteil: f\u00fcr andere Fahrzeugen (Marken) verf\u00fcgbar auf anfrage. Tel.041 980 27 47. Mobil. 076 589 27 47<\/p>\n<p> Kontakt<br \/>\n  Adresse: Autoverwertung Brun AG<br \/>\n           M\u00f6\u00f6slimatten 13<br \/>\n           6218 Ettiswil<br \/>\n  Telefon: 0041 (041) 980 27 47<br \/>\n  Telefax: 0041 (041) 980 03 47<\/p>\n<p> Wir bieten Ihnen weitere gebrauchte Autoteile zum Kauf an.<br \/>\n<\/span><\/p>\n","protected":false},"excerpt":{"rendered":"<p>Technische Daten Fahrzeug: Subaru XV Chassis Nr.: JF1GP7LC5EG210306 Baujahr: 2015 Kilometer: 45000 KM Leistung: 150 KW Hubraum: 1995 ccm Typ: 1SC775 Farbcode: White\/Weiss Hinweise: &#8211; Versand: Versand nur in der Schweiz m\u00f6glich.Im Ausland ist der Transport k\u00e4uferseits. Garantie: 3 Monate Garantie. Bitte beachten Sie, dass die Gew\u00e4hrleistung nur g\u00fcltig ist, wenn der Ersatzteileinbau durch eine&hellip; <a class=\"more-link\" href=\"https:\/\/occasions-teile.ch\/fr\/produkt\/subaru-xv-kraftstoffpumpe-tankgeber-2\/\">Poursuivre la lecture <span class=\"screen-reader-text\">Subaru XV  Kraftstoffpumpe Tankgeber<\/span><\/a><\/p>\n","protected":false},"featured_media":247998,"template":"","meta":[],"product_brand":[],"product_cat":[8805,23603,6122,6371,2076,2077,2078,6370,6121,500,494,497,6372,1202,1205,1199,6123,1203,1206,1200],"product_tag":[],"class_list":{"0":"post-248001","1":"product","2":"type-product","3":"status-publish","4":"has-post-thumbnail","6":"product_cat-de-2-0-i-awd-de_xv","7":"product_cat-de-2-0-i-awd-de_xv-de_subaru-manufacturer-13","8":"product_cat-en-air-fuel-system-motor","9":"product_cat-en-fuel-pump-tank-sender-luft-kraftstoffsystem","10":"product_cat-de-jf1gp7lc5eg210306","11":"product_cat-en-jf1gp7lc5eg210306","12":"product_cat-fr-jf1gp7lc5eg210306","13":"product_cat-de-kraftstoffpumpe-tankgeber-luft-kraftstoffsystem","14":"product_cat-de-luft-kraftstoffsystem-motor","15":"product_cat-fr-moteur","16":"product_cat-de-motor","17":"product_cat-en-motor","18":"product_cat-fr-pompe-a-carburant-reservoir-luft-kraftstoffsystem","19":"product_cat-en_subaru","20":"product_cat-fr_subaru","21":"product_cat-de_subaru","22":"product_cat-fr-systeme-de-carburant-a-air-motor","23":"product_cat-en_xv","24":"product_cat-fr_xv","25":"product_cat-de_xv","26":"product_shipping_class-tarif-1","27":"entry","29":"first","30":"instock","31":"taxable","32":"shipping-taxable","33":"purchasable","34":"product-type-simple"},"jetpack_sharing_enabled":true,"_links":{"self":[{"href":"https:\/\/occasions-teile.ch\/fr\/wp-json\/wp\/v2\/product\/248001","targetHints":{"allow":["GET"]}}],"collection":[{"href":"https:\/\/occasions-teile.ch\/fr\/wp-json\/wp\/v2\/product"}],"about":[{"href":"https:\/\/occasions-teile.ch\/fr\/wp-json\/wp\/v2\/types\/product"}],"wp:featuredmedia":[{"embeddable":true,"href":"https:\/\/occasions-teile.ch\/fr\/wp-json\/wp\/v2\/media\/247998"}],"wp:attachment":[{"href":"https:\/\/occasions-teile.ch\/fr\/wp-json\/wp\/v2\/media?parent=248001"}],"wp:term":[{"taxonomy":"product_brand","embeddable":true,"href":"https:\/\/occasions-teile.ch\/fr\/wp-json\/wp\/v2\/product_brand?post=248001"},{"taxonomy":"product_cat","embeddable":true,"href":"https:\/\/occasions-teile.ch\/fr\/wp-json\/wp\/v2\/product_cat?post=248001"},{"taxonomy":"product_tag","embeddable":true,"href":"https:\/\/occasions-teile.ch\/fr\/wp-json\/wp\/v2\/product_tag?post=248001"}],"curies":[{"name":"wp","href":"https:\/\/api.w.org\/{rel}","templated":true}]}}