{"id":246172,"date":"2024-01-07T22:08:38","date_gmt":"2024-01-07T22:08:38","guid":{"rendered":"https:\/\/occasions-teile.ch\/product\/peugeot-308-kraftstoffpumpe-tankgeber\/"},"modified":"2024-05-26T20:29:02","modified_gmt":"2024-05-26T20:29:02","slug":"peugeot-308-kraftstoffpumpe-tankgeber","status":"publish","type":"product","link":"https:\/\/occasions-teile.ch\/fr\/produkt\/peugeot-308-kraftstoffpumpe-tankgeber\/","title":{"rendered":"Peugeot 308  Kraftstoffpumpe Tankgeber"},"content":{"rendered":"<p><span><b>Technische Daten<\/b><\/p>\n<p> Fahrzeug: Peugeot 308<br \/>\n Chassis Nr.: VF3LPHNYWFS103545<br \/>\n Baujahr: 2015<br \/>\n Kilometer: 97755 KM<br \/>\n Leistung: 131 KW<br \/>\n Hubraum: 1199 ccm<br \/>\n Typ: 1PB778<br \/>\n Farbcode: White\/Weiss<br \/>\n Hinweise: Achtung Deckel nicht verf\u00fcgbar!!!<\/p>\n<p> Versand: Versand nur in der Schweiz m\u00f6glich.Im Ausland ist der Transport k\u00e4uferseits.<br \/>\n Garantie: 3 Monate Garantie. Bitte beachten Sie, dass die Gew\u00e4hrleistung nur g\u00fcltig ist, wenn der Ersatzteileinbau durch eine Fachwerkstatt\/Meisterwerkstatt erfolgt. Das Ein- und Ausbau des Ersatzteiles kann nicht an uns verrechnet werden. <\/p>\n<p> Ersatzteil: f\u00fcr andere Fahrzeugen (Marken) verf\u00fcgbar auf anfrage. Tel.041 980 27 47. Mobil. 076 589 27 47<\/p>\n<p> Kontakt<br \/>\n  Adresse: Autoverwertung Brun AG<br \/>\n           M\u00f6\u00f6slimatten 13<br \/>\n           6218 Ettiswil<br \/>\n  Telefon: 0041 (041) 980 27 47<br \/>\n  Telefax: 0041 (041) 980 03 47<\/p>\n<p> Wir bieten Ihnen weitere gebrauchte Autoteile zum Kauf an.<br \/>\n<\/span><\/p>\n","protected":false},"excerpt":{"rendered":"<p>Technische Daten Fahrzeug: Peugeot 308 Chassis Nr.: VF3LPHNYWFS103545 Baujahr: 2015 Kilometer: 97755 KM Leistung: 131 KW Hubraum: 1199 ccm Typ: 1PB778 Farbcode: White\/Weiss Hinweise: Achtung Deckel nicht verf\u00fcgbar!!! Versand: Versand nur in der Schweiz m\u00f6glich.Im Ausland ist der Transport k\u00e4uferseits. Garantie: 3 Monate Garantie. Bitte beachten Sie, dass die Gew\u00e4hrleistung nur g\u00fcltig ist, wenn der&hellip; <a class=\"more-link\" href=\"https:\/\/occasions-teile.ch\/fr\/produkt\/peugeot-308-kraftstoffpumpe-tankgeber\/\">Poursuivre la lecture <span class=\"screen-reader-text\">Peugeot 308  Kraftstoffpumpe Tankgeber<\/span><\/a><\/p>\n","protected":false},"featured_media":246169,"template":"","meta":[],"product_brand":[],"product_cat":[8568,23663,2354,2350,2352,6122,6371,6370,6121,500,497,494,1184,1187,1190,6372,6123,2349,2351,2353],"product_tag":[],"class_list":{"0":"post-246172","1":"product","2":"type-product","3":"status-publish","4":"has-post-thumbnail","6":"product_cat-de-1-2-thp","7":"product_cat-de-1-2-thp-de_308-de_peugeot-manufacturer-12","8":"product_cat-fr_308","9":"product_cat-de_308","10":"product_cat-en_308","11":"product_cat-en-air-fuel-system-motor","12":"product_cat-en-fuel-pump-tank-sender-luft-kraftstoffsystem","13":"product_cat-de-kraftstoffpumpe-tankgeber-luft-kraftstoffsystem","14":"product_cat-de-luft-kraftstoffsystem-motor","15":"product_cat-fr-moteur","16":"product_cat-en-motor","17":"product_cat-de-motor","18":"product_cat-de_peugeot","19":"product_cat-en_peugeot","20":"product_cat-fr_peugeot","21":"product_cat-fr-pompe-a-carburant-reservoir-luft-kraftstoffsystem","22":"product_cat-fr-systeme-de-carburant-a-air-motor","23":"product_cat-de-vf3lphnywfs103545-20000204","24":"product_cat-en-vf3lphnywfs103545-20000204","25":"product_cat-fr-vf3lphnywfs103545-20000204","26":"product_shipping_class-tarif-1","27":"entry","29":"first","30":"instock","31":"taxable","32":"shipping-taxable","33":"purchasable","34":"product-type-simple"},"jetpack_sharing_enabled":true,"_links":{"self":[{"href":"https:\/\/occasions-teile.ch\/fr\/wp-json\/wp\/v2\/product\/246172","targetHints":{"allow":["GET"]}}],"collection":[{"href":"https:\/\/occasions-teile.ch\/fr\/wp-json\/wp\/v2\/product"}],"about":[{"href":"https:\/\/occasions-teile.ch\/fr\/wp-json\/wp\/v2\/types\/product"}],"wp:featuredmedia":[{"embeddable":true,"href":"https:\/\/occasions-teile.ch\/fr\/wp-json\/wp\/v2\/media\/246169"}],"wp:attachment":[{"href":"https:\/\/occasions-teile.ch\/fr\/wp-json\/wp\/v2\/media?parent=246172"}],"wp:term":[{"taxonomy":"product_brand","embeddable":true,"href":"https:\/\/occasions-teile.ch\/fr\/wp-json\/wp\/v2\/product_brand?post=246172"},{"taxonomy":"product_cat","embeddable":true,"href":"https:\/\/occasions-teile.ch\/fr\/wp-json\/wp\/v2\/product_cat?post=246172"},{"taxonomy":"product_tag","embeddable":true,"href":"https:\/\/occasions-teile.ch\/fr\/wp-json\/wp\/v2\/product_tag?post=246172"}],"curies":[{"name":"wp","href":"https:\/\/api.w.org\/{rel}","templated":true}]}}