{"id":246031,"date":"2024-01-07T21:35:30","date_gmt":"2024-01-07T21:35:30","guid":{"rendered":"https:\/\/occasions-teile.ch\/product\/subaru-xv-alufelgen-3\/"},"modified":"2024-05-25T05:08:07","modified_gmt":"2024-05-25T05:08:07","slug":"subaru-xv-alufelgen-3","status":"publish","type":"product","link":"https:\/\/occasions-teile.ch\/fr\/produkt\/subaru-xv-alufelgen-3\/","title":{"rendered":"Subaru XV  Alufelgen"},"content":{"rendered":"<p><span><b>Technische Daten<\/b><\/p>\n<p> Fahrzeug: Subaru XV<br \/>\n Chassis Nr.: JF1GP3LW4HG337901<br \/>\n Baujahr: 2017<br \/>\n Kilometer: 45000 KM<br \/>\n Leistung: 114 KW<br \/>\n Hubraum: 1600 ccm<br \/>\n Typ: 1SC788<br \/>\n Farbcode: White\/Weiss<br \/>\n Hinweise: 7x17J 48<\/p>\n<p> Versand: Versand nur in der Schweiz m\u00f6glich.Im Ausland ist der Transport k\u00e4uferseits.<br \/>\n Garantie: 3 Monate Garantie. Bitte beachten Sie, dass die Gew\u00e4hrleistung nur g\u00fcltig ist, wenn der Ersatzteileinbau durch eine Fachwerkstatt\/Meisterwerkstatt erfolgt. Das Ein- und Ausbau des Ersatzteiles kann nicht an uns verrechnet werden. <\/p>\n<p> Ersatzteil: f\u00fcr andere Fahrzeugen (Marken) verf\u00fcgbar auf anfrage. Tel.041 980 27 47. Mobil. 076 589 27 47<\/p>\n<p> Kontakt<br \/>\n  Adresse: Autoverwertung Brun AG<br \/>\n           M\u00f6\u00f6slimatten 13<br \/>\n           6218 Ettiswil<br \/>\n  Telefon: 0041 (041) 980 27 47<br \/>\n  Telefax: 0041 (041) 980 03 47<\/p>\n<p> Wir bieten Ihnen weitere gebrauchte Autoteile zum Kauf an.<br \/>\n<\/span><\/p>\n","protected":false},"excerpt":{"rendered":"<p>Technische Daten Fahrzeug: Subaru XV Chassis Nr.: JF1GP3LW4HG337901 Baujahr: 2017 Kilometer: 45000 KM Leistung: 114 KW Hubraum: 1600 ccm Typ: 1SC788 Farbcode: White\/Weiss Hinweise: 7x17J 48 Versand: Versand nur in der Schweiz m\u00f6glich.Im Ausland ist der Transport k\u00e4uferseits. Garantie: 3 Monate Garantie. Bitte beachten Sie, dass die Gew\u00e4hrleistung nur g\u00fcltig ist, wenn der Ersatzteileinbau durch&hellip; <a class=\"more-link\" href=\"https:\/\/occasions-teile.ch\/fr\/produkt\/subaru-xv-alufelgen-3\/\">Poursuivre la lecture <span class=\"screen-reader-text\">Subaru XV  Alufelgen<\/span><\/a><\/p>\n","protected":false},"featured_media":246028,"template":"","meta":[],"product_brand":[],"product_cat":[8549,23602,1176,1175,1786,1787,7326,7327,7324,550,556,1784,1785,1202,1205,1199,553,1203,1206,1200],"product_tag":[],"class_list":{"0":"post-246031","1":"product","2":"type-product","3":"status-publish","4":"has-post-thumbnail","6":"product_cat-de-1-6-swissone-de_xv-de_subaru-manufacturer-52","7":"product_cat-de-1-6-swissone-de_xv-de_subaru-manufacturer-71","8":"product_cat-de-alufelgen-felgensatz","9":"product_cat-de-felgensatz","10":"product_cat-fr-jeu-de-jantes","11":"product_cat-fr-jeu-de-jantes-fr-jeu-de-jantes","12":"product_cat-en-jf1gp3lw4hg337901-200000232","13":"product_cat-fr-jf1gp3lw4hg337901-200000232","14":"product_cat-de-jf1gp3lw4hg337901-200000232","15":"product_cat-de-raeder-reifen-felgen","16":"product_cat-fr-roues-pneus-jantes","17":"product_cat-en-set-of-rims-en-wheels-tires-rims","18":"product_cat-en-set-of-rims-en-set-of-rims-en-wheels-tires-rims","19":"product_cat-en_subaru","20":"product_cat-fr_subaru","21":"product_cat-de_subaru","22":"product_cat-en-wheels-tires-rims","23":"product_cat-en_xv","24":"product_cat-fr_xv","25":"product_cat-de_xv","26":"product_shipping_class-tarif-2","27":"entry","29":"first","30":"instock","31":"taxable","32":"shipping-taxable","33":"purchasable","34":"product-type-simple"},"jetpack_sharing_enabled":true,"_links":{"self":[{"href":"https:\/\/occasions-teile.ch\/fr\/wp-json\/wp\/v2\/product\/246031","targetHints":{"allow":["GET"]}}],"collection":[{"href":"https:\/\/occasions-teile.ch\/fr\/wp-json\/wp\/v2\/product"}],"about":[{"href":"https:\/\/occasions-teile.ch\/fr\/wp-json\/wp\/v2\/types\/product"}],"wp:featuredmedia":[{"embeddable":true,"href":"https:\/\/occasions-teile.ch\/fr\/wp-json\/wp\/v2\/media\/246028"}],"wp:attachment":[{"href":"https:\/\/occasions-teile.ch\/fr\/wp-json\/wp\/v2\/media?parent=246031"}],"wp:term":[{"taxonomy":"product_brand","embeddable":true,"href":"https:\/\/occasions-teile.ch\/fr\/wp-json\/wp\/v2\/product_brand?post=246031"},{"taxonomy":"product_cat","embeddable":true,"href":"https:\/\/occasions-teile.ch\/fr\/wp-json\/wp\/v2\/product_cat?post=246031"},{"taxonomy":"product_tag","embeddable":true,"href":"https:\/\/occasions-teile.ch\/fr\/wp-json\/wp\/v2\/product_tag?post=246031"}],"curies":[{"name":"wp","href":"https:\/\/api.w.org\/{rel}","templated":true}]}}