{"id":243947,"date":"2023-12-14T09:58:14","date_gmt":"2023-12-14T09:58:14","guid":{"rendered":"https:\/\/occasions-teile.ch\/product\/skoda-fabia-tuere-vorne-4\/"},"modified":"2023-12-14T09:58:48","modified_gmt":"2023-12-14T09:58:48","slug":"skoda-fabia-tuere-vorne-4","status":"publish","type":"product","link":"https:\/\/occasions-teile.ch\/fr\/produkt\/skoda-fabia-tuere-vorne-4\/","title":{"rendered":"Skoda Fabia  T\u00fcre vorne"},"content":{"rendered":"<p><span><b>Donn\u00e9es techniques<\/b><\/p>\n<p> V\u00e9hicule: Skoda Fabia<br \/>\n N\u00b0 de ch\u00e2ssis: TMBJN6NJ3GZ029217<br \/>\n Ann\u00e9e de production: 2015<br \/>\n Kilom\u00e9trage: 150469 KM<br \/>\n Puissance: 110 PS<br \/>\n Cylindr\u00e9e du moteur: 1197 ccm<br \/>\n Typ: 1SF981<br \/>\n Code couleur: White\/Weiss<br \/>\n Remarques: &#8211;<\/p>\n<p> Exp\u00e9dition : L&rsquo;exp\u00e9dition n&rsquo;est disponible qu&rsquo;en Suisse. Dans d&rsquo;autres pays, l&rsquo;acheteur est responsable du transport.<br \/>\n Garantie : 3 mois de garantie. Veuillez noter que la garantie n&rsquo;est valable que si les pi\u00e8ces de rechange sont install\u00e9es par un atelier sp\u00e9cialis\u00e9\/ma\u00eetre. Le montage et le d\u00e9montage de la pi\u00e8ce de rechange ne peuvent pas nous \u00eatre factur\u00e9s.<\/p>\n<p> Pi\u00e8ce de rechange : pour d&rsquo;autres v\u00e9hicules (marques) disponible sur demande. T\u00e9l. 041 980 27 47. Portable. 076 589 27 47<\/p>\n<p>  Contact<br \/>\n   Adresse : Autoverwertung Brun AG<br \/>\n              M\u00f6\u00f6slimatten 13<br \/>\n              6218 Ettiswil<br \/>\n   T\u00e9l\u00e9phone : 0041 (041) 980 27 47<br \/>\n   T\u00e9l\u00e9fax : 0041 (041) 980 03 47<\/p>\n<p>  Nous proposons \u00e9galement d&rsquo;autres pi\u00e8ces automobiles d&rsquo;occasion \u00e0 vendre.<br \/>\n<\/span><\/p>\n","protected":false},"excerpt":{"rendered":"<p>Donn\u00e9es techniques V\u00e9hicule: Skoda Fabia N\u00b0 de ch\u00e2ssis: TMBJN6NJ3GZ029217 Ann\u00e9e de production: 2015 Kilom\u00e9trage: 150469 KM Puissance: 110 PS Cylindr\u00e9e du moteur: 1197 ccm Typ: 1SF981 Code couleur: White\/Weiss Remarques: &#8211; Exp\u00e9dition : L&rsquo;exp\u00e9dition n&rsquo;est disponible qu&rsquo;en Suisse. Dans d&rsquo;autres pays, l&rsquo;acheteur est responsable du transport. Garantie : 3 mois de garantie. Veuillez noter que&hellip; <a class=\"more-link\" href=\"https:\/\/occasions-teile.ch\/fr\/produkt\/skoda-fabia-tuere-vorne-4\/\">Poursuivre la lecture <span class=\"screen-reader-text\">Skoda Fabia  T\u00fcre vorne<\/span><\/a><\/p>\n","protected":false},"featured_media":243944,"template":"","meta":[],"product_brand":[],"product_cat":[491,8322,491,492,493,3064,3064,3064,491,492,493,1476,1476,1476,8268,8268,8268,492,493],"product_tag":[],"class_list":{"0":"post-243947","1":"product","2":"type-product","3":"status-publish","4":"has-post-thumbnail","6":"product_cat-fr-centre-de-la-carrosserie","7":"product_cat-de-c-1-2-de_fabia-de_skoda-manufacturer-31","9":"product_cat-fr-portes","10":"product_cat-fr-portes-avant","11":"product_cat-fr_fabia","17":"product_cat-fr_skoda-fabricant-2","20":"product_cat-fr-tmbjn6nj3gz029217-200000252","25":"product_shipping_class-tarif-4-fr","26":"entry","28":"first","29":"outofstock","30":"taxable","31":"shipping-taxable","32":"purchasable","33":"product-type-simple"},"jetpack_sharing_enabled":true,"_links":{"self":[{"href":"https:\/\/occasions-teile.ch\/fr\/wp-json\/wp\/v2\/product\/243947","targetHints":{"allow":["GET"]}}],"collection":[{"href":"https:\/\/occasions-teile.ch\/fr\/wp-json\/wp\/v2\/product"}],"about":[{"href":"https:\/\/occasions-teile.ch\/fr\/wp-json\/wp\/v2\/types\/product"}],"wp:featuredmedia":[{"embeddable":true,"href":"https:\/\/occasions-teile.ch\/fr\/wp-json\/wp\/v2\/media\/243944"}],"wp:attachment":[{"href":"https:\/\/occasions-teile.ch\/fr\/wp-json\/wp\/v2\/media?parent=243947"}],"wp:term":[{"taxonomy":"product_brand","embeddable":true,"href":"https:\/\/occasions-teile.ch\/fr\/wp-json\/wp\/v2\/product_brand?post=243947"},{"taxonomy":"product_cat","embeddable":true,"href":"https:\/\/occasions-teile.ch\/fr\/wp-json\/wp\/v2\/product_cat?post=243947"},{"taxonomy":"product_tag","embeddable":true,"href":"https:\/\/occasions-teile.ch\/fr\/wp-json\/wp\/v2\/product_tag?post=243947"}],"curies":[{"name":"wp","href":"https:\/\/api.w.org\/{rel}","templated":true}]}}