{"id":23857,"date":"2023-05-02T11:18:48","date_gmt":"2023-05-02T11:18:48","guid":{"rendered":"https:\/\/occasions-teile.ch\/product\/alfa-romeo-giulia-sitzgarnitur-2\/"},"modified":"2024-05-25T14:24:58","modified_gmt":"2024-05-25T14:24:58","slug":"alfa-romeo-giulia-sitzgarnitur-2","status":"publish","type":"product","link":"https:\/\/occasions-teile.ch\/fr\/produkt\/alfa-romeo-giulia-sitzgarnitur-2\/","title":{"rendered":"Alfa Romeo Giulia  Sitzgarnitur"},"content":{"rendered":"<p><span><b>Technische Daten<\/b><\/p>\n<p> Fahrzeug: Alfa Romeo Giulia<br \/>\n Chassis Nr.: ZAREAEGU4H7529453<br \/>\n Baujahr: 2016<br \/>\n Kilometer: 87841 KM<br \/>\n Leistung: 209 KW<br \/>\n Hubraum: 2143 ccm<br \/>\n Typ: 1AA570<br \/>\n Farbcode: White\/Weiss<br \/>\n Hinweise: Sitz vorne und hinten Ledersitze <\/p>\n<p> Versand: Versand nur in der Schweiz m\u00f6glich.Im Ausland ist der Transport k\u00e4uferseits.<br \/>\n Garantie: 3 Monate Garantie. Bitte beachten Sie, dass die Gew\u00e4hrleistung nur g\u00fcltig ist, wenn der Ersatzteileinbau durch eine Fachwerkstatt\/Meisterwerkstatt erfolgt. Das Ein- und Ausbau des Ersatzteiles kann nicht an uns verrechnet werden. <\/p>\n<p> Ersatzteil: f\u00fcr andere Fahrzeugen (Marken) verf\u00fcgbar auf anfrage. Tel.041 980 27 47. Mobil. 076 589 27 47<\/p>\n<p> Kontakt<br \/>\n  Adresse: Autoverwertung Brun AG<br \/>\n           M\u00f6\u00f6slimatten 13<br \/>\n           6218 Ettiswil<br \/>\n  Telefon: 0041 (041) 980 27 47<br \/>\n  Telefax: 0041 (041) 980 03 47<\/p>\n<p> Wir bieten Ihnen weitere gebrauchte Autoteile zum Kauf an.<br \/>\n<\/span><\/p>\n","protected":false},"excerpt":{"rendered":"<p>Technische Daten Fahrzeug: Alfa Romeo Giulia Chassis Nr.: ZAREAEGU4H7529453 Baujahr: 2016 Kilometer: 87841 KM Leistung: 209 KW Hubraum: 2143 ccm Typ: 1AA570 Farbcode: White\/Weiss Hinweise: Sitz vorne und hinten Ledersitze Versand: Versand nur in der Schweiz m\u00f6glich.Im Ausland ist der Transport k\u00e4uferseits. Garantie: 3 Monate Garantie. Bitte beachten Sie, dass die Gew\u00e4hrleistung nur g\u00fcltig ist,&hellip; <a class=\"more-link\" href=\"https:\/\/occasions-teile.ch\/fr\/produkt\/alfa-romeo-giulia-sitzgarnitur-2\/\">Poursuivre la lecture <span class=\"screen-reader-text\">Alfa Romeo Giulia  Sitzgarnitur<\/span><\/a><\/p>\n","protected":false},"featured_media":23845,"template":"","meta":[],"product_brand":[],"product_cat":[468,471,474,1538,1902,731,727,729,804,810,807,1536,1901,1900,1534,23617,726,728,730],"product_tag":[],"class_list":{"0":"post-23857","1":"product","2":"type-product","3":"status-publish","4":"has-post-thumbnail","6":"product_cat-de_alfa-romeo","7":"product_cat-en_alfa-romeo","8":"product_cat-fr_alfa-romeo","9":"product_cat-fr-autres","10":"product_cat-fr-ensemble-de-sieges","11":"product_cat-fr_giulia","12":"product_cat-de_giulia","13":"product_cat-en_giulia","14":"product_cat-de-innenraum","15":"product_cat-fr-interieur","16":"product_cat-en-interior","17":"product_cat-en-other-en-interior","18":"product_cat-en-seating-set","19":"product_cat-de-sitzgarnitur","20":"product_cat-de-sonstiges-de-innenraum","21":"product_cat-de-veloce-q4-de_giulia-de_alfa-romeo-manufacturer-50","22":"product_cat-de-zareaegu4h7529453","23":"product_cat-en-zareaegu4h7529453","24":"product_cat-fr-zareaegu4h7529453","25":"product_shipping_class-tarif-4","26":"entry","28":"first","29":"instock","30":"taxable","31":"shipping-taxable","32":"purchasable","33":"product-type-simple"},"jetpack_sharing_enabled":true,"_links":{"self":[{"href":"https:\/\/occasions-teile.ch\/fr\/wp-json\/wp\/v2\/product\/23857","targetHints":{"allow":["GET"]}}],"collection":[{"href":"https:\/\/occasions-teile.ch\/fr\/wp-json\/wp\/v2\/product"}],"about":[{"href":"https:\/\/occasions-teile.ch\/fr\/wp-json\/wp\/v2\/types\/product"}],"wp:featuredmedia":[{"embeddable":true,"href":"https:\/\/occasions-teile.ch\/fr\/wp-json\/wp\/v2\/media\/23845"}],"wp:attachment":[{"href":"https:\/\/occasions-teile.ch\/fr\/wp-json\/wp\/v2\/media?parent=23857"}],"wp:term":[{"taxonomy":"product_brand","embeddable":true,"href":"https:\/\/occasions-teile.ch\/fr\/wp-json\/wp\/v2\/product_brand?post=23857"},{"taxonomy":"product_cat","embeddable":true,"href":"https:\/\/occasions-teile.ch\/fr\/wp-json\/wp\/v2\/product_cat?post=23857"},{"taxonomy":"product_tag","embeddable":true,"href":"https:\/\/occasions-teile.ch\/fr\/wp-json\/wp\/v2\/product_tag?post=23857"}],"curies":[{"name":"wp","href":"https:\/\/api.w.org\/{rel}","templated":true}]}}