{"id":238545,"date":"2023-12-01T10:27:48","date_gmt":"2023-12-01T10:27:48","guid":{"rendered":"https:\/\/occasions-teile.ch\/product\/jaguar-xf-tuere-hinten-3\/"},"modified":"2023-12-01T10:28:22","modified_gmt":"2023-12-01T10:28:22","slug":"jaguar-xf-tuere-hinten-3","status":"publish","type":"product","link":"https:\/\/occasions-teile.ch\/fr\/produkt\/jaguar-xf-tuere-hinten-3\/","title":{"rendered":"Jaguar XF  T\u00fcre hinten"},"content":{"rendered":"<p><span><b>Donn\u00e9es techniques<\/b><\/p>\n<p> V\u00e9hicule: Jaguar XF<br \/>\n N\u00b0 de ch\u00e2ssis: SAJBB4BN5HCY35705<br \/>\n Ann\u00e9e de production: 2016<br \/>\n Kilom\u00e9trage: 117373 KM<br \/>\n Puissance: 179 PS<br \/>\n Cylindr\u00e9e du moteur: 1999 ccm<br \/>\n Typ: x<br \/>\n Code couleur: grau<br \/>\n Remarques: &#8211;<\/p>\n<p> Exp\u00e9dition : L&rsquo;exp\u00e9dition n&rsquo;est disponible qu&rsquo;en Suisse. Dans d&rsquo;autres pays, l&rsquo;acheteur est responsable du transport.<br \/>\n Garantie : 3 mois de garantie. Veuillez noter que la garantie n&rsquo;est valable que si les pi\u00e8ces de rechange sont install\u00e9es par un atelier sp\u00e9cialis\u00e9\/ma\u00eetre. Le montage et le d\u00e9montage de la pi\u00e8ce de rechange ne peuvent pas nous \u00eatre factur\u00e9s.<\/p>\n<p> Pi\u00e8ce de rechange : pour d&rsquo;autres v\u00e9hicules (marques) disponible sur demande. T\u00e9l. 041 980 27 47. Portable. 076 589 27 47<\/p>\n<p>  Contact<br \/>\n   Adresse : Autoverwertung Brun AG<br \/>\n              M\u00f6\u00f6slimatten 13<br \/>\n              6218 Ettiswil<br \/>\n   T\u00e9l\u00e9phone : 0041 (041) 980 27 47<br \/>\n   T\u00e9l\u00e9fax : 0041 (041) 980 03 47<\/p>\n<p>  Nous proposons \u00e9galement d&rsquo;autres pi\u00e8ces automobiles d&rsquo;occasion \u00e0 vendre.<br \/>\n<\/span><\/p>\n","protected":false},"excerpt":{"rendered":"<p>Donn\u00e9es techniques V\u00e9hicule: Jaguar XF N\u00b0 de ch\u00e2ssis: SAJBB4BN5HCY35705 Ann\u00e9e de production: 2016 Kilom\u00e9trage: 117373 KM Puissance: 179 PS Cylindr\u00e9e du moteur: 1999 ccm Typ: x Code couleur: grau Remarques: &#8211; Exp\u00e9dition : L&rsquo;exp\u00e9dition n&rsquo;est disponible qu&rsquo;en Suisse. Dans d&rsquo;autres pays, l&rsquo;acheteur est responsable du transport. Garantie : 3 mois de garantie. Veuillez noter que&hellip; <a class=\"more-link\" href=\"https:\/\/occasions-teile.ch\/fr\/produkt\/jaguar-xf-tuere-hinten-3\/\">Poursuivre la lecture <span class=\"screen-reader-text\">Jaguar XF  T\u00fcre hinten<\/span><\/a><\/p>\n","protected":false},"featured_media":238542,"template":"","meta":[],"product_brand":[],"product_cat":[7897,734,488,491,489,733,3031,3029,3030,485,492,7896,7898,7900,732,486,5849,5850,5851],"product_tag":[],"class_list":{"0":"post-238545","1":"product","2":"type-product","3":"status-publish","4":"has-post-thumbnail","6":"product_cat-de-2-0","7":"product_cat-fr-arriere-des-portes","8":"product_cat-en-body-center","9":"product_cat-fr-centre-de-la-carrosserie","10":"product_cat-en-doors","11":"product_cat-en-doors-rear","12":"product_cat-fr_jaguar","13":"product_cat-de_jaguar","14":"product_cat-en_jaguar","15":"product_cat-de-karosserie-mitte","16":"product_cat-fr-portes","17":"product_cat-de-sajbb4bn5hcy35705-200000245","18":"product_cat-en-sajbb4bn5hcy35705-200000245","19":"product_cat-fr-sajbb4bn5hcy35705-200000245","20":"product_cat-de-tuere-hinten","21":"product_cat-de-tueren","22":"product_cat-de_slug_jaguar_xf_644","23":"product_cat-en_slug_jaguar_xf_37","24":"product_cat-fr_slug_jaguar_xf_554","25":"product_shipping_class-tarif-4-fr","26":"entry","28":"first","29":"outofstock","30":"taxable","31":"shipping-taxable","32":"purchasable","33":"product-type-simple"},"jetpack_sharing_enabled":true,"_links":{"self":[{"href":"https:\/\/occasions-teile.ch\/fr\/wp-json\/wp\/v2\/product\/238545","targetHints":{"allow":["GET"]}}],"collection":[{"href":"https:\/\/occasions-teile.ch\/fr\/wp-json\/wp\/v2\/product"}],"about":[{"href":"https:\/\/occasions-teile.ch\/fr\/wp-json\/wp\/v2\/types\/product"}],"wp:featuredmedia":[{"embeddable":true,"href":"https:\/\/occasions-teile.ch\/fr\/wp-json\/wp\/v2\/media\/238542"}],"wp:attachment":[{"href":"https:\/\/occasions-teile.ch\/fr\/wp-json\/wp\/v2\/media?parent=238545"}],"wp:term":[{"taxonomy":"product_brand","embeddable":true,"href":"https:\/\/occasions-teile.ch\/fr\/wp-json\/wp\/v2\/product_brand?post=238545"},{"taxonomy":"product_cat","embeddable":true,"href":"https:\/\/occasions-teile.ch\/fr\/wp-json\/wp\/v2\/product_cat?post=238545"},{"taxonomy":"product_tag","embeddable":true,"href":"https:\/\/occasions-teile.ch\/fr\/wp-json\/wp\/v2\/product_tag?post=238545"}],"curies":[{"name":"wp","href":"https:\/\/api.w.org\/{rel}","templated":true}]}}