{"id":23797,"date":"2023-05-02T11:17:14","date_gmt":"2023-05-02T11:17:14","guid":{"rendered":"https:\/\/occasions-teile.ch\/product\/skoda-octavia-federbeine-stossdaempfer-vorne-4\/"},"modified":"2024-05-24T18:16:45","modified_gmt":"2024-05-24T18:16:45","slug":"skoda-octavia-federbeine-stossdaempfer-vorne-4","status":"publish","type":"product","link":"https:\/\/occasions-teile.ch\/fr\/produkt\/skoda-octavia-federbeine-stossdaempfer-vorne-4\/","title":{"rendered":"Skoda Octavia  Federbeine\/Sto\u00dfd\u00e4mpfer vorne"},"content":{"rendered":"<p><span><b>Technische Daten<\/b><\/p>\n<p> Fahrzeug: Skoda Octavia<br \/>\n Chassis Nr.: TMBJJ7NE5E0026826<br \/>\n Baujahr: 2013<br \/>\n Kilometer: 199914 KM<br \/>\n Leistung: 150 KW<br \/>\n Hubraum: 1968 ccm<br \/>\n Typ: 1SF770<br \/>\n Farbcode: silber<br \/>\n Hinweise: &#8211;<\/p>\n<p> Versand: Versand nur in der Schweiz m\u00f6glich.Im Ausland ist der Transport k\u00e4uferseits.<br \/>\n Garantie: 3 Monate Garantie. Bitte beachten Sie, dass die Gew\u00e4hrleistung nur g\u00fcltig ist, wenn der Ersatzteileinbau durch eine Fachwerkstatt\/Meisterwerkstatt erfolgt. Das Ein- und Ausbau des Ersatzteiles kann nicht an uns verrechnet werden. <\/p>\n<p> Ersatzteil: f\u00fcr andere Fahrzeugen (Marken) verf\u00fcgbar auf anfrage. Tel.041 980 27 47. Mobil. 076 589 27 47<\/p>\n<p> Kontakt<br \/>\n  Adresse: Autoverwertung Brun AG<br \/>\n           M\u00f6\u00f6slimatten 13<br \/>\n           6218 Ettiswil<br \/>\n  Telefon: 0041 (041) 980 27 47<br \/>\n  Telefax: 0041 (041) 980 03 47<\/p>\n<p> Wir bieten Ihnen weitere gebrauchte Autoteile zum Kauf an.<br \/>\n<\/span><\/p>\n","protected":false},"excerpt":{"rendered":"<p>Technische Daten Fahrzeug: Skoda Octavia Chassis Nr.: TMBJJ7NE5E0026826 Baujahr: 2013 Kilometer: 199914 KM Leistung: 150 KW Hubraum: 1968 ccm Typ: 1SF770 Farbcode: silber Hinweise: &#8211; Versand: Versand nur in der Schweiz m\u00f6glich.Im Ausland ist der Transport k\u00e4uferseits. Garantie: 3 Monate Garantie. Bitte beachten Sie, dass die Gew\u00e4hrleistung nur g\u00fcltig ist, wenn der Ersatzteileinbau durch eine&hellip; <a class=\"more-link\" href=\"https:\/\/occasions-teile.ch\/fr\/produkt\/skoda-octavia-federbeine-stossdaempfer-vorne-4\/\">Poursuivre la lecture <span class=\"screen-reader-text\">Skoda Octavia  Federbeine\/Sto\u00dfd\u00e4mpfer vorne<\/span><\/a><\/p>\n","protected":false},"featured_media":23791,"template":"","meta":[],"product_brand":[],"product_cat":[23585,541,541,762,763,762,763,1464,1464,1464,1463,1463,1463,762,763,1462,1462,1462,541],"product_tag":[],"class_list":{"0":"post-23797","1":"product","2":"type-product","3":"status-publish","4":"has-post-thumbnail","6":"product_cat-de-2-0tdi-de_octavia-de_skoda-manufacturer-11","7":"product_cat-de-fahrwerk-lenkung","9":"product_cat-de-federbeine-stossdaempfer","10":"product_cat-de-federbeine-stossdaempfer-vorne","13":"product_cat-de_octavia","16":"product_cat-de_skoda","21":"product_cat-de-tmbjj7ne5e0026826","25":"product_shipping_class-tarif-1","26":"entry","28":"first","29":"instock","30":"taxable","31":"shipping-taxable","32":"purchasable","33":"product-type-simple"},"jetpack_sharing_enabled":true,"_links":{"self":[{"href":"https:\/\/occasions-teile.ch\/fr\/wp-json\/wp\/v2\/product\/23797","targetHints":{"allow":["GET"]}}],"collection":[{"href":"https:\/\/occasions-teile.ch\/fr\/wp-json\/wp\/v2\/product"}],"about":[{"href":"https:\/\/occasions-teile.ch\/fr\/wp-json\/wp\/v2\/types\/product"}],"wp:featuredmedia":[{"embeddable":true,"href":"https:\/\/occasions-teile.ch\/fr\/wp-json\/wp\/v2\/media\/23791"}],"wp:attachment":[{"href":"https:\/\/occasions-teile.ch\/fr\/wp-json\/wp\/v2\/media?parent=23797"}],"wp:term":[{"taxonomy":"product_brand","embeddable":true,"href":"https:\/\/occasions-teile.ch\/fr\/wp-json\/wp\/v2\/product_brand?post=23797"},{"taxonomy":"product_cat","embeddable":true,"href":"https:\/\/occasions-teile.ch\/fr\/wp-json\/wp\/v2\/product_cat?post=23797"},{"taxonomy":"product_tag","embeddable":true,"href":"https:\/\/occasions-teile.ch\/fr\/wp-json\/wp\/v2\/product_tag?post=23797"}],"curies":[{"name":"wp","href":"https:\/\/api.w.org\/{rel}","templated":true}]}}