{"id":236238,"date":"2023-11-24T16:52:37","date_gmt":"2023-11-24T16:52:37","guid":{"rendered":"https:\/\/occasions-teile.ch\/product\/audi-a3-hutablage-kofferraumrollo-4\/"},"modified":"2023-11-24T16:53:12","modified_gmt":"2023-11-24T16:53:12","slug":"audi-a3-hutablage-kofferraumrollo-4","status":"publish","type":"product","link":"https:\/\/occasions-teile.ch\/fr\/produkt\/audi-a3-hutablage-kofferraumrollo-4\/","title":{"rendered":"Audi A3  Hutablage Kofferraumrollo"},"content":{"rendered":"<p><span><b>Donn\u00e9es techniques<\/b><\/p>\n<p> V\u00e9hicule: Audi A3<br \/>\n N\u00b0 de ch\u00e2ssis: WAUZZZ8VXEA080987<br \/>\n Ann\u00e9e de production: 2013<br \/>\n Kilom\u00e9trage: 186916 KM<br \/>\n Puissance: 184 PS<br \/>\n Cylindr\u00e9e du moteur: 1967 ccm<br \/>\n Typ: X<br \/>\n Code couleur: White\/Weiss<br \/>\n Remarques: &#8211;<\/p>\n<p> Exp\u00e9dition : L&rsquo;exp\u00e9dition n&rsquo;est disponible qu&rsquo;en Suisse. Dans d&rsquo;autres pays, l&rsquo;acheteur est responsable du transport.<br \/>\n Garantie : 3 mois de garantie. Veuillez noter que la garantie n&rsquo;est valable que si les pi\u00e8ces de rechange sont install\u00e9es par un atelier sp\u00e9cialis\u00e9\/ma\u00eetre. Le montage et le d\u00e9montage de la pi\u00e8ce de rechange ne peuvent pas nous \u00eatre factur\u00e9s.<\/p>\n<p> Pi\u00e8ce de rechange : pour d&rsquo;autres v\u00e9hicules (marques) disponible sur demande. T\u00e9l. 041 980 27 47. Portable. 076 589 27 47<\/p>\n<p>  Contact<br \/>\n   Adresse : Autoverwertung Brun AG<br \/>\n              M\u00f6\u00f6slimatten 13<br \/>\n              6218 Ettiswil<br \/>\n   T\u00e9l\u00e9phone : 0041 (041) 980 27 47<br \/>\n   T\u00e9l\u00e9fax : 0041 (041) 980 03 47<\/p>\n<p>  Nous proposons \u00e9galement d&rsquo;autres pi\u00e8ces automobiles d&rsquo;occasion \u00e0 vendre.<br \/>\n<\/span><\/p>\n","protected":false},"excerpt":{"rendered":"<p>Donn\u00e9es techniques V\u00e9hicule: Audi A3 N\u00b0 de ch\u00e2ssis: WAUZZZ8VXEA080987 Ann\u00e9e de production: 2013 Kilom\u00e9trage: 186916 KM Puissance: 184 PS Cylindr\u00e9e du moteur: 1967 ccm Typ: X Code couleur: White\/Weiss Remarques: &#8211; Exp\u00e9dition : L&rsquo;exp\u00e9dition n&rsquo;est disponible qu&rsquo;en Suisse. Dans d&rsquo;autres pays, l&rsquo;acheteur est responsable du transport. Garantie : 3 mois de garantie. Veuillez noter que&hellip; <a class=\"more-link\" href=\"https:\/\/occasions-teile.ch\/fr\/produkt\/audi-a3-hutablage-kofferraumrollo-4\/\">Poursuivre la lecture <span class=\"screen-reader-text\">Audi A3  Hutablage Kofferraumrollo<\/span><\/a><\/p>\n","protected":false},"featured_media":236235,"template":"","meta":[],"product_brand":[],"product_cat":[7710,2139,2141,2143,458,461,464,925,970,969,804,810,807,971,923,921,7693,7694,7691],"product_tag":[],"class_list":{"0":"post-236238","1":"product","2":"type-product","3":"status-publish","4":"has-post-thumbnail","6":"product_cat-de-2-0-sportback-quattro-de_a3-de_audi-manufacturer-14","7":"product_cat-de_a3","8":"product_cat-en_a3","9":"product_cat-fr_a3","10":"product_cat-de_audi","11":"product_cat-en_audi","12":"product_cat-fr_audi","13":"product_cat-fr-habillage-couverture-du-coffre","14":"product_cat-en-hat-shelfcover-roller-blindtrunk","15":"product_cat-de-hutablage-abdeckrollo-kofferraumrollo","16":"product_cat-de-innenraum","17":"product_cat-fr-interieur","18":"product_cat-en-interior","19":"product_cat-fr-tablette-arrierestore-de-couverture-du-coffre","20":"product_cat-en-trimcovertrunk","21":"product_cat-de-verkleidungabdeckungkofferraum","22":"product_cat-en-wauzzz8vxea080987-200000225","23":"product_cat-fr-wauzzz8vxea080987-200000225","24":"product_cat-de-wauzzz8vxea080987-200000225","25":"product_shipping_class-tarif-1-fr","26":"entry","28":"first","29":"outofstock","30":"taxable","31":"shipping-taxable","32":"purchasable","33":"product-type-simple"},"jetpack_sharing_enabled":true,"_links":{"self":[{"href":"https:\/\/occasions-teile.ch\/fr\/wp-json\/wp\/v2\/product\/236238","targetHints":{"allow":["GET"]}}],"collection":[{"href":"https:\/\/occasions-teile.ch\/fr\/wp-json\/wp\/v2\/product"}],"about":[{"href":"https:\/\/occasions-teile.ch\/fr\/wp-json\/wp\/v2\/types\/product"}],"wp:featuredmedia":[{"embeddable":true,"href":"https:\/\/occasions-teile.ch\/fr\/wp-json\/wp\/v2\/media\/236235"}],"wp:attachment":[{"href":"https:\/\/occasions-teile.ch\/fr\/wp-json\/wp\/v2\/media?parent=236238"}],"wp:term":[{"taxonomy":"product_brand","embeddable":true,"href":"https:\/\/occasions-teile.ch\/fr\/wp-json\/wp\/v2\/product_brand?post=236238"},{"taxonomy":"product_cat","embeddable":true,"href":"https:\/\/occasions-teile.ch\/fr\/wp-json\/wp\/v2\/product_cat?post=236238"},{"taxonomy":"product_tag","embeddable":true,"href":"https:\/\/occasions-teile.ch\/fr\/wp-json\/wp\/v2\/product_tag?post=236238"}],"curies":[{"name":"wp","href":"https:\/\/api.w.org\/{rel}","templated":true}]}}