{"id":233339,"date":"2023-11-18T10:44:12","date_gmt":"2023-11-18T10:44:12","guid":{"rendered":"https:\/\/occasions-teile.ch\/product\/alfa-romeo-giulietta-blinker\/"},"modified":"2024-05-27T18:33:13","modified_gmt":"2024-05-27T18:33:13","slug":"alfa-romeo-giulietta-blinker","status":"publish","type":"product","link":"https:\/\/occasions-teile.ch\/fr\/produkt\/alfa-romeo-giulietta-blinker\/","title":{"rendered":"Alfa Romeo Giulietta  Blinker"},"content":{"rendered":"<p><span><b>Technische Daten<\/b><\/p>\n<p> Fahrzeug: Alfa Romeo Giulietta<br \/>\n Chassis Nr.: ZAR94000007038303<br \/>\n Baujahr: 2010<br \/>\n Kilometer: 84645 KM<br \/>\n Leistung: 170 KW<br \/>\n Hubraum: 1368 ccm<br \/>\n Typ: 1AA455<br \/>\n Farbcode: blau<br \/>\n Hinweise: Achtung eine der Blinker hat Kratzer!!!<\/p>\n<p> Versand: Versand nur in der Schweiz m\u00f6glich.Im Ausland ist der Transport k\u00e4uferseits.<br \/>\n Garantie: 3 Monate Garantie. Bitte beachten Sie, dass die Gew\u00e4hrleistung nur g\u00fcltig ist, wenn der Ersatzteileinbau durch eine Fachwerkstatt\/Meisterwerkstatt erfolgt. Das Ein- und Ausbau des Ersatzteiles kann nicht an uns verrechnet werden. <\/p>\n<p> Ersatzteil: f\u00fcr andere Fahrzeugen (Marken) verf\u00fcgbar auf anfrage. Tel.041 980 27 47. Mobil. 076 589 27 47<\/p>\n<p> Kontakt<br \/>\n  Adresse: Autoverwertung Brun AG<br \/>\n           M\u00f6\u00f6slimatten 13<br \/>\n           6218 Ettiswil<br \/>\n  Telefon: 0041 (041) 980 27 47<br \/>\n  Telefax: 0041 (041) 980 03 47<\/p>\n<p> Wir bieten Ihnen weitere gebrauchte Autoteile zum Kauf an.<br \/>\n<\/span><\/p>\n","protected":false},"excerpt":{"rendered":"<p>Technische Daten Fahrzeug: Alfa Romeo Giulietta Chassis Nr.: ZAR94000007038303 Baujahr: 2010 Kilometer: 84645 KM Leistung: 170 KW Hubraum: 1368 ccm Typ: 1AA455 Farbcode: blau Hinweise: Achtung eine der Blinker hat Kratzer!!! Versand: Versand nur in der Schweiz m\u00f6glich.Im Ausland ist der Transport k\u00e4uferseits. Garantie: 3 Monate Garantie. Bitte beachten Sie, dass die Gew\u00e4hrleistung nur g\u00fcltig&hellip; <a class=\"more-link\" href=\"https:\/\/occasions-teile.ch\/fr\/produkt\/alfa-romeo-giulietta-blinker\/\">Poursuivre la lecture <span class=\"screen-reader-text\">Alfa Romeo Giulietta  Blinker<\/span><\/a><\/p>\n","protected":false},"featured_media":233333,"template":"","meta":[],"product_brand":[],"product_cat":[7443,23723,468,471,474,2355,2356,515,518,2359,2360,5924,5925,5926,512,2357,2358,7406,7402,7404],"product_tag":[],"class_list":{"0":"post-233339","1":"product","2":"type-product","3":"status-publish","4":"has-post-thumbnail","6":"product_cat-de-1-4-tb-de_slug_alfa-romeo_giulietta_507-de_alfa-romeo-manufacturer-34","7":"product_cat-de-1-4-tb-de_slug_alfa-romeo_giulietta_507-de_alfa-romeo-manufacturer-61","8":"product_cat-de_alfa-romeo","9":"product_cat-en_alfa-romeo","10":"product_cat-fr_alfa-romeo","11":"product_cat-de-blinker","12":"product_cat-de-blinker-de-blinker","13":"product_cat-en-body-front","14":"product_cat-fr-carrosserie-front","15":"product_cat-fr-clignotant","16":"product_cat-fr-clignotant-fr-clignotant","17":"product_cat-de_slug_alfa-romeo_giulietta_507","18":"product_cat-en_slug_alfa-romeo_giulietta_426","19":"product_cat-fr_slug_alfa-romeo_giulietta_720","20":"product_cat-de-karosserie-front","21":"product_cat-en-turn-signal","22":"product_cat-en-turn-signal-en-turn-signal","23":"product_cat-fr-zar94000007038303-200000240","24":"product_cat-de-zar94000007038303-200000240","25":"product_cat-en-zar94000007038303-200000240","26":"product_shipping_class-tarif-1","27":"entry","29":"first","30":"instock","31":"taxable","32":"shipping-taxable","33":"purchasable","34":"product-type-simple"},"jetpack_sharing_enabled":true,"_links":{"self":[{"href":"https:\/\/occasions-teile.ch\/fr\/wp-json\/wp\/v2\/product\/233339","targetHints":{"allow":["GET"]}}],"collection":[{"href":"https:\/\/occasions-teile.ch\/fr\/wp-json\/wp\/v2\/product"}],"about":[{"href":"https:\/\/occasions-teile.ch\/fr\/wp-json\/wp\/v2\/types\/product"}],"wp:featuredmedia":[{"embeddable":true,"href":"https:\/\/occasions-teile.ch\/fr\/wp-json\/wp\/v2\/media\/233333"}],"wp:attachment":[{"href":"https:\/\/occasions-teile.ch\/fr\/wp-json\/wp\/v2\/media?parent=233339"}],"wp:term":[{"taxonomy":"product_brand","embeddable":true,"href":"https:\/\/occasions-teile.ch\/fr\/wp-json\/wp\/v2\/product_brand?post=233339"},{"taxonomy":"product_cat","embeddable":true,"href":"https:\/\/occasions-teile.ch\/fr\/wp-json\/wp\/v2\/product_cat?post=233339"},{"taxonomy":"product_tag","embeddable":true,"href":"https:\/\/occasions-teile.ch\/fr\/wp-json\/wp\/v2\/product_tag?post=233339"}],"curies":[{"name":"wp","href":"https:\/\/api.w.org\/{rel}","templated":true}]}}