{"id":232824,"date":"2023-11-17T08:03:44","date_gmt":"2023-11-17T08:03:44","guid":{"rendered":"https:\/\/occasions-teile.ch\/product\/vw-golf-federbein-stossdaempfer-vorne-5\/"},"modified":"2023-11-17T08:04:11","modified_gmt":"2023-11-17T08:04:11","slug":"vw-golf-federbein-stossdaempfer-vorne-5","status":"publish","type":"product","link":"https:\/\/occasions-teile.ch\/fr\/produkt\/vw-golf-federbein-stossdaempfer-vorne-5\/","title":{"rendered":"VW Golf  Federbein Stossd\u00e4mpfer vorne"},"content":{"rendered":"<p><span><b>Donn\u00e9es techniques<\/b><\/p>\n<p> V\u00e9hicule: VW Golf<br \/>\n N\u00b0 de ch\u00e2ssis: WVWZZZ1KZCP073067<br \/>\n Ann\u00e9e de production: 2012<br \/>\n Kilom\u00e9trage: 0 KM<br \/>\n Puissance: 105 PS<br \/>\n Cylindr\u00e9e du moteur: 1197 ccm<br \/>\n Typ: 1VD954<br \/>\n Code couleur: blau<br \/>\n Remarques: &#8211;<\/p>\n<p> Exp\u00e9dition : L&rsquo;exp\u00e9dition n&rsquo;est disponible qu&rsquo;en Suisse. Dans d&rsquo;autres pays, l&rsquo;acheteur est responsable du transport.<br \/>\n Garantie : 3 mois de garantie. Veuillez noter que la garantie n&rsquo;est valable que si les pi\u00e8ces de rechange sont install\u00e9es par un atelier sp\u00e9cialis\u00e9\/ma\u00eetre. Le montage et le d\u00e9montage de la pi\u00e8ce de rechange ne peuvent pas nous \u00eatre factur\u00e9s.<\/p>\n<p> Pi\u00e8ce de rechange : pour d&rsquo;autres v\u00e9hicules (marques) disponible sur demande. T\u00e9l. 041 980 27 47. Portable. 076 589 27 47<\/p>\n<p>  Contact<br \/>\n   Adresse : Autoverwertung Brun AG<br \/>\n              M\u00f6\u00f6slimatten 13<br \/>\n              6218 Ettiswil<br \/>\n   T\u00e9l\u00e9phone : 0041 (041) 980 27 47<br \/>\n   T\u00e9l\u00e9fax : 0041 (041) 980 03 47<\/p>\n<p>  Nous proposons \u00e9galement d&rsquo;autres pi\u00e8ces automobiles d&rsquo;occasion \u00e0 vendre.<br \/>\n<\/span><\/p>\n","protected":false},"excerpt":{"rendered":"<p>Donn\u00e9es techniques V\u00e9hicule: VW Golf N\u00b0 de ch\u00e2ssis: WVWZZZ1KZCP073067 Ann\u00e9e de production: 2012 Kilom\u00e9trage: 0 KM Puissance: 105 PS Cylindr\u00e9e du moteur: 1197 ccm Typ: 1VD954 Code couleur: blau Remarques: &#8211; Exp\u00e9dition : L&rsquo;exp\u00e9dition n&rsquo;est disponible qu&rsquo;en Suisse. Dans d&rsquo;autres pays, l&rsquo;acheteur est responsable du transport. Garantie : 3 mois de garantie. Veuillez noter que&hellip; <a class=\"more-link\" href=\"https:\/\/occasions-teile.ch\/fr\/produkt\/vw-golf-federbein-stossdaempfer-vorne-5\/\">Poursuivre la lecture <span class=\"screen-reader-text\">VW Golf  Federbein Stossd\u00e4mpfer vorne<\/span><\/a><\/p>\n","protected":false},"featured_media":232821,"template":"","meta":[],"product_brand":[],"product_cat":[7388,547,547,766,767,1287,1287,1287,766,767,766,767,547,1286,1286,1286,7376,7376,7376],"product_tag":[],"class_list":{"0":"post-232824","1":"product","2":"type-product","3":"status-publish","4":"has-post-thumbnail","6":"product_cat-de-6-1-2-de_golf-de_volkswagen-manufacturer-10","7":"product_cat-fr-train-de-roulement-direction","9":"product_cat-fr-jambes-de-force-amortisseurs","10":"product_cat-fr-jambes-de-force-amortisseurs-avant","11":"product_cat-fr_golf","19":"product_cat-fr_volkswagen","22":"product_cat-fr-wvwzzz1kzcp073067-200000239","25":"product_shipping_class-tarif-1-fr","26":"entry","28":"first","29":"outofstock","30":"taxable","31":"shipping-taxable","32":"purchasable","33":"product-type-simple"},"jetpack_sharing_enabled":true,"_links":{"self":[{"href":"https:\/\/occasions-teile.ch\/fr\/wp-json\/wp\/v2\/product\/232824","targetHints":{"allow":["GET"]}}],"collection":[{"href":"https:\/\/occasions-teile.ch\/fr\/wp-json\/wp\/v2\/product"}],"about":[{"href":"https:\/\/occasions-teile.ch\/fr\/wp-json\/wp\/v2\/types\/product"}],"wp:featuredmedia":[{"embeddable":true,"href":"https:\/\/occasions-teile.ch\/fr\/wp-json\/wp\/v2\/media\/232821"}],"wp:attachment":[{"href":"https:\/\/occasions-teile.ch\/fr\/wp-json\/wp\/v2\/media?parent=232824"}],"wp:term":[{"taxonomy":"product_brand","embeddable":true,"href":"https:\/\/occasions-teile.ch\/fr\/wp-json\/wp\/v2\/product_brand?post=232824"},{"taxonomy":"product_cat","embeddable":true,"href":"https:\/\/occasions-teile.ch\/fr\/wp-json\/wp\/v2\/product_cat?post=232824"},{"taxonomy":"product_tag","embeddable":true,"href":"https:\/\/occasions-teile.ch\/fr\/wp-json\/wp\/v2\/product_tag?post=232824"}],"curies":[{"name":"wp","href":"https:\/\/api.w.org\/{rel}","templated":true}]}}