{"id":232780,"date":"2023-11-17T07:46:00","date_gmt":"2023-11-17T07:46:00","guid":{"rendered":"https:\/\/occasions-teile.ch\/product\/vw-golf-tuerschloss-hinten\/"},"modified":"2024-05-24T17:56:52","modified_gmt":"2024-05-24T17:56:52","slug":"vw-golf-tuerschloss-hinten","status":"publish","type":"product","link":"https:\/\/occasions-teile.ch\/fr\/produkt\/vw-golf-tuerschloss-hinten\/","title":{"rendered":"VW Golf  T\u00fcrschloss hinten"},"content":{"rendered":"<p><span><b>Technische Daten<\/b><\/p>\n<p> Fahrzeug: VW Golf<br \/>\n Chassis Nr.: WVWZZZ1KZCP073067<br \/>\n Baujahr: 2012<br \/>\n Kilometer: 0 KM<br \/>\n Leistung: 105 KW<br \/>\n Hubraum: 1197 ccm<br \/>\n Typ: 1VD954<br \/>\n Farbcode: blau<br \/>\n Hinweise: &#8211;<\/p>\n<p> Versand: Versand nur in der Schweiz m\u00f6glich.Im Ausland ist der Transport k\u00e4uferseits.<br \/>\n Garantie: 3 Monate Garantie. Bitte beachten Sie, dass die Gew\u00e4hrleistung nur g\u00fcltig ist, wenn der Ersatzteileinbau durch eine Fachwerkstatt\/Meisterwerkstatt erfolgt. Das Ein- und Ausbau des Ersatzteiles kann nicht an uns verrechnet werden. <\/p>\n<p> Ersatzteil: f\u00fcr andere Fahrzeugen (Marken) verf\u00fcgbar auf anfrage. Tel.041 980 27 47. Mobil. 076 589 27 47<\/p>\n<p> Kontakt<br \/>\n  Adresse: Autoverwertung Brun AG<br \/>\n           M\u00f6\u00f6slimatten 13<br \/>\n           6218 Ettiswil<br \/>\n  Telefon: 0041 (041) 980 27 47<br \/>\n  Telefax: 0041 (041) 980 03 47<\/p>\n<p> Wir bieten Ihnen weitere gebrauchte Autoteile zum Kauf an.<br \/>\n<\/span><\/p>\n","protected":false},"excerpt":{"rendered":"<p>Technische Daten Fahrzeug: VW Golf Chassis Nr.: WVWZZZ1KZCP073067 Baujahr: 2012 Kilometer: 0 KM Leistung: 105 KW Hubraum: 1197 ccm Typ: 1VD954 Farbcode: blau Hinweise: &#8211; Versand: Versand nur in der Schweiz m\u00f6glich.Im Ausland ist der Transport k\u00e4uferseits. Garantie: 3 Monate Garantie. Bitte beachten Sie, dass die Gew\u00e4hrleistung nur g\u00fcltig ist, wenn der Ersatzteileinbau durch eine&hellip; <a class=\"more-link\" href=\"https:\/\/occasions-teile.ch\/fr\/produkt\/vw-golf-tuerschloss-hinten\/\">Poursuivre la lecture <span class=\"screen-reader-text\">VW Golf  T\u00fcrschloss hinten<\/span><\/a><\/p>\n","protected":false},"featured_media":232777,"template":"","meta":[],"product_brand":[],"product_cat":[23584,7385,485,485,1340,1346,1281,1281,1281,485,1340,1346,1340,1346,1280,1280,1280,7373,7373,7373],"product_tag":[],"class_list":{"0":"post-232780","1":"product","2":"type-product","3":"status-publish","4":"has-post-thumbnail","6":"product_cat-de-6-1-2-de_golf-de_volkswagen-manufacturer-24","7":"product_cat-de-6-1-2-de_golf-de_volkswagen-manufacturer-7","8":"product_cat-de-karosserie-mitte","10":"product_cat-de-tuerschloss","11":"product_cat-de-tuerschloss-hinten","12":"product_cat-de_golf","20":"product_cat-de_volkswagen","23":"product_cat-de-wvwzzz1kzcp073067-200000239","26":"product_shipping_class-tarif-1","27":"entry","29":"first","30":"instock","31":"taxable","32":"shipping-taxable","33":"purchasable","34":"product-type-simple"},"jetpack_sharing_enabled":true,"_links":{"self":[{"href":"https:\/\/occasions-teile.ch\/fr\/wp-json\/wp\/v2\/product\/232780","targetHints":{"allow":["GET"]}}],"collection":[{"href":"https:\/\/occasions-teile.ch\/fr\/wp-json\/wp\/v2\/product"}],"about":[{"href":"https:\/\/occasions-teile.ch\/fr\/wp-json\/wp\/v2\/types\/product"}],"wp:featuredmedia":[{"embeddable":true,"href":"https:\/\/occasions-teile.ch\/fr\/wp-json\/wp\/v2\/media\/232777"}],"wp:attachment":[{"href":"https:\/\/occasions-teile.ch\/fr\/wp-json\/wp\/v2\/media?parent=232780"}],"wp:term":[{"taxonomy":"product_brand","embeddable":true,"href":"https:\/\/occasions-teile.ch\/fr\/wp-json\/wp\/v2\/product_brand?post=232780"},{"taxonomy":"product_cat","embeddable":true,"href":"https:\/\/occasions-teile.ch\/fr\/wp-json\/wp\/v2\/product_cat?post=232780"},{"taxonomy":"product_tag","embeddable":true,"href":"https:\/\/occasions-teile.ch\/fr\/wp-json\/wp\/v2\/product_tag?post=232780"}],"curies":[{"name":"wp","href":"https:\/\/api.w.org\/{rel}","templated":true}]}}