{"id":22963,"date":"2023-05-02T10:55:25","date_gmt":"2023-05-02T10:55:25","guid":{"rendered":"https:\/\/occasions-teile.ch\/product\/subaru-xv-alufelgen-felgensatz-3\/"},"modified":"2024-09-10T06:19:17","modified_gmt":"2024-09-10T06:19:17","slug":"subaru-xv-alufelgen-felgensatz-3","status":"publish","type":"product","link":"https:\/\/occasions-teile.ch\/fr\/produkt\/subaru-xv-alufelgen-felgensatz-3\/","title":{"rendered":"Subaru XV  Alufelgen Felgensatz"},"content":{"rendered":"<p><span><b>Technische Daten<\/b><\/p>\n<p> Fahrzeug: Subaru XV<br \/>\n Chassis Nr.: JF1GP7LA3DG060817<br \/>\n Baujahr: 2013<br \/>\n Kilometer: 135080 KM<br \/>\n Leistung: 150 KW<br \/>\n Hubraum: 1995 ccm<br \/>\n Typ: 1SC746<br \/>\n Farbcode: &#8211;<br \/>\n Hinweise: 17&#215;7  48DOT<br \/>\n2x am Lager<\/p>\n<p> Versand: Versand nur in der Schweiz m\u00f6glich.Im Ausland ist der Transport k\u00e4uferseits.<br \/>\n Garantie: 3 Monate Garantie. Bitte beachten Sie, dass die Gew\u00e4hrleistung nur g\u00fcltig ist, wenn der Ersatzteileinbau durch eine Fachwerkstatt\/Meisterwerkstatt erfolgt. Das Ein- und Ausbau des Ersatzteiles kann nicht an uns verrechnet werden. <\/p>\n<p> Ersatzteil: f\u00fcr andere Fahrzeugen (Marken) verf\u00fcgbar auf anfrage. Tel.041 980 27 47. Mobil. 076 589 27 47<\/p>\n<p> Kontakt<br \/>\n  Adresse: Autoverwertung Brun AG<br \/>\n           M\u00f6\u00f6slimatten 13<br \/>\n           6218 Ettiswil<br \/>\n  Telefon: 0041 (041) 980 27 47<br \/>\n  Telefax: 0041 (041) 980 03 47<\/p>\n<p> Wir bieten Ihnen weitere gebrauchte Autoteile zum Kauf an.<br \/>\n<\/span><\/p>\n","protected":false},"excerpt":{"rendered":"<p>Technische Daten Fahrzeug: Subaru XV Chassis Nr.: JF1GP7LA3DG060817 Baujahr: 2013 Kilometer: 135080 KM Leistung: 150 KW Hubraum: 1995 ccm Typ: 1SC746 Farbcode: &#8211; Hinweise: 17&#215;7 48DOT 2x am Lager Versand: Versand nur in der Schweiz m\u00f6glich.Im Ausland ist der Transport k\u00e4uferseits. Garantie: 3 Monate Garantie. Bitte beachten Sie, dass die Gew\u00e4hrleistung nur g\u00fcltig ist, wenn&hellip; <a class=\"more-link\" href=\"https:\/\/occasions-teile.ch\/fr\/produkt\/subaru-xv-alufelgen-felgensatz-3\/\">Poursuivre la lecture <span class=\"screen-reader-text\">Subaru XV  Alufelgen Felgensatz<\/span><\/a><\/p>\n","protected":false},"featured_media":22951,"template":"","meta":[],"product_brand":[],"product_cat":[23863,1176,1175,1198,550,1199,1200],"product_tag":[],"class_list":{"0":"post-22963","1":"product","2":"type-product","3":"status-publish","4":"has-post-thumbnail","6":"product_cat-de-2-0-swiss-one-de_xv-de_subaru-manufacturer-27","7":"product_cat-de-alufelgen-felgensatz","8":"product_cat-de-felgensatz","9":"product_cat-de-jf1gp7la3dg060817","10":"product_cat-de-raeder-reifen-felgen","11":"product_cat-de_subaru","12":"product_cat-de_xv","13":"product_shipping_class-tarif-1","14":"entry","16":"first","17":"instock","18":"taxable","19":"shipping-taxable","20":"purchasable","21":"product-type-simple"},"jetpack_sharing_enabled":true,"_links":{"self":[{"href":"https:\/\/occasions-teile.ch\/fr\/wp-json\/wp\/v2\/product\/22963","targetHints":{"allow":["GET"]}}],"collection":[{"href":"https:\/\/occasions-teile.ch\/fr\/wp-json\/wp\/v2\/product"}],"about":[{"href":"https:\/\/occasions-teile.ch\/fr\/wp-json\/wp\/v2\/types\/product"}],"wp:featuredmedia":[{"embeddable":true,"href":"https:\/\/occasions-teile.ch\/fr\/wp-json\/wp\/v2\/media\/22951"}],"wp:attachment":[{"href":"https:\/\/occasions-teile.ch\/fr\/wp-json\/wp\/v2\/media?parent=22963"}],"wp:term":[{"taxonomy":"product_brand","embeddable":true,"href":"https:\/\/occasions-teile.ch\/fr\/wp-json\/wp\/v2\/product_brand?post=22963"},{"taxonomy":"product_cat","embeddable":true,"href":"https:\/\/occasions-teile.ch\/fr\/wp-json\/wp\/v2\/product_cat?post=22963"},{"taxonomy":"product_tag","embeddable":true,"href":"https:\/\/occasions-teile.ch\/fr\/wp-json\/wp\/v2\/product_tag?post=22963"}],"curies":[{"name":"wp","href":"https:\/\/api.w.org\/{rel}","templated":true}]}}